{"id":587,"date":"2021-05-27T09:45:31","date_gmt":"2021-05-27T09:45:31","guid":{"rendered":"http:\/\/celther.home.pl\/wwwcelther\/index.php\/produkt\/shecell-innovation-lab-serum\/"},"modified":"2021-07-22T09:34:49","modified_gmt":"2021-07-22T09:34:49","slug":"shecell-innovation-lab-serum","status":"publish","type":"product","link":"https:\/\/celther.com\/index.php\/produkt\/shecell-innovation-lab-serum\/","title":{"rendered":"SHECELL innovation lab serum"},"content":{"rendered":"<p><!--StartFragment--><strong>Producent: <\/strong>Celther Polska Sp. z o.o.<strong><br \/>\nPojemno\u015b\u0107: <\/strong>30 ml<\/p>\n<p><strong>GLOW-UP booster<br \/>\nLinia: LIVING IN THE CITY<\/strong><\/p>\n<p>Serum liftinguj\u0105co-przeciwzmarszczkowe<\/p>\n<p>#\u017cyciewmiescie #tarczaochronna #uj\u0119drnienie #liftup #odbudowask\u00f3ry #sk\u00f3rape\u0142nablasku<\/p>\n<p>\u017byjesz w wielkim mie\u015bcie i w zgodzie z jego szybkim rytmem, jednak w tym rytmie jest coraz mniej czasu dla Ciebie i Twojej sk\u00f3ry. Czujesz, \u017ce potrzebujesz natychmiastowej regeneracji? Serum SHECELL innovation lab to koncentrat uj\u0119drniaj\u0105cy stworzony dla kobiet wymagaj\u0105cych, kt\u00f3re pragn\u0105 przeciwdzia\u0142a\u0107 procesom starzenia si\u0119 sk\u00f3ry skutecznie i natychmiastowo.<\/p>\n<p>Innowacyjna formu\u0142a <strong>MARINE FILLING SPHERES\u2122 <\/strong>na bazie mikrosfer kolagenu wnika w g\u0142\u0105b sk\u00f3ry, gdzie ulega hydratacji zwi\u0119kszaj\u0105c swoj\u0105 obj\u0119to\u015b\u0107 przez co efektywnie wypycha zmarszczki od wewn\u0105trz. Zawarty w serum <strong>LIFTONIN\u00ae-XPRESS zwi\u0119ksza j\u0119drno\u015b\u0107 i elastyczno\u015b\u0107 sk\u00f3ry widocznie wyg\u0142adzaj\u0105c zmarszczki.<\/strong> Opatentowany <strong>biopolimer DIBUSHIELD PRO-HEAL\u2122 <\/strong>tworzy na powierzchni sk\u00f3ry siateczk\u0119 3D zabezpieczaj\u0105ca przed niekorzystnymi czynnikami \u015brodowiska takimi jak wolne rodniki, smog, promieniowanie UV, chroni\u0105c sk\u00f3r\u0119 i spowalniaj\u0105c procesy starzenia.<\/p>\n<p><strong>Efekt dla Ciebie:<\/strong> j\u0119drna, witalna i chroniona sk\u00f3ra w stylu glow.<\/p>\n<p><strong>Spos\u00f3b u\u017cycia:<\/strong> Serum nanie\u015b\u0107 na oczyszczon\u0105 sk\u00f3r\u0119 twarzy, szyi i dekoltu. Delikatnie wmasowa\u0107. Stosowa\u0107 rano i wieczorem.<\/p>\n<p><strong>Sk\u0142ad: <\/strong>Aqua (Water), Isohexadecane, Caprylyl Methicone, PEG-12 Dimethicone\/PPG-20 Crosspolymer, Glycerin, Cetearyl Alcohol, Cetyl Palmitate, Sorbitan Palmitate, Sorbitan Oleate, Caprylic\/Capric Triglyceride, Isopropyl Myristate, Palmitoyl Tripeptide-5, Butylene Glycol, Cetearyl Olivate, Sorbitan Olivate, Lauryl Olivate, Hydroxypropyl Methylcellulose, Pullulan, Porphyridium Cruentum Extract, Polymethylsilsesquioxane, Phenoxyethanol, Ethylhexylglycerin, Pentaerythrityl Tetraisostearate, Silica Dimethyl Silylate, Pentylene Glycol, Sodium Chondroitin Sulfate, Atelocollagen, Allantoin, Chitin Dibutanoate, Hydroxyethyl Acrylate\/Sodium Acryloyldimethyl Taurate Copolymer, Tocopherol, Beta-Sitosterol, Ascorbyl Palmitate, Lecithin, Propylene Glycol, Hydrogenated Vegetable Glycerides Citrate, Disodium EDTA, Parfum (Fragrance).<\/p>\n","protected":false},"excerpt":{"rendered":"<p>Producent: Celther Polska Sp. z o.o. Pojemno\u015b\u0107: 30 ml GLOW-UP booster Linia: LIVING IN THE CITY Serum liftinguj\u0105co-przeciwzmarszczkowe #\u017cyciewmiescie #tarczaochronna #uj\u0119drnienie #liftup #odbudowask\u00f3ry #sk\u00f3rape\u0142nablasku \u017byjesz w wielkim mie\u015bcie i w zgodzie z jego szybkim rytmem, jednak w tym rytmie jest coraz mniej czasu dla Ciebie i Twojej sk\u00f3ry. Czujesz, \u017ce potrzebujesz natychmiastowej regeneracji? Serum SHECELL &hellip;<\/p>\n<p class=\"read-more\"> <a class=\"\" href=\"https:\/\/celther.com\/index.php\/produkt\/shecell-innovation-lab-serum\/\"> <span class=\"screen-reader-text\">SHECELL innovation lab serum<\/span> Read More &raquo;<\/a><\/p>\n","protected":false},"featured_media":586,"template":"","meta":[],"product_cat":[21],"product_tag":[],"_links":{"self":[{"href":"https:\/\/celther.com\/index.php\/wp-json\/wp\/v2\/product\/587"}],"collection":[{"href":"https:\/\/celther.com\/index.php\/wp-json\/wp\/v2\/product"}],"about":[{"href":"https:\/\/celther.com\/index.php\/wp-json\/wp\/v2\/types\/product"}],"version-history":[{"count":0,"href":"https:\/\/celther.com\/index.php\/wp-json\/wp\/v2\/product\/587\/revisions"}],"wp:featuredmedia":[{"embeddable":true,"href":"https:\/\/celther.com\/index.php\/wp-json\/wp\/v2\/media\/586"}],"wp:attachment":[{"href":"https:\/\/celther.com\/index.php\/wp-json\/wp\/v2\/media?parent=587"}],"wp:term":[{"taxonomy":"product_cat","embeddable":true,"href":"https:\/\/celther.com\/index.php\/wp-json\/wp\/v2\/product_cat?post=587"},{"taxonomy":"product_tag","embeddable":true,"href":"https:\/\/celther.com\/index.php\/wp-json\/wp\/v2\/product_tag?post=587"}],"curies":[{"name":"wp","href":"https:\/\/api.w.org\/{rel}","templated":true}]}}