{"id":585,"date":"2021-05-27T09:45:30","date_gmt":"2021-05-27T09:45:30","guid":{"rendered":"http:\/\/celther.home.pl\/wwwcelther\/index.php\/produkt\/shecell-dermatologic-plyn-micelarny\/"},"modified":"2021-09-30T09:16:15","modified_gmt":"2021-09-30T09:16:15","slug":"shecell-dermatologic-plyn-micelarny","status":"publish","type":"product","link":"https:\/\/celther.com\/index.php\/produkt\/shecell-dermatologic-plyn-micelarny\/","title":{"rendered":"SHECELL dermatologic P\u0142yn Micelarny"},"content":{"rendered":"<p><!--StartFragment--><strong>Dystrybutor: Przedsi\u0119biorstwo Farmaceutyczne LEK-AM SP.Z O.O<br \/>\nPojemno\u015b\u0107: 200 ml<\/strong><\/p>\n<p><strong>NATURAL LOOK booster ultra-oczyszczaj\u0105cy\u2122<br \/>\nLinia: KOBIETA W MIE\u015aCIE<\/strong><\/p>\n<p>Ultra-oczyszczaj\u0105cy p\u0142yn micelarny do sk\u00f3ry wra\u017cliwej<!--EndFragment--><\/p>\n<p>#\u017cyciewmie\u015bcie #ultraoczyszczanie #sk\u00f3rasucha #sk\u00f3rawra\u017cliwa #sk\u00f3rawok\u00f3\u0142oczu<\/p>\n<p>Miasto nigdy nie \u015bpi, wi\u0119c i nasza sk\u00f3ra nie mo\u017ce pozwoli\u0107 sobie na odpoczynek bez odpowiedniego demakija\u017cu. Oczyszczaj\u0105ca delikatna formu\u0142a p\u0142ynu micelarnego utrzymuje efekt ultra-oczyszczenia bez podra\u017cnie\u0144 sk\u00f3ry wra\u017cliwej.<\/p>\n<p><strong>Dla kogo jest ten produkt? <\/strong>Dla sk\u00f3ry zm\u0119czonej, wra\u017cliwej podatnej na stres. Spragnionej natychmiastowego nawil\u017cenia i czysto\u015bci sk\u00f3ry.<\/p>\n<p>Kosmetyk dla sk\u00f3ry wra\u017cliwej wymagaj\u0105cej specjalistycznej piel\u0119gnacji, kt\u00f3ry dostosowuje si\u0119 do Twojego miejskiego stylu \u017cycia. Innowacyjna formu\u0142a <strong>Micellar Solutions <\/strong>wzbogacona w kompleksy ro\u015blinne, \u0142agodzi a tak\u017ce wzmacnia mechanizmy obronne wra\u017cliwej sk\u00f3ry. P\u0142yn dok\u0142adnie usuwa zanieczyszczenia, makija\u017c oraz przywraca naturalne PH aby Twoja sk\u00f3ra l\u015bni\u0142a czysto\u015bci\u0105.<\/p>\n<p><strong>Efekt dla Ciebie:<\/strong><br \/>\nultra-oczyszczona sk\u00f3ra- gotowa na przyj\u0119cie kremu.<\/p>\n<p><strong>Spos\u00f3b u\u017cycia:<\/strong> Nas\u0105czony niewielk\u0105 ilo\u015bci\u0105 p\u0142ynu wacikiem zmy\u0107 makija\u017c twarzy, oczu, szyi i dekoltu. Czynno\u015b\u0107 nale\u017cy powtarza\u0107, a\u017c wacik b\u0119dzie czysty. Nie wymaga sp\u0142ukiwania wod\u0105.<\/p>\n<p><strong>Sk\u0142ad: <\/strong>Aqua, Poloxamer 184, PEG-60 Almond Glycerides, Glycerin, Phenoxyethanol, Panthenol, PEG-8, Caprylyl Glycol, Helianthus Annuus Seed Extract, PPG-1-PEG-9 Lauryl Glycol Ether, Butylene Glycol, Hedera Helix Leaf\/Stem Extract, Phytic Acid, Sodium Polyacrylate, Ethylhexylglycerin, Disodium EDTA, Allantoin, Triethanolamine.<\/p>\n","protected":false},"excerpt":{"rendered":"<p>Dystrybutor: Przedsi\u0119biorstwo Farmaceutyczne LEK-AM SP.Z O.O Pojemno\u015b\u0107: 200 ml NATURAL LOOK booster ultra-oczyszczaj\u0105cy\u2122 Linia: KOBIETA W MIE\u015aCIE Ultra-oczyszczaj\u0105cy p\u0142yn micelarny do sk\u00f3ry wra\u017cliwej #\u017cyciewmie\u015bcie #ultraoczyszczanie #sk\u00f3rasucha #sk\u00f3rawra\u017cliwa #sk\u00f3rawok\u00f3\u0142oczu Miasto nigdy nie \u015bpi, wi\u0119c i nasza sk\u00f3ra nie mo\u017ce pozwoli\u0107 sobie na odpoczynek bez odpowiedniego demakija\u017cu. Oczyszczaj\u0105ca delikatna formu\u0142a p\u0142ynu micelarnego utrzymuje efekt ultra-oczyszczenia bez podra\u017cnie\u0144 &hellip;<\/p>\n<p class=\"read-more\"> <a class=\"\" href=\"https:\/\/celther.com\/index.php\/produkt\/shecell-dermatologic-plyn-micelarny\/\"> <span class=\"screen-reader-text\">SHECELL dermatologic P\u0142yn Micelarny<\/span> Read More &raquo;<\/a><\/p>\n","protected":false},"featured_media":584,"template":"","meta":[],"product_cat":[44],"product_tag":[],"_links":{"self":[{"href":"https:\/\/celther.com\/index.php\/wp-json\/wp\/v2\/product\/585"}],"collection":[{"href":"https:\/\/celther.com\/index.php\/wp-json\/wp\/v2\/product"}],"about":[{"href":"https:\/\/celther.com\/index.php\/wp-json\/wp\/v2\/types\/product"}],"version-history":[{"count":0,"href":"https:\/\/celther.com\/index.php\/wp-json\/wp\/v2\/product\/585\/revisions"}],"wp:featuredmedia":[{"embeddable":true,"href":"https:\/\/celther.com\/index.php\/wp-json\/wp\/v2\/media\/584"}],"wp:attachment":[{"href":"https:\/\/celther.com\/index.php\/wp-json\/wp\/v2\/media?parent=585"}],"wp:term":[{"taxonomy":"product_cat","embeddable":true,"href":"https:\/\/celther.com\/index.php\/wp-json\/wp\/v2\/product_cat?post=585"},{"taxonomy":"product_tag","embeddable":true,"href":"https:\/\/celther.com\/index.php\/wp-json\/wp\/v2\/product_tag?post=585"}],"curies":[{"name":"wp","href":"https:\/\/api.w.org\/{rel}","templated":true}]}}