{"id":523,"date":"2021-05-27T09:44:40","date_gmt":"2021-05-27T09:44:40","guid":{"rendered":"http:\/\/celther.home.pl\/wwwcelther\/index.php\/produkt\/cudocell-max-technologia-dbc-80g\/"},"modified":"2021-07-22T09:28:25","modified_gmt":"2021-07-22T09:28:25","slug":"cudocell-max-technologia-dbc-80g","status":"publish","type":"product","link":"https:\/\/celther.com\/index.php\/produkt\/cudocell-max-technologia-dbc-80g\/","title":{"rendered":"Cudocell Max Technologia DBC 80g"},"content":{"rendered":"<p><strong>Ochronno-regeneruj\u0105cy komponent biopolimer DIBUSHIELD PRO-HEAL\u2122 w codziennej piel\u0119gnacji sk\u00f3ry malucha<br \/>\n<\/strong><\/p>\n<p><strong>Dystrybutor: Przedsi\u0119biorstwo Farmaceutyczne LEK-AM Sp. z o.o.<br \/>\nSPECJALISTYCZNA PIEL\u0118GNACJA SK\u00d3RY DZIECKA<\/strong><\/p>\n<p>#sk\u00f3radziecka #traczaochronna #peil\u0119gnacjask\u00f3ry #dziecko #nawil\u017cenie #regeneracja #AZS #piel\u0119gnuj\u0119bokocham #pieluszkowezapalenieskory #podraznienia #zaczerwienia<\/p>\n<p>Dla kogo jest ten produkt?<br \/>\nDla mam dbaj\u0105cych o wra\u017cliw\u0105 sk\u00f3r\u0119 swoich dzieci podczas codziennego rytua\u0142u piel\u0119gnacyjnego.<\/p>\n<p>Szczeg\u00f3lnie polecany do piel\u0119gnacji sk\u00f3ry w AZS, pieluszkowym zapaleniu sk\u00f3ry, czy podra\u017cnieniach sk\u00f3ry dziecka.<\/p>\n<p>Pozw\u00f3l, aby delikatna sk\u00f3ra Twojego maluszka by\u0142a chroniona i prawid\u0142owo piel\u0119gnowana ka\u017cdego dnia. Krem CUDOCELL MAX zawiera a\u017c 8 sk\u0142adnik\u00f3w aktywnych do piel\u0119gnacji sk\u00f3ry wra\u017cliwej. Zawarty w otulaj\u0105cym kremie biopolimer DIBUSHEILD PRO-HEAL\u2122 (DBC) pe\u0142ni rol\u0119 tarczy ochronnej zabezpieczaj\u0105c oraz wspieraj\u0105c naturaln\u0105 regeneracj\u0119 wra\u017cliwej sk\u00f3ry Twojego dziecka poprzez tkank\u0119 ziarninuj\u0105c\u0105 oraz dzia\u0142anie glikoaminoglikan\u00f3w. Tlenek cynku Wykazuje piel\u0119gnacyjne dzia\u0142anie \u015bci\u0105gaj\u0105ce i tworzy barier\u0119 ochronn\u0105 na sk\u00f3rze &#8211; delikatnie piel\u0119gnuj\u0105c sk\u00f3r\u0119 maluszka w przypadku stan\u00f3w zapalnych<\/p>\n<p>Efekt dla sk\u00f3ry Twojego Dziecka:<br \/>\nSpecjalistycznie zadbana sk\u00f3ra dziecka \u2013 gotowa na ca\u0142uski.<\/p>\n<p>Spos\u00f3b u\u017cycia:<br \/>\nCienk\u0105 warstw\u0119 kremu nanie\u015b\u0107 na such\u0105 i czysta sk\u00f3r\u0119.<\/p>\n<p>Sk\u0142ad:<br \/>\nAqua (Water), Zinc Oxide, Olus Oil, Caprylic\/Capric Triglyceride, Isopropyl Palmitate, Glycerin, Propylene Glycol, Polyglyceryl-3 Diisostearate, Lanolin, Cera Microcristallina, Hydrogenated Castor Oil, PEG-30 Dipolyhydroxystearate, Isostearic Acid, Beta Glucan, Panthenol, Allantoin, Linoleic Acid, Linolenic Acid, Tocopherol, Chitin Dibutanoate, Magnesium Sulfate, Hydroxyacetophenone, Polysorbate 20, Gluconolactone, Sodium Benzoate, Calcium Gluconate.<\/p>\n<figure><\/figure>\n<p><strong>\u00a0<\/strong><\/p>\n<p><!--EndFragment--><\/p>\n","protected":false},"excerpt":{"rendered":"<p>Ochronno-regeneruj\u0105cy komponent biopolimer DIBUSHIELD PRO-HEAL\u2122 w codziennej piel\u0119gnacji sk\u00f3ry malucha Dystrybutor: Przedsi\u0119biorstwo Farmaceutyczne LEK-AM Sp. z o.o. SPECJALISTYCZNA PIEL\u0118GNACJA SK\u00d3RY DZIECKA #sk\u00f3radziecka #traczaochronna #peil\u0119gnacjask\u00f3ry #dziecko #nawil\u017cenie #regeneracja #AZS #piel\u0119gnuj\u0119bokocham #pieluszkowezapalenieskory #podraznienia #zaczerwienia Dla kogo jest ten produkt? Dla mam dbaj\u0105cych o wra\u017cliw\u0105 sk\u00f3r\u0119 swoich dzieci podczas codziennego rytua\u0142u piel\u0119gnacyjnego. Szczeg\u00f3lnie polecany do piel\u0119gnacji sk\u00f3ry w &hellip;<\/p>\n<p class=\"read-more\"> <a class=\"\" href=\"https:\/\/celther.com\/index.php\/produkt\/cudocell-max-technologia-dbc-80g\/\"> <span class=\"screen-reader-text\">Cudocell Max Technologia DBC 80g<\/span> Read More &raquo;<\/a><\/p>\n","protected":false},"featured_media":522,"template":"","meta":[],"product_cat":[42],"product_tag":[],"_links":{"self":[{"href":"https:\/\/celther.com\/index.php\/wp-json\/wp\/v2\/product\/523"}],"collection":[{"href":"https:\/\/celther.com\/index.php\/wp-json\/wp\/v2\/product"}],"about":[{"href":"https:\/\/celther.com\/index.php\/wp-json\/wp\/v2\/types\/product"}],"version-history":[{"count":0,"href":"https:\/\/celther.com\/index.php\/wp-json\/wp\/v2\/product\/523\/revisions"}],"wp:featuredmedia":[{"embeddable":true,"href":"https:\/\/celther.com\/index.php\/wp-json\/wp\/v2\/media\/522"}],"wp:attachment":[{"href":"https:\/\/celther.com\/index.php\/wp-json\/wp\/v2\/media?parent=523"}],"wp:term":[{"taxonomy":"product_cat","embeddable":true,"href":"https:\/\/celther.com\/index.php\/wp-json\/wp\/v2\/product_cat?post=523"},{"taxonomy":"product_tag","embeddable":true,"href":"https:\/\/celther.com\/index.php\/wp-json\/wp\/v2\/product_tag?post=523"}],"curies":[{"name":"wp","href":"https:\/\/api.w.org\/{rel}","templated":true}]}}