{"id":496,"date":"2021-05-25T11:01:51","date_gmt":"2021-05-25T11:01:51","guid":{"rendered":"http:\/\/celther.home.pl\/wwwcelther\/index.php\/produkt\/shecell-innovation-lab-60-krem-na-noc\/"},"modified":"2021-07-22T09:34:28","modified_gmt":"2021-07-22T09:34:28","slug":"shecell-innovation-lab-60-krem-na-noc","status":"publish","type":"product","link":"https:\/\/celther.com\/index.php\/produkt\/shecell-innovation-lab-60-krem-na-noc\/","title":{"rendered":"Shecell innovation lab 60+ krem na noc"},"content":{"rendered":"<p><strong><!--StartFragment--><strong>Producent: <\/strong><\/strong>Celther Polska Sp. z o.o.<strong><strong><br \/>\nPojemno\u015b\u0107: <\/strong><\/strong>50 ml<strong><strong><!--EndFragment--><\/strong><\/strong><\/p>\n<p><strong>GLOW booster regeneruj\u0105co-odm\u0142adzaj\u0105cy<br \/>\nLinia: LIVING IN THE CITY<\/strong><\/p>\n<p>Regeneruj\u0105co-odm\u0142adzaj\u0105cy krem na noc<\/p>\n<p>#\u017cyciewmiescie #tarczaochronna #uj\u0119drnienie #liftup #odbudowask\u00f3ry #sk\u00f3rape\u0142nablasku<\/p>\n<p>Ka\u017cdego dnia czujesz, \u017ce masz coraz wi\u0119cej czasu dla siebie, kt\u00f3ry chcesz po\u015bwi\u0119ci\u0107 na prawid\u0142owe rytua\u0142y pi\u0119kna. SHECELL innovation lab 60+ na noc to booster regeneruj\u0105co-odm\u0142adzaj\u0105cy anti-aging stworzony dla kobiet wymagaj\u0105cych, kt\u00f3re pragn\u0105 regenerowa\u0107 sk\u00f3r\u0119 podczas snu.<\/p>\n<p><strong>Dla kogo jest ten produkt?<\/strong> Dla sk\u00f3ry dojrza\u0142ej, kt\u00f3ra zmaga si\u0119 z barkiem j\u0119drno\u015bci, witalno\u015bci i blasku. Spragnionej natychmiastowego dzia\u0142ania anti-aging.<\/p>\n<p>Innowacyjna formu\u0142a <strong>MARINE FILLING SPHERES<\/strong><strong>\u2122 <\/strong>na bazie mikrosfer kolagenu wnika w g\u0142\u0105b sk\u00f3ry, gdzie ulega hydratacji zwi\u0119kszaj\u0105c swoj\u0105 obj\u0119to\u015b\u0107 przez co efektywnie wypycha zmarszczki i bruzdy od wewn\u0105trz. Zawarty w kremie <strong>SNOW ALGAE POWDER <\/strong>chroni i aktywuje gen przed\u0142u\u017caj\u0105cy m\u0142odo\u015b\u0107 kom\u00f3rek sk\u00f3ry. Zwi\u0119ksza syntez\u0119 kolagenu typu II i III redukuj\u0105c efekt starzenia si\u0119 sk\u00f3ry na poziomie kom\u00f3rkowym wyg\u0142adzaj\u0105c zmarszczki. Otulaj\u0105cy krem zawiera <strong>Olej Abisy\u0144ski<\/strong>, kt\u00f3ry dodatkowo nawil\u017ca i regeneruje sk\u00f3r\u0119 twarzy. Opatentowany <strong>biopolimer DIBUSHIELD PRO-HEAL<\/strong><strong>\u2122<\/strong> tworzy na powierzchni sk\u00f3ry siateczk\u0119 3D zabezpieczaj\u0105ca przed niekorzystnymi czynnikami \u015brodowiska takimi jak wolne rodniki, smog, promieniowanie UV, chroni\u0105c sk\u00f3r\u0119 i spowalniaj\u0105c procesy starzenia.<\/p>\n<p><strong>Efekt dla Ciebie<\/strong>: j\u0119drna, witalna i chroniona sk\u00f3ra \u2013 gotowa na komplementy<\/p>\n<p><strong>Spos\u00f3b u\u017cycia<\/strong>: Krem nanie\u015b\u0107 na oczyszczon\u0105 sk\u00f3r\u0119 twarzy, szyi i dekoltu. Delikatnie wmasowa\u0107. Stosowa\u0107 codziennie wieczorem.<\/p>\n<p><strong>Sk\u0142ad:<\/strong> Aqua (Water), Caprylic\/Capric Triglyceride, Crambe Abyssinica (Abyssinian) Seed Oil, Glycerin, Cetearyl Olivate, Sorbitan Olivate, Ethylhexyl Olivate, Octylododecanol, Cetearyl Alcohol, Cetyl Palmitate, Sorbitan Palmitate, Sorbitan Oleate, Butylene Glycol, Squalane, Isopropyl Myristate, Butyrospermum Parkii (Shea) Butter, Coenochloris Signiensis Extract, Maltodextrin, Lecithin, Pentaerythrityl Distearate, Phenoxyethanol, Ethylhexylglycerin, Pentaerythrityl Tetraisostearate, Silica Dimethyl Silylate, Pentylene Glycol, Sodium Chondroitin Sulfate, Atelocollagen, Tocopheryl Acetate, Allantoin, Chitin Dibutanoate, Hydroxyethyl Acrylate\/Sodium Acryloyldimethyl Taurate Copolymer, Tocopherol, Beta-Sitosterol, Ascorbyl Palmitate, Propylene Glycol, Hydrogenated Vegetable Glycerides Citrate, Disodium EDTA, Parfum (Fragrance).<\/p>\n<p>&nbsp;<\/p>\n<p>&nbsp;<\/p>\n","protected":false},"excerpt":{"rendered":"<p>Producent: Celther Polska Sp. z o.o. Pojemno\u015b\u0107: 50 ml GLOW booster regeneruj\u0105co-odm\u0142adzaj\u0105cy Linia: LIVING IN THE CITY Regeneruj\u0105co-odm\u0142adzaj\u0105cy krem na noc #\u017cyciewmiescie #tarczaochronna #uj\u0119drnienie #liftup #odbudowask\u00f3ry #sk\u00f3rape\u0142nablasku Ka\u017cdego dnia czujesz, \u017ce masz coraz wi\u0119cej czasu dla siebie, kt\u00f3ry chcesz po\u015bwi\u0119ci\u0107 na prawid\u0142owe rytua\u0142y pi\u0119kna. SHECELL innovation lab 60+ na noc to booster regeneruj\u0105co-odm\u0142adzaj\u0105cy anti-aging stworzony &hellip;<\/p>\n<p class=\"read-more\"> <a class=\"\" href=\"https:\/\/celther.com\/index.php\/produkt\/shecell-innovation-lab-60-krem-na-noc\/\"> <span class=\"screen-reader-text\">Shecell innovation lab 60+ krem na noc<\/span> Read More &raquo;<\/a><\/p>\n","protected":false},"featured_media":1062,"template":"","meta":[],"product_cat":[21],"product_tag":[],"_links":{"self":[{"href":"https:\/\/celther.com\/index.php\/wp-json\/wp\/v2\/product\/496"}],"collection":[{"href":"https:\/\/celther.com\/index.php\/wp-json\/wp\/v2\/product"}],"about":[{"href":"https:\/\/celther.com\/index.php\/wp-json\/wp\/v2\/types\/product"}],"version-history":[{"count":0,"href":"https:\/\/celther.com\/index.php\/wp-json\/wp\/v2\/product\/496\/revisions"}],"wp:featuredmedia":[{"embeddable":true,"href":"https:\/\/celther.com\/index.php\/wp-json\/wp\/v2\/media\/1062"}],"wp:attachment":[{"href":"https:\/\/celther.com\/index.php\/wp-json\/wp\/v2\/media?parent=496"}],"wp:term":[{"taxonomy":"product_cat","embeddable":true,"href":"https:\/\/celther.com\/index.php\/wp-json\/wp\/v2\/product_cat?post=496"},{"taxonomy":"product_tag","embeddable":true,"href":"https:\/\/celther.com\/index.php\/wp-json\/wp\/v2\/product_tag?post=496"}],"curies":[{"name":"wp","href":"https:\/\/api.w.org\/{rel}","templated":true}]}}