{"id":494,"date":"2021-05-25T11:01:51","date_gmt":"2021-05-25T11:01:51","guid":{"rendered":"http:\/\/celther.home.pl\/wwwcelther\/index.php\/produkt\/shecell-innovation-lab-40-krem-na-noc\/"},"modified":"2021-07-22T09:33:37","modified_gmt":"2021-07-22T09:33:37","slug":"shecell-innovation-lab-40-krem-na-noc","status":"publish","type":"product","link":"https:\/\/celther.com\/index.php\/produkt\/shecell-innovation-lab-40-krem-na-noc\/","title":{"rendered":"Shecell innovation lab 40+ krem na noc"},"content":{"rendered":"<p><strong><!--StartFragment--><strong>Producent: <\/strong><\/strong>Celther Polska Sp. z o.o.<strong><strong><br \/>\nPojemno\u015b\u0107: <\/strong><\/strong>50 ml<strong><strong><!--EndFragment--><\/strong><\/strong><\/p>\n<p><strong>LIFT-UP reduktor uj\u0119drniaj\u0105co-regeneruj\u0105cy<br \/>\nLinia: LIVING IN THE CITY<\/strong><\/p>\n<p>Uj\u0119drniaj\u0105co-regeneruj\u0105cy krem na noc<\/p>\n<p>#\u017cyciewmiescie #tarczaochronna #uj\u0119drnienie #liftup #regeneracja #poczterdziesctce #reduktorzmarszczek<\/p>\n<p>\u017byjesz w wielkim mie\u015bcie i w zgodzie z jego szybkim rytmem, jednak w tym rytmie jest coraz mniej czasu dla Ciebie i Twojej sk\u00f3ry. SHECELL innovation lab 40+ na noc to reduktor anti-aging stworzony dla kobiet wymagaj\u0105cych, kt\u00f3re pragn\u0105 przeciwdzia\u0142a\u0107 procesom starzenia si\u0119 sk\u00f3ry.<\/p>\n<p><strong>Dla kogo jest ten produkt?<\/strong> Dla sk\u00f3ry zm\u0119czonej, kt\u00f3ra zmaga si\u0119 z barkiem j\u0119drno\u015bci i elastyczno\u015bci. Spragnionej natychmiastowego dzia\u0142ania anti-aging.<\/p>\n<p>Otulaj\u0105cy krem SHECELL dostosowuje si\u0119 do Twojego miejskiego stylu \u017cycia. Innowacyjna formu\u0142a <strong>MARINE FILLING SPHERES<\/strong><strong>\u2122 <\/strong>na bazie mikrosfer kolagenu wnika w g\u0142\u0105b sk\u00f3ry, gdzie ulega hydratacji zwi\u0119kszaj\u0105c swoj\u0105 obj\u0119to\u015b\u0107 przez co efektywnie wypycha zmarszczki od wewn\u0105trz. Doskonale wyg\u0142adza i nawil\u017ca sk\u00f3r\u0119. Zawarty w kremie <strong>COLLA-GAIN\u2122<\/strong> stymuluje syntez\u0119 kolagenu oraz hamuje jego rozk\u0142ad zwi\u0119kszaj\u0105c j\u0119drno\u015b\u0107 i elastyczno\u015b\u0107. Opatentowany <strong>biopolimer<\/strong><br \/>\n<strong>DIBUSHIELD PRO-HEAL<\/strong><strong>\u2122<\/strong> tworzy na powierzchni sk\u00f3ry siateczk\u0119 3D zabezpieczaj\u0105ca przed niekorzystnymi czynnikami \u015brodowiska takimi jak wolne rodniki, smog, promieniowanie UV, chroni\u0105c sk\u00f3r\u0119 i spowalniaj\u0105c procesy starzenia.<\/p>\n<p><strong>Efekt dla Ciebie<\/strong>: ultraj\u0119drna, elastyczna i chroniona sk\u00f3ra \u2013 przyci\u0105gaj\u0105ca spojrzenia.<\/p>\n<p><strong>Spos\u00f3b u\u017cycia<\/strong>: Krem nanie\u015b\u0107 na oczyszczon\u0105 sk\u00f3r\u0119 twarzy, szyi i dekoltu. Delikatnie wmasowa\u0107. Stosowa\u0107 codziennie wieczorem.<\/p>\n<p><strong>Sk\u0142ad: <\/strong>Aqua (Water), Caprylic\/Capric Triglyceride, Limnanthes Alba (Meadowfoam) Seed Oil, Glycerin, Cetearyl Olivate, Sorbitan Olivate, Lauryl Olivate, Cetearyl Alcohol, Cetyl Palmitate, Sorbitan Palmitate, Sorbitan Oleate, Butylene Glycol, Squalane, Octylododecanol, Isopropyl Myristate, Butyrospermum Parkii (Shea) Butter, Pentaerythrityl Distearate, Maltodextrin, Alcohol, Sodium Ascorbyl Phosphate, Punica Granatum Flower Extract, Phenoxyethanol, Ethylhexylglycerin, Pentaerythrityl Tetraisostearate, Silica Dimethyl Silylate, Pentylene Glycol, Sodium Chondroitin Sulfate, Atelocollagen, Tocopheryl Acetate, Allantoin, Chitin Dibutanoate, Hydroxyethyl Acrylate\/Sodium Acryloyldimethyl Taurate Copolymer, Tocopherol, Beta-Sitosterol, Ascorbyl Palmitate, Lecithin, Propylene Glycol, Hydrogenated Vegetable Glycerides Citrate, Disodium EDTA, Parfum (Fragrance).<\/p>\n<figure><\/figure>\n<p>&nbsp;<\/p>\n","protected":false},"excerpt":{"rendered":"<p>Producent: Celther Polska Sp. z o.o. Pojemno\u015b\u0107: 50 ml LIFT-UP reduktor uj\u0119drniaj\u0105co-regeneruj\u0105cy Linia: LIVING IN THE CITY Uj\u0119drniaj\u0105co-regeneruj\u0105cy krem na noc #\u017cyciewmiescie #tarczaochronna #uj\u0119drnienie #liftup #regeneracja #poczterdziesctce #reduktorzmarszczek \u017byjesz w wielkim mie\u015bcie i w zgodzie z jego szybkim rytmem, jednak w tym rytmie jest coraz mniej czasu dla Ciebie i Twojej sk\u00f3ry. SHECELL innovation lab &hellip;<\/p>\n<p class=\"read-more\"> <a class=\"\" href=\"https:\/\/celther.com\/index.php\/produkt\/shecell-innovation-lab-40-krem-na-noc\/\"> <span class=\"screen-reader-text\">Shecell innovation lab 40+ krem na noc<\/span> Read More &raquo;<\/a><\/p>\n","protected":false},"featured_media":1070,"template":"","meta":[],"product_cat":[21],"product_tag":[],"_links":{"self":[{"href":"https:\/\/celther.com\/index.php\/wp-json\/wp\/v2\/product\/494"}],"collection":[{"href":"https:\/\/celther.com\/index.php\/wp-json\/wp\/v2\/product"}],"about":[{"href":"https:\/\/celther.com\/index.php\/wp-json\/wp\/v2\/types\/product"}],"version-history":[{"count":0,"href":"https:\/\/celther.com\/index.php\/wp-json\/wp\/v2\/product\/494\/revisions"}],"wp:featuredmedia":[{"embeddable":true,"href":"https:\/\/celther.com\/index.php\/wp-json\/wp\/v2\/media\/1070"}],"wp:attachment":[{"href":"https:\/\/celther.com\/index.php\/wp-json\/wp\/v2\/media?parent=494"}],"wp:term":[{"taxonomy":"product_cat","embeddable":true,"href":"https:\/\/celther.com\/index.php\/wp-json\/wp\/v2\/product_cat?post=494"},{"taxonomy":"product_tag","embeddable":true,"href":"https:\/\/celther.com\/index.php\/wp-json\/wp\/v2\/product_tag?post=494"}],"curies":[{"name":"wp","href":"https:\/\/api.w.org\/{rel}","templated":true}]}}