{"id":493,"date":"2021-05-25T11:01:51","date_gmt":"2021-05-25T11:01:51","guid":{"rendered":"http:\/\/celther.home.pl\/wwwcelther\/index.php\/produkt\/shecell-innovation-lab-60-krem-na-dzien\/"},"modified":"2021-07-22T09:34:14","modified_gmt":"2021-07-22T09:34:14","slug":"shecell-innovation-lab-60-krem-na-dzien","status":"publish","type":"product","link":"https:\/\/celther.com\/index.php\/produkt\/shecell-innovation-lab-60-krem-na-dzien\/","title":{"rendered":"Shecell innovation lab 60+ krem na dzie\u0144"},"content":{"rendered":"<p><!--StartFragment--><strong>Producent: <\/strong>Celther Polska Sp. z o.o.<strong><br \/>\nPojemno\u015b\u0107: <\/strong>50 ml<\/p>\n<p><strong>GLOW booster odbudowuj\u0105co-rozja\u015bniaj\u0105cy<br \/>\nLinia: LIVING IN THE CITY<\/strong><\/p>\n<p>Odbudowuj\u0105co-rozja\u015bniaj\u0105cy krem na dzie\u0144 z filtrem SPF 15<\/p>\n<p>#\u017cyciewmiescie #tarczaochronna #uj\u0119drnienie #liftup #odbudowask\u00f3ry #sk\u00f3rape\u0142nablasku<\/p>\n<p>Ka\u017cdego dnia czujesz, \u017ce masz coraz wi\u0119cej czasu dla siebie, kt\u00f3ry chcesz po\u015bwi\u0119ci\u0107 na prawid\u0142ow\u0105 piel\u0119gnacj\u0119 swojej sk\u00f3ry. SHECELL innovation lab 60+ na dzie\u0144 to koncentrat roz\u015bwietlaj\u0105cy anti-aging stworzony dla kobiet wymagaj\u0105cych, kt\u00f3re pragn\u0105 wygl\u0105da\u0107 promiennie ka\u017cdego dnia.<\/p>\n<p><strong>Dla kogo jest ten produkt?<\/strong> Dla sk\u00f3ry dojrza\u0142ej, kt\u00f3ra zmaga si\u0119 z barkiem j\u0119drno\u015bci, i witalno\u015bci. Spragnionej natychmiastowego dzia\u0142ania anti-aging.<\/p>\n<p>Innowacyjna formu\u0142a <strong>MARINE FILLING SPHERES<\/strong><strong>\u2122 <\/strong>na bazie mikrosfer kolagenu wnika w g\u0142\u0105b sk\u00f3ry, gdzie ulega hydratacji zwi\u0119kszaj\u0105c swoj\u0105 obj\u0119to\u015b\u0107 przez co efektywnie wypycha zmarszczki i bruzdy od wewn\u0105trz. Zawarty w kremie <strong>PROGELINE\u2122<\/strong><br \/>\nzmniejsza widoczno\u015b\u0107 zmarszczek poprawiaj\u0105c jednocze\u015bnie owal twarzy. Otulaj\u0105cy krem dzia\u0142a liftinguj\u0105co sprawiaj\u0105c, \u017ce sk\u00f3ra staje si\u0119 j\u0119drna, elastyczna i pe\u0142na witalno\u015bci. Zawarty w kremie Kompleks olejk\u00f3w w tym Olej abisy\u0144ski intensywnie od\u017cywiaj\u0105 i regeneruje zm\u0119czon\u0105 sk\u00f3r\u0119 twarzy. Opatentowany <strong>biopolimer<\/strong> <strong>DIBUSHIELD PRO-HEAL<\/strong><strong>\u2122<\/strong> tworzy na powierzchni sk\u00f3ry siateczk\u0119 3D zabezpieczaj\u0105ca przed niekorzystnymi czynnikami \u015brodowiska takimi jak wolne rodniki, smog, promieniowanie UV, chroni\u0105c sk\u00f3r\u0119 i spowalniaj\u0105c procesy starzenia.<\/p>\n<p><strong>Efekt dla Ciebie<\/strong>: j\u0119drna, witalna i chroniona sk\u00f3ra \u2013 gotowa na komplementy<\/p>\n<p><strong>Spos\u00f3b u\u017cycia<\/strong>: Krem nanie\u015b\u0107 na oczyszczon\u0105 sk\u00f3r\u0119 twarzy, szyi i dekoltu. Delikatnie wmasowa\u0107. Stosowa\u0107 codziennie rano.<\/p>\n<p><strong>Sk\u0142ad: <\/strong>Aqua (Water), Caprylic\/Capric Triglyceride, Carthamus Tinctorius (Safflower) Seed Oil, Glycerin, Cetearyl Olivate, Sorbitan Olivate, Ethylhexyl Olivate, Cetearyl Alcohol, Cetyl Palmitate, Sorbitan Palmitate, Sorbitan Oleate, Butylene Glycol, Squalane, Octylododecanol, Isopropyl Myristate, Butyrospermum Parkii (Shea) Butter, Helianthus Annuus (Sunflower) Seed Oil, Lupinus Albus Seed Extract, Pentaerythrityl Distearate, Phenoxyethanol, Ethylhexylglycerin, Pentaerythrityl Tetraisostearate, Silica Dimethyl Silylate, Pentylene Glycol, Sodium Chondroitin Sulfate, Atelocollagen, Tocopheryl Acetate, Allantoin, Chitin Dibutanoate, Hydroxyethyl Acrylate\/Sodium Acryloyldimethyl Taurate Copolymer, Tocopherol, Beta-Sitosterol, Ascorbyl Palmitate, Lecithin, Propylene Glycol, Hydrogenated Vegetable Glycerides Citrate, Disodium EDTA, Parfum (Fragrance).<\/p>\n<p>&nbsp;<\/p>\n","protected":false},"excerpt":{"rendered":"<p>Producent: Celther Polska Sp. z o.o. Pojemno\u015b\u0107: 50 ml GLOW booster odbudowuj\u0105co-rozja\u015bniaj\u0105cy Linia: LIVING IN THE CITY Odbudowuj\u0105co-rozja\u015bniaj\u0105cy krem na dzie\u0144 z filtrem SPF 15 #\u017cyciewmiescie #tarczaochronna #uj\u0119drnienie #liftup #odbudowask\u00f3ry #sk\u00f3rape\u0142nablasku Ka\u017cdego dnia czujesz, \u017ce masz coraz wi\u0119cej czasu dla siebie, kt\u00f3ry chcesz po\u015bwi\u0119ci\u0107 na prawid\u0142ow\u0105 piel\u0119gnacj\u0119 swojej sk\u00f3ry. SHECELL innovation lab 60+ na dzie\u0144 &hellip;<\/p>\n<p class=\"read-more\"> <a class=\"\" href=\"https:\/\/celther.com\/index.php\/produkt\/shecell-innovation-lab-60-krem-na-dzien\/\"> <span class=\"screen-reader-text\">Shecell innovation lab 60+ krem na dzie\u0144<\/span> Read More &raquo;<\/a><\/p>\n","protected":false},"featured_media":1064,"template":"","meta":[],"product_cat":[21],"product_tag":[],"_links":{"self":[{"href":"https:\/\/celther.com\/index.php\/wp-json\/wp\/v2\/product\/493"}],"collection":[{"href":"https:\/\/celther.com\/index.php\/wp-json\/wp\/v2\/product"}],"about":[{"href":"https:\/\/celther.com\/index.php\/wp-json\/wp\/v2\/types\/product"}],"version-history":[{"count":0,"href":"https:\/\/celther.com\/index.php\/wp-json\/wp\/v2\/product\/493\/revisions"}],"wp:featuredmedia":[{"embeddable":true,"href":"https:\/\/celther.com\/index.php\/wp-json\/wp\/v2\/media\/1064"}],"wp:attachment":[{"href":"https:\/\/celther.com\/index.php\/wp-json\/wp\/v2\/media?parent=493"}],"wp:term":[{"taxonomy":"product_cat","embeddable":true,"href":"https:\/\/celther.com\/index.php\/wp-json\/wp\/v2\/product_cat?post=493"},{"taxonomy":"product_tag","embeddable":true,"href":"https:\/\/celther.com\/index.php\/wp-json\/wp\/v2\/product_tag?post=493"}],"curies":[{"name":"wp","href":"https:\/\/api.w.org\/{rel}","templated":true}]}}