{"id":491,"date":"2021-05-25T11:01:51","date_gmt":"2021-05-25T11:01:51","guid":{"rendered":"http:\/\/celther.home.pl\/wwwcelther\/index.php\/produkt\/shecell-innovation-lab-40-krem-na-dzien\/"},"modified":"2021-07-22T09:33:25","modified_gmt":"2021-07-22T09:33:25","slug":"shecell-innovation-lab-40-krem-na-dzien","status":"publish","type":"product","link":"https:\/\/celther.com\/index.php\/produkt\/shecell-innovation-lab-40-krem-na-dzien\/","title":{"rendered":"Shecell innovation lab 40+ krem na dzie\u0144"},"content":{"rendered":"<p><!--StartFragment--><strong>Producent:<\/strong> Celther Polska Sp. z o.o.<strong><br \/>\nPojemno\u015b\u0107:<\/strong> 50 ml<strong><!--EndFragment--><br \/>\n<\/strong><\/p>\n<p><strong>LIFT-UP reduktor liftinguj\u0105co-wyg\u0142adzaj\u0105cy<\/strong><\/p>\n<p><strong>Liftinguj\u0105co-wyg\u0142adzaj\u0105cy krem na dzie\u0144 z filtrem SPF 15<br \/>\n<\/strong><\/p>\n<p><strong>Linia: LIVING IN THE CITY<\/strong><\/p>\n<p>#\u017cyciewmiescie #tarczaochronna #uj\u0119drnienie #liftup #regeneracja #poczterdziesctce<\/p>\n<p>\u017byjesz w wielkim mie\u015bcie i w zgodzie z jego szybkim rytmem, jednak w tym rytmie jest coraz mniej czasu dla Ciebie i Twojej sk\u00f3ry. SHECELL innovation lab 40+ na dzie\u0144 to reduktor anti-aging stworzony dla kobiet wymagaj\u0105cych, kt\u00f3re pragn\u0105 przeciwdzia\u0142a\u0107 procesom starzenia si\u0119 sk\u00f3ry.<\/p>\n<p><strong>Dla kogo jest ten produkt?<\/strong> Dla sk\u00f3ry zm\u0119czonej, kt\u00f3ra zmaga si\u0119 z barkiem j\u0119drno\u015bci i elastyczno\u015bci. Spragnionej natychmiastowego dzia\u0142ania anti-aging.<\/p>\n<p>Otulaj\u0105cy krem SHECELL dostosowuje si\u0119 do Twojego miejskiego stylu \u017cycia. Innowacyjna formu\u0142a <strong>MARINE FILLING SPHERES<\/strong><strong>\u2122 <\/strong>na bazie mikrosfer kolagenu wnika w g\u0142\u0105b sk\u00f3ry, gdzie ulega hydratacji zwi\u0119kszaj\u0105c swoj\u0105 obj\u0119to\u015b\u0107 przez co efektywnie wypycha zmarszczki od wewn\u0105trz. Doskonale wyg\u0142adza i nawil\u017ca sk\u00f3r\u0119. Zawarty w kremie <strong>TRYLAGEN\u2122 <\/strong>stymuluje syntez\u0119 kolagenu jednocze\u015bnie porz\u0105dkuj\u0105c i chroni\u0105c w\u0142\u00f3kna kolagenowe daj\u0105c efekt liftingu. Po\u0142\u0105czenie kompleks\u00f3w <strong>Oleju Per\u0142a Perii i Mas\u0142a Shea<\/strong> d\u0142ugotrwale nawil\u017caj\u0105 i regeneruje sk\u00f3r\u0119. Opatentowany <strong>biopolimer<\/strong> <strong>DIBUSHIELD PRO-HEAL<\/strong><strong>\u2122<\/strong> tworzy na powierzchni sk\u00f3ry siateczk\u0119 3D zabezpieczaj\u0105ca przed niekorzystnymi czynnikami \u015brodowiska takimi jak wolne rodniki, smog, promieniowanie UV, chroni\u0105c sk\u00f3r\u0119 i spowalniaj\u0105c procesy starzenia.<\/p>\n<p><strong>Efekt dla Ciebie<\/strong>: ultraj\u0119drna, elastyczna i chroniona sk\u00f3ra \u2013 przyci\u0105gaj\u0105ca spojrzenia.<\/p>\n<p><strong>Spos\u00f3b u\u017cycia<\/strong>: Krem nanie\u015b\u0107 na oczyszczon\u0105 sk\u00f3r\u0119 twarzy, szyi i dekoltu. Delikatnie wmasowa\u0107. Stosowa\u0107 codziennie rano.<\/p>\n<p><strong>Sk\u0142ad: <\/strong>Aqua (Water), Isohexadecane, Glycerin, Cetearyl Olivate, Sorbitan Olivate, Cetearyl Alcohol, Cetyl Palmitate, Sorbitan Palmitate, Sorbitan Oleate, Butyl Methoxydibenzoylmethane, Octocrylene, Ethylhexyl Methoxycinnamate, Phospholipids, Butylene Glycol, Caprylic\/Capric Triglyceride, Limnanthes Alba (Meadowfoam) Seed Oil, Squalane, Lauryl Olivate, Isopropyl Myristate, Pseudoalteromonas Ferment Extract, Hydrolyzed Wheat Protein, Hydrolyzed Soy Protein, Tripeptide-10 Citrulline, Tripeptide-1, Lecithin, Xantham Gum, Carbomer, Triethanolamine, Caprylyl Glycol, Polymethylsilsesquioxane, Butyrospermum Parkii (Shea) Butter, Sodium Hyaluronate, Phenoxyethanol, Ethylhexylglycerin, Pentaerythrityl Tetraisostearate, Silica Dimethyl Silylate, Pentylene Glycol, Sodium Chondroitin Sulfate, Atelocollagen, Allantoin, Chitin Dibutanoate, Hydroxyethyl Acrylate\/Sodium Acryloyldimethyl Taurate Copolymer, Tocopherol, Beta-Sitosterol, Ascorbyl Palmitate, Lecithin, Propylene Glycol, Hydrogenated Vegetable Glycerides Citrate, Disodium EDTA, Parfum (Fragrance).<\/p>\n<p>&nbsp;<\/p>\n","protected":false},"excerpt":{"rendered":"<p>Producent: Celther Polska Sp. z o.o. Pojemno\u015b\u0107: 50 ml LIFT-UP reduktor liftinguj\u0105co-wyg\u0142adzaj\u0105cy Liftinguj\u0105co-wyg\u0142adzaj\u0105cy krem na dzie\u0144 z filtrem SPF 15 Linia: LIVING IN THE CITY #\u017cyciewmiescie #tarczaochronna #uj\u0119drnienie #liftup #regeneracja #poczterdziesctce \u017byjesz w wielkim mie\u015bcie i w zgodzie z jego szybkim rytmem, jednak w tym rytmie jest coraz mniej czasu dla Ciebie i Twojej sk\u00f3ry. &hellip;<\/p>\n<p class=\"read-more\"> <a class=\"\" href=\"https:\/\/celther.com\/index.php\/produkt\/shecell-innovation-lab-40-krem-na-dzien\/\"> <span class=\"screen-reader-text\">Shecell innovation lab 40+ krem na dzie\u0144<\/span> Read More &raquo;<\/a><\/p>\n","protected":false},"featured_media":1074,"template":"","meta":[],"product_cat":[21],"product_tag":[],"_links":{"self":[{"href":"https:\/\/celther.com\/index.php\/wp-json\/wp\/v2\/product\/491"}],"collection":[{"href":"https:\/\/celther.com\/index.php\/wp-json\/wp\/v2\/product"}],"about":[{"href":"https:\/\/celther.com\/index.php\/wp-json\/wp\/v2\/types\/product"}],"version-history":[{"count":0,"href":"https:\/\/celther.com\/index.php\/wp-json\/wp\/v2\/product\/491\/revisions"}],"wp:featuredmedia":[{"embeddable":true,"href":"https:\/\/celther.com\/index.php\/wp-json\/wp\/v2\/media\/1074"}],"wp:attachment":[{"href":"https:\/\/celther.com\/index.php\/wp-json\/wp\/v2\/media?parent=491"}],"wp:term":[{"taxonomy":"product_cat","embeddable":true,"href":"https:\/\/celther.com\/index.php\/wp-json\/wp\/v2\/product_cat?post=491"},{"taxonomy":"product_tag","embeddable":true,"href":"https:\/\/celther.com\/index.php\/wp-json\/wp\/v2\/product_tag?post=491"}],"curies":[{"name":"wp","href":"https:\/\/api.w.org\/{rel}","templated":true}]}}