{"id":489,"date":"2021-05-25T11:01:51","date_gmt":"2021-05-25T11:01:51","guid":{"rendered":"http:\/\/celther.home.pl\/wwwcelther\/index.php\/produkt\/shecell-dermatologic-skora-z-przebarwieniami\/"},"modified":"2021-07-22T09:29:48","modified_gmt":"2021-07-22T09:29:48","slug":"shecell-dermatologic-skora-z-przebarwieniami","status":"publish","type":"product","link":"https:\/\/celther.com\/index.php\/produkt\/shecell-dermatologic-skora-z-przebarwieniami\/","title":{"rendered":"Shecell dermatologic SK\u00d3RA Z PRZEBARWIENIAMI"},"content":{"rendered":"<p><!--StartFragment--><strong>W dn. 28.04-31.05 przy zakupie kremu z serii SHECELL Dermatologic otrzymasz zawieszk\u0119 z serduszkiem Swarovskiego GRATIS.<br \/>\nKolory zawieszek s\u0105 dobierane losowo, a produkty dodawane s\u0105 automatycznie do koszyka.<\/strong><\/p>\n<p><strong>Dystrybutor<\/strong><!--EndFragment--><strong><strong>: <\/strong><\/strong>Przedsi\u0119biorstwo Farmaceutyczne LEK-AM SP.Z O.O<strong><strong><br \/>\nPojemno\u015b\u0107: <\/strong><\/strong>40 ml<\/p>\n<p><strong>SHINY LOOK biopolimerowy krem booster przeciw przebarwieniom\u2122<br \/>\nLinia: KOBIETA W MIE\u015aCIE<\/strong><\/p>\n<p>Krem booster przeciw przebarwieniom<\/p>\n<p>#\u017cyciewmie\u015bcie #boosterprzeciwprzebarwieniom #tarczaochronna #sk\u00f3razprzebarwieniami\u00a0#roz\u015bwietlanieprzebarwie\u0144 #miejskiblask<\/p>\n<p>Miasto nigdy nie \u015bpi, wi\u0119c i nasza sk\u00f3ra nie mo\u017ce pozwoli\u0107 sobie na odpoczynek bez odpowiedniej piel\u0119gnacji. Otulaj\u0105cy krem roz\u015bwietla i niweluje przebarwienia sk\u00f3ry.<\/p>\n<p><strong>Dla kogo jest ten produkt?<\/strong>\u00a0 Dla sk\u00f3ry z przebarwieniami, kt\u00f3ra zmaga si\u0119 z plamami, wra\u017cliwo\u015bci\u0105 i stresem. Spragnionej natychmiastowego dzia\u0142ania na widoczne zmiany powsta\u0142e na skutek zaburzenia melanogenezy.<\/p>\n<p>Kosmetyk dla cery z przebarwieniami, kt\u00f3ry dostosowuje si\u0119 do Twojego miejskiego stylu \u017cycia.<strong> Innowacyjna formu\u0142a SKINPERF LWG\u2122 <\/strong>kwas\u00f3w owocowych zamkni\u0119tych w specjalistycznych lamelach, pozwala na stopniowe i kontrolowane uwalnianie kwas\u00f3w AHA z\u0142uszczaj\u0105c nask\u00f3rek oraz likwiduj\u0105c istniej\u0105ce przebarwienia. Opatentowany <strong>biopolimer DIBUSHIELD PRO-HEAL\u2122 <\/strong>tworzy na powierzchni sk\u00f3ry siateczk\u0119 3D zabezpieczaj\u0105c\u0105 przed niekorzystnymi czynnikami \u015brodowiska takimi jak wolne rodniki, smog, promieniowanie UV, chroni\u0105c sk\u00f3r\u0119 i spowalniaj\u0105c procesy starzenia. Zawarty w kremie z\u0142oty pigment rozja\u015bnia przebarwienia, dodaj\u0105c sk\u00f3rze blasku i \u015bwie\u017co\u015bci.<\/p>\n<p><strong>Efekt dla Ciebie: <\/strong>ultra-roz\u015bwietlona, j\u0119drna i chroniona sk\u00f3ra \u2013 gotowa na komplementy.<\/p>\n<p><strong>Spos\u00f3b u\u017cycia: <\/strong>niewielk\u0105 ilo\u015b\u0107 kremu nanie\u015b na oczyszczon\u0105 sk\u00f3r\u0119 twarzy, szyi i dekoltu. Delikatnie\u00a0wmasuj do wch\u0142oni\u0119cia. Stosuj rano i wieczorem.<\/p>\n<p><strong>Sk\u0142ad:<\/strong> Aqua (Water), Isostearyl Isostearate, Dietyloamino Hydroxybenzoyl Hexyl Benzoate, Dicaprylyl Carbonate, Isopropyl Isostearate, Isopropyl Myristate, Glycerin, Polyglyceryl-6 Stearate, CI 77891 (Titanium Dioxide), Ethylhexyl Triazone, Ascorbyl Glucoside, Carthamus Tinctorius Seed Oil, Cetearyl Alcohol, Pentylene Glycol, Mica, Glyceryl Stearate, Myristyl Myristate, Bis-Ethylhexyloxyphenol Methoxyphenyl Triazine, Hyaluronic Acid, Panthenol, Biosaccharide Gum-4, Glycolic Acid, Lactic Acid, Citric Acid, Chitin Dibutanoate, Allantoin, Polyglyceryl-6 Behenate, Polyacrylate Crosspolymer-6, Tocopherol, Beta-Sitosterol, Squalene, Glycine Soja Oil, Ascorbyl Palmitate, Lecithin, Propylene Glycol, Hydrogenated Vegetable Glycerides Citrate, Hydroxyacetophenone, Phenoxyethanol, Sodium Magnesium Silicate, Xanthan Gum, Disodium EDTA, Tin Oxide, Parfum (Fragrance).<\/p>\n","protected":false},"excerpt":{"rendered":"<p>W dn. 28.04-31.05 przy zakupie kremu z serii SHECELL Dermatologic otrzymasz zawieszk\u0119 z serduszkiem Swarovskiego GRATIS. Kolory zawieszek s\u0105 dobierane losowo, a produkty dodawane s\u0105 automatycznie do koszyka. Dystrybutor: Przedsi\u0119biorstwo Farmaceutyczne LEK-AM SP.Z O.O Pojemno\u015b\u0107: 40 ml SHINY LOOK biopolimerowy krem booster przeciw przebarwieniom\u2122 Linia: KOBIETA W MIE\u015aCIE Krem booster przeciw przebarwieniom #\u017cyciewmie\u015bcie #boosterprzeciwprzebarwieniom #tarczaochronna &hellip;<\/p>\n<p class=\"read-more\"> <a class=\"\" href=\"https:\/\/celther.com\/index.php\/produkt\/shecell-dermatologic-skora-z-przebarwieniami\/\"> <span class=\"screen-reader-text\">Shecell dermatologic SK\u00d3RA Z PRZEBARWIENIAMI<\/span> Read More &raquo;<\/a><\/p>\n","protected":false},"featured_media":1063,"template":"","meta":[],"product_cat":[44],"product_tag":[],"_links":{"self":[{"href":"https:\/\/celther.com\/index.php\/wp-json\/wp\/v2\/product\/489"}],"collection":[{"href":"https:\/\/celther.com\/index.php\/wp-json\/wp\/v2\/product"}],"about":[{"href":"https:\/\/celther.com\/index.php\/wp-json\/wp\/v2\/types\/product"}],"version-history":[{"count":0,"href":"https:\/\/celther.com\/index.php\/wp-json\/wp\/v2\/product\/489\/revisions"}],"wp:featuredmedia":[{"embeddable":true,"href":"https:\/\/celther.com\/index.php\/wp-json\/wp\/v2\/media\/1063"}],"wp:attachment":[{"href":"https:\/\/celther.com\/index.php\/wp-json\/wp\/v2\/media?parent=489"}],"wp:term":[{"taxonomy":"product_cat","embeddable":true,"href":"https:\/\/celther.com\/index.php\/wp-json\/wp\/v2\/product_cat?post=489"},{"taxonomy":"product_tag","embeddable":true,"href":"https:\/\/celther.com\/index.php\/wp-json\/wp\/v2\/product_tag?post=489"}],"curies":[{"name":"wp","href":"https:\/\/api.w.org\/{rel}","templated":true}]}}