{"id":486,"date":"2021-05-25T11:01:50","date_gmt":"2021-05-25T11:01:50","guid":{"rendered":"http:\/\/celther.home.pl\/wwwcelther\/index.php\/produkt\/shecell-dermatologic-skora-dojrzala\/"},"modified":"2021-07-22T09:31:17","modified_gmt":"2021-07-22T09:31:17","slug":"shecell-dermatologic-skora-dojrzala","status":"publish","type":"product","link":"https:\/\/celther.com\/index.php\/produkt\/shecell-dermatologic-skora-dojrzala\/","title":{"rendered":"Shecell dermatologic SK\u00d3RA DOJRZA\u0141A"},"content":{"rendered":"<p><strong>W dn. 28.04-31.05 przy zakupie kremu z serii SHECELL Dermatologic otrzymasz zawieszk\u0119 z serduszkiem Swarovskiego GRATIS.<br \/>\nKolory zawieszek s\u0105 dobierane losowo, a produkty dodawane s\u0105 automatycznie do koszyka.<\/strong><\/p>\n<p><strong>Dystrybutor<strong>: <\/strong><\/strong>Przedsi\u0119biorstwo Farmaceutyczne LEK-AM SP.Z O.O<strong><strong><br \/>\nPojemno\u015b\u0107: <\/strong><\/strong>40 ml<\/p>\n<p><strong>CITY-GLAMOUR biopolimerowy booster odm\u0142adzaj\u0105cy\u2122 Lift-up<br \/>\nLinia: KOBIETA W MIE\u015aCIE<\/strong><\/p>\n<p>Krem liftinguj\u0105co-energetyzuj\u0105cy<\/p>\n<p>#sk\u00f3radojrza\u0142awmie\u015bcie #tarczaochronna #siateczkaochronna #boosterodm\u0142adzaj\u0105cy<\/p>\n<p>Miasto nigdy nie \u015bpi, wi\u0119c i nasza sk\u00f3ra nie mo\u017ce pozwoli\u0107 sobie na odpoczynek bez odpowiedniej piel\u0119gnacji. Otulaj\u0105cy krem utrzymuje efekt napi\u0119cia i spr\u0119\u017cysto\u015bci sk\u00f3ry.<\/p>\n<p><strong>Dla kogo jest ten produkt? <\/strong>Dla wielbicieli j\u0119drnej i spr\u0119\u017cystej sk\u00f3ry.<\/p>\n<p><strong>U\u015bmiechaj si\u0119 bez zmarszczek i nadaj spr\u0119\u017cysto\u015bci swojej sk\u00f3rze.<\/strong><\/p>\n<p><strong>Liftinguj\u0105co-energetyzuj\u0105cy <\/strong>krem do piel\u0119gnacji sk\u00f3ry dojrza\u0142ej. Po\u0142\u0105czenie <strong>biopolimeru z peptydem<\/strong><strong> Matrixyl\u00ae Synthe&#8217;6\u2122 <\/strong>redukuje zmarszczki, pobudzaj\u0105c produkcj\u0119 sk\u0142adnik\u00f3w budulcowych sk\u00f3ry: kolagenu i elastyny daj\u0105c efekt natychmiastowego uj\u0119drnienia i redukcji widocznych zmarszczek. Unikalny peptyd daje natychmiastowy efekt napi\u0119cia sk\u00f3ry, poprawiaj\u0105c owal twarzy.<\/p>\n<p><strong>Efekt dla Ciebie: <\/strong>j\u0119drna i spr\u0119\u017cysta sk\u00f3ra \u2013 gotowa na komplementy.<\/p>\n<p><strong>Spos\u00f3b u\u017cycia: <\/strong>niewielk\u0105 ilo\u015b\u0107 kremu nanie\u015b na oczyszczon\u0105 sk\u00f3r\u0119 twarzy, szyi i dekoltu. Delikatnie wmasuj do wch\u0142oni\u0119cia. Stosuj rano i wieczorem.<!--EndFragment--><\/p>\n<p><strong>Sk\u0142ad:<\/strong> Aqua (Water), Glycerin, Diethylamino Hydroxybenzoyl Hexyl Benzoate, Caprylic\/Capric Triglyceride, Isopropyl Isostearate, Dicaprylyl Carbonate, Polyglyceryl-6 Stearate, Ethylhexyl Triazone, Pentylene Glycol, Crambe Abyssinica (Abyssinian) Seed Oil, Isopropyl Myristate, Cetearyl Alcohol, Polymethylsilsesquioxane, Glyceryl Stearate, Myristyl Myristate, Bis-Ethylhexyloxyphenol Methoxyphenyl Triazine, Polyacrylate Crosspolymer-6, Panthenol, Tocopheryl Acetate, Polyglyceryl-6 Behenate, Hydroxypropyl Cyclodextrin, Palmitoyl Tripeptide-38, Sodium Lauroyl Lactylate, Ceramide NP, Ceramide AP, Phytosphingosine, Cholesterol, Xanthan Gum, Carbomer, Ceramide EOP, Biosaccharide Gum-4, Hyaluronic Acid, Allantoin, Chitin Dibutanoate, Hydroxyacetophenone, Beta-Sitosterol, Squalane, Glycine Soja Oil, Ascorbyl Palmitate, Lecithin, Propylene Glycol, Hydrogenated Vegetable Glycerides Citrate, Phenoxyethanol, Ethylhexylglycerin, Disodium EDTA, Parfum (Fragrance).<\/p>\n","protected":false},"excerpt":{"rendered":"<p>W dn. 28.04-31.05 przy zakupie kremu z serii SHECELL Dermatologic otrzymasz zawieszk\u0119 z serduszkiem Swarovskiego GRATIS. Kolory zawieszek s\u0105 dobierane losowo, a produkty dodawane s\u0105 automatycznie do koszyka. Dystrybutor: Przedsi\u0119biorstwo Farmaceutyczne LEK-AM SP.Z O.O Pojemno\u015b\u0107: 40 ml CITY-GLAMOUR biopolimerowy booster odm\u0142adzaj\u0105cy\u2122 Lift-up Linia: KOBIETA W MIE\u015aCIE Krem liftinguj\u0105co-energetyzuj\u0105cy #sk\u00f3radojrza\u0142awmie\u015bcie #tarczaochronna #siateczkaochronna #boosterodm\u0142adzaj\u0105cy Miasto nigdy nie &hellip;<\/p>\n<p class=\"read-more\"> <a class=\"\" href=\"https:\/\/celther.com\/index.php\/produkt\/shecell-dermatologic-skora-dojrzala\/\"> <span class=\"screen-reader-text\">Shecell dermatologic SK\u00d3RA DOJRZA\u0141A<\/span> Read More &raquo;<\/a><\/p>\n","protected":false},"featured_media":1067,"template":"","meta":[],"product_cat":[44],"product_tag":[],"_links":{"self":[{"href":"https:\/\/celther.com\/index.php\/wp-json\/wp\/v2\/product\/486"}],"collection":[{"href":"https:\/\/celther.com\/index.php\/wp-json\/wp\/v2\/product"}],"about":[{"href":"https:\/\/celther.com\/index.php\/wp-json\/wp\/v2\/types\/product"}],"version-history":[{"count":0,"href":"https:\/\/celther.com\/index.php\/wp-json\/wp\/v2\/product\/486\/revisions"}],"wp:featuredmedia":[{"embeddable":true,"href":"https:\/\/celther.com\/index.php\/wp-json\/wp\/v2\/media\/1067"}],"wp:attachment":[{"href":"https:\/\/celther.com\/index.php\/wp-json\/wp\/v2\/media?parent=486"}],"wp:term":[{"taxonomy":"product_cat","embeddable":true,"href":"https:\/\/celther.com\/index.php\/wp-json\/wp\/v2\/product_cat?post=486"},{"taxonomy":"product_tag","embeddable":true,"href":"https:\/\/celther.com\/index.php\/wp-json\/wp\/v2\/product_tag?post=486"}],"curies":[{"name":"wp","href":"https:\/\/api.w.org\/{rel}","templated":true}]}}