{"id":485,"date":"2021-05-25T11:01:50","date_gmt":"2021-05-25T11:01:50","guid":{"rendered":"http:\/\/celther.home.pl\/wwwcelther\/index.php\/produkt\/shecell-dermatologic-skora-atopowa\/"},"modified":"2021-07-22T09:31:38","modified_gmt":"2021-07-22T09:31:38","slug":"shecell-dermatologic-skora-atopowa","status":"publish","type":"product","link":"https:\/\/celther.com\/index.php\/produkt\/shecell-dermatologic-skora-atopowa\/","title":{"rendered":"Shecell dermatologic SK\u00d3RA ATOPOWA"},"content":{"rendered":"<p><strong><strong>W dn. 28.04-31.05 przy zakupie kremu z serii SHECELL Dermatologic otrzymasz zawieszk\u0119 z serduszkiem Swarovskiego GRATIS.<br \/>\nKolory zawieszek s\u0105 dobierane losowo, a produkty dodawane s\u0105 automatycznie do koszyka.<\/strong><\/strong><\/p>\n<p><strong><strong>Dystrybutor:<\/strong><\/strong>Przedsi\u0119biorstwo Farmaceutyczne LEK-AM SP.Z O.O<br \/>\n<!--EndFragment--><strong><strong>Pojemno\u015b\u0107: <\/strong><\/strong>40 ml<\/p>\n<p><strong>NATURAL LOOK biopolimerowy booster ultra-\u0142agodz\u0105cy\u2122<br \/>\nLinia: KOBIETA W MIE\u015aCIE<\/strong><\/p>\n<p>Krem booster ultra-\u0142agodz\u0105cy<\/p>\n<p>#\u017cyciewmie\u015bcie #ultra\u0142agodzenie #tarczaochronna #sk\u00f3rasucha #sk\u00f3raatopowa #sk\u00f3rawra\u017cliwa<\/p>\n<p>Miasto nigdy nie \u015bpi, wi\u0119c i nasza sk\u00f3ra nie mo\u017ce pozwoli\u0107 sobie na odpoczynek bez odpowiedniej\u00a0piel\u0119gnacji. Otulaj\u0105cy krem utrzymuje efekt ultra-nawil\u017cenia i \u0142agodzenia podra\u017cnionej rumieniem\u00a0sk\u00f3ry.<\/p>\n<p><strong>Dla kogo jest ten produkt? <\/strong><br \/>\nDla sk\u00f3ry zm\u0119czonej sucho\u015bci\u0105 i stresem. Spragnionej natychmiastowego nawil\u017cenia, wyciszenia i blasku.<\/p>\n<p>Kosmetyk dla sk\u00f3ry wra\u017cliwej wymagaj\u0105cej specjalistycznej piel\u0119gnacji, kt\u00f3ry dostosowuje si\u0119 dobTwojego miejskiego stylu \u017cycia. Innowacyjna formu\u0142a Defensil\u00ae Plus bogata w kwasy Omega 3 oraz Omega 6 wykazuje silne dzia\u0142anie przeciwzapalne, hamuje reakcje alergiczne, \u0142agodz\u0105c podra\u017cnienia sk\u00f3ry i przynosz\u0105c jej natychmiastow\u0105 ulg\u0119. Po\u0142\u0105czenie kompleksu ceramid\u00f3w, mas\u0142a Shea oraz oleju abisy\u0144skiego uzupe\u0142nia lipidy cementu mi\u0119dzykom\u00f3rkowego, odbudowuj\u0105c naturaln\u0105 barier\u0119 sk\u00f3rn\u0105, regeneruj\u0105c i niweluj\u0105c uczucie szorstko\u015bci i sucho\u015bci ka\u017cdego dnia. Opatentowany<strong> biopolimer DIBUSHIELD PRO-HEAL\u2122 <\/strong>tworzy na powierzchni sk\u00f3ry siateczk\u0119 3D zabezpieczaj\u0105c\u0105 przed niekorzystnymi czynnikami \u015brodowiska takimi jak wolne rodniki, smog, promieniowanie UV,<br \/>\nchroni\u0105c sk\u00f3r\u0119 i spowalniaj\u0105c procesy starzenia.<\/p>\n<p><strong>Efekt dla Ciebie: <\/strong>ultra-nawil\u017cona, wyciszona i chroniona sk\u00f3ra \u2013 gotowa na komplementy.<\/p>\n<p><strong>Spos\u00f3b u\u017cycia:<\/strong> niewielk\u0105 ilo\u015b\u0107 kremu nanie\u015b na oczyszczon\u0105 sk\u00f3r\u0119 twarzy, szyi i dekoltu. Delikatnie wmasuj do wch\u0142oni\u0119cia. Stosuj rano i wieczorem.<\/p>\n<p><!--StartFragment--><strong>Sk\u0142ad:<\/strong> Aqua (Water), Diethylamino Hydroxybenzoyl Hexyl Benzoate, Glycerin, Caprylic\/Capric Triglyceride, Isopropyl Isostearate, Dicaprylyl Carbonate, Polyglyceryl-6 Stearate, Ethylhexyl Triazone, Pentylene Glycol, Crambe Abyssinica (Abyssinian) Seed Oil, Isopropyl Myristate, Cetearyl Alcohol, Glyceryl Stearate, Myristyl Myristate, Octylododecanol, Butyrospermum Parkii (Shea) Butter, Bis-Ethylhexyloxyphenol Methoxyphenyl Triazine, Polyacrylate Crosspolymer-6, Panthenol, Tocopheryl Acetate, Polyglyceryl-6 Behenate, Ribes Nigrum (Black Currant) Seed Oil, Helianthus Annuus (Sunflower) Seed Oil Unsaponifiables, Cardiospermum Halicacabum Flower\/Leaf\/Vine Extract, Tocopherol, Helianthus Annuus (Sunflower) Seed Oil, Rosmarinus Officinalis (Rosemary) Leaf Extract, Sodium Lauroyl Lactylate, Ceramide NP, Ceramide AP, Phytosphingosine, Cholesterol, Xanthan Gum, Carbomer, Ceramide EOP, Biosaccharide Gum-4, Allantoin, Chitin Dibutanoate, Hydroxyacetophenone, Beta-Sitosterol, Squalane, Glycine Soja Oil, Ascorbyl Palmitate, Lecithin, Propylene Glycol, Hydrogenated Vegetable Glycerides Citrate, Phenoxyethanol, Ethylhexylglycerin, Disodium EDTA, Parfum (Fragrance)..<!--EndFragment--><\/p>\n<p>&nbsp;<\/p>\n","protected":false},"excerpt":{"rendered":"<p>W dn. 28.04-31.05 przy zakupie kremu z serii SHECELL Dermatologic otrzymasz zawieszk\u0119 z serduszkiem Swarovskiego GRATIS. Kolory zawieszek s\u0105 dobierane losowo, a produkty dodawane s\u0105 automatycznie do koszyka. Dystrybutor:Przedsi\u0119biorstwo Farmaceutyczne LEK-AM SP.Z O.O Pojemno\u015b\u0107: 40 ml NATURAL LOOK biopolimerowy booster ultra-\u0142agodz\u0105cy\u2122 Linia: KOBIETA W MIE\u015aCIE Krem booster ultra-\u0142agodz\u0105cy #\u017cyciewmie\u015bcie #ultra\u0142agodzenie #tarczaochronna #sk\u00f3rasucha #sk\u00f3raatopowa #sk\u00f3rawra\u017cliwa Miasto &hellip;<\/p>\n<p class=\"read-more\"> <a class=\"\" href=\"https:\/\/celther.com\/index.php\/produkt\/shecell-dermatologic-skora-atopowa\/\"> <span class=\"screen-reader-text\">Shecell dermatologic SK\u00d3RA ATOPOWA<\/span> Read More &raquo;<\/a><\/p>\n","protected":false},"featured_media":1066,"template":"","meta":[],"product_cat":[44],"product_tag":[],"_links":{"self":[{"href":"https:\/\/celther.com\/index.php\/wp-json\/wp\/v2\/product\/485"}],"collection":[{"href":"https:\/\/celther.com\/index.php\/wp-json\/wp\/v2\/product"}],"about":[{"href":"https:\/\/celther.com\/index.php\/wp-json\/wp\/v2\/types\/product"}],"version-history":[{"count":0,"href":"https:\/\/celther.com\/index.php\/wp-json\/wp\/v2\/product\/485\/revisions"}],"wp:featuredmedia":[{"embeddable":true,"href":"https:\/\/celther.com\/index.php\/wp-json\/wp\/v2\/media\/1066"}],"wp:attachment":[{"href":"https:\/\/celther.com\/index.php\/wp-json\/wp\/v2\/media?parent=485"}],"wp:term":[{"taxonomy":"product_cat","embeddable":true,"href":"https:\/\/celther.com\/index.php\/wp-json\/wp\/v2\/product_cat?post=485"},{"taxonomy":"product_tag","embeddable":true,"href":"https:\/\/celther.com\/index.php\/wp-json\/wp\/v2\/product_tag?post=485"}],"curies":[{"name":"wp","href":"https:\/\/api.w.org\/{rel}","templated":true}]}}