{"id":1101,"date":"2021-07-22T10:58:12","date_gmt":"2021-07-22T10:58:12","guid":{"rendered":"http:\/\/celther.home.pl\/wwwcelther\/?post_type=product&#038;p=1101"},"modified":"2021-07-22T10:58:48","modified_gmt":"2021-07-22T10:58:48","slug":"dibucell-active-exudate","status":"publish","type":"product","link":"https:\/\/celther.com\/index.php\/produkt\/dibucell-active-exudate\/","title":{"rendered":"Dibucell Active Exudate"},"content":{"rendered":"<div class=\"content wysiwyg-content active longer moreContent\">\n<p><strong>Wspomaga gojenie ran<br \/>\nDystrybutor: Przedsi\u0119biorstwo Farmaceutyczne LEK-AM Sp. z o.o.<br \/>\nOpatrunki aktywne, 6 sztuk<\/strong><\/p>\n<p>#opatrunki #rany #gojenie #zdrowask\u00f3ra<\/p>\n<p>100% biodegradowalne, unikalne opatrunki do leczenia ran przewlek\u0142ych i owrzodze\u0144<\/p>\n<p><strong>Dla kogo jest ten produkt: <\/strong>DibuCell Active Exudate polecany jest osobom z przewlek\u0142ymi ranami i owrzodzeniami z du\u017cym wysi\u0119kiem. Opatrunki wspomagaj\u0105 proces leczenia ran. Ich zastosowanie zmniejsza dolegliwo\u015bci b\u00f3lowe i traumatyzacj\u0119 rany, gwarantuje wyj\u0105tkowy komfort u\u017cycia. Opatrunki stworzone s\u0105 z naturalnego, innowacyjnego biopolimeru DIBUSHIELD PRO-HEAL \u2122. Stanowi\u0105 rusztowanie dla odtwarzaj\u0105cej si\u0119 tkanki, przez co przyspieszaj\u0105 gojenie rany. Opatrunki niewymagaj\u0105 zmiany &#8211; samoistnie degraduj\u0105 w \u015brodowisku rany pod wp\u0142ywem enzym\u00f3w (degradacja enzymatyczna), po zdegradowaniu opatrunku zak\u0142adamy nowy. Eliminujemy w ten spos\u00f3b b\u00f3l i dyskomfort odczuwany przez Pacjenta oraz zapobiegamy traumatyzacji nowopowsta\u0142ych tkanek. Czas degradacji jest zale\u017cny od ilo\u015bci wysi\u0119ku. W przypadku zmniejszenia ilo\u015bci wysi\u0119ku w ranie nale\u017cy zast\u0105pi\u0107 opatrunek DibuCell Active Exudate opatrunkiem DibuCell Active.<\/p>\n<p><strong>Sk\u0142adniki: <\/strong>Chitin dibutyrate 100 %<\/p>\n<p><strong>Efekt dla Ciebie: <\/strong>Wspomaga gojenie ran<strong>.<\/strong><\/p>\n<p><strong>Stosowanie: <\/strong>Opatrunki przeznaczone s\u0105 do stosowania na poni\u017csze typy ran bez cech widocznej infekcji, w fazie wysi\u0119kowej i ziarninowania:<br \/>\np\u0142askie i p\u0142ytkie owrzodzenia, uszkodzenia sk\u00f3ry, rany pourazowe, oparzenia, odle\u017cyny II-IV stopnia (uszkodzenie pe\u0142nej grubo\u015bci sk\u00f3ry do tkanki podsk\u00f3rnej)<br \/>\np\u0142askie i p\u0142ytkie rany w przebiegu stopy cukrzycowej -miejsca po pobraniu tkanki do przeszczepu w kompresjoterapii, do zastosowania pod banda\u017cem elastycznym.<\/p>\n<p><strong>Przeciwwskazania: <\/strong>Rany z cechami infekcji, o kt\u00f3rej \u015bwiadczy: szklisto\u015b\u0107 rany, nasilone miejscowe dolegliwo\u015bci b\u00f3lowe, wzmo\u017cone ucieplenie i zaczerwienienie okolicy rany, du\u017ca ilo\u015b\u0107 w\u0142\u00f3knika, zwi\u0119kszony lub ropny wysi\u0119k i nieprzyjemny zapach wydzieliny. Nie nale\u017cy r\u00f3wnie\u017c stosowa\u0107 opatrunku DibuCell Active u kobiet w ci\u0105\u017cy, w okresie karmienia piersi\u0105 oraz u dzieci, a tak\u017ce w przypadku uczulenia na kt\u00f3rykolwiek sk\u0142adnik opatrunku.<\/p>\n<p><strong>Dzia\u0142ania niepo\u017c\u0105dane: <\/strong>W czasie stosowania opatrunku DibuCell Active mo\u017ce doj\u015b\u0107 do pojawienia si\u0119: b\u00f3lu ko\u0144czyny, stanu zapalnego, pojawienia si\u0119 kolejnego owrzodzenia w okolicy zmiany pierwotnej (bardzo rzadko, powik\u0142anie to stwierdzono u jednego pacjenta). W przypadku zaobserwowania takich objaw\u00f3w nale\u017cy niezw\u0142ocznie zg\u0142osi\u0107 si\u0119 do lekarza. Je\u015bli w trakcie stosowania opatrunku DibuCell Active pojawi si\u0119 odczyn alergiczny (zaczerwienienie, obrz\u0119k w otoczeniu rany) lub zapalny, zaleca si\u0119 konsultacje\u0328 z lekarzem.<\/p>\n<\/div>\n","protected":false},"excerpt":{"rendered":"<p>Wspomaga gojenie ran Dystrybutor: Przedsi\u0119biorstwo Farmaceutyczne LEK-AM Sp. z o.o. Opatrunki aktywne, 6 sztuk #opatrunki #rany #gojenie #zdrowask\u00f3ra 100% biodegradowalne, unikalne opatrunki do leczenia ran przewlek\u0142ych i owrzodze\u0144 Dla kogo jest ten produkt: DibuCell Active Exudate polecany jest osobom z przewlek\u0142ymi ranami i owrzodzeniami z du\u017cym wysi\u0119kiem. Opatrunki wspomagaj\u0105 proces leczenia ran. Ich zastosowanie zmniejsza &hellip;<\/p>\n<p class=\"read-more\"> <a class=\"\" href=\"https:\/\/celther.com\/index.php\/produkt\/dibucell-active-exudate\/\"> <span class=\"screen-reader-text\">Dibucell Active Exudate<\/span> Read More &raquo;<\/a><\/p>\n","protected":false},"featured_media":1102,"template":"","meta":[],"product_cat":[33],"product_tag":[],"_links":{"self":[{"href":"https:\/\/celther.com\/index.php\/wp-json\/wp\/v2\/product\/1101"}],"collection":[{"href":"https:\/\/celther.com\/index.php\/wp-json\/wp\/v2\/product"}],"about":[{"href":"https:\/\/celther.com\/index.php\/wp-json\/wp\/v2\/types\/product"}],"version-history":[{"count":0,"href":"https:\/\/celther.com\/index.php\/wp-json\/wp\/v2\/product\/1101\/revisions"}],"wp:featuredmedia":[{"embeddable":true,"href":"https:\/\/celther.com\/index.php\/wp-json\/wp\/v2\/media\/1102"}],"wp:attachment":[{"href":"https:\/\/celther.com\/index.php\/wp-json\/wp\/v2\/media?parent=1101"}],"wp:term":[{"taxonomy":"product_cat","embeddable":true,"href":"https:\/\/celther.com\/index.php\/wp-json\/wp\/v2\/product_cat?post=1101"},{"taxonomy":"product_tag","embeddable":true,"href":"https:\/\/celther.com\/index.php\/wp-json\/wp\/v2\/product_tag?post=1101"}],"curies":[{"name":"wp","href":"https:\/\/api.w.org\/{rel}","templated":true}]}}