{"id":1093,"date":"2021-07-22T10:52:32","date_gmt":"2021-07-22T10:52:32","guid":{"rendered":"http:\/\/celther.home.pl\/wwwcelther\/?post_type=product&#038;p=1093"},"modified":"2021-09-30T09:15:11","modified_gmt":"2021-09-30T09:15:11","slug":"shecell-prestige-wygladzajacy-krem-na-dzien-aktywne-booster-serum","status":"publish","type":"product","link":"https:\/\/celther.com\/index.php\/produkt\/shecell-prestige-wygladzajacy-krem-na-dzien-aktywne-booster-serum\/","title":{"rendered":"SHECELL Prestige Wyg\u0142adzaj\u0105cy krem na dzie\u0144 &#038; aktywne booster serum"},"content":{"rendered":"<p><strong>SMOOTH-BOOSTER SILNIE WYG\u0141ADZAJ\u0104CY REDUKTOR ZMARSZCZEK<br \/>\nPresti\u017cowy look mo\u017ce nale\u017ce\u0107 do Ciebie<\/p>\n<p>Typ sk\u00f3ry: sk\u00f3ra dojrza\u0142a i wymagaj\u0105ca, z wyra\u017anymi oznakami starzenia si\u0119<br \/>\nW\u0142a\u015bciwo\u015bci: wyg\u0142adzaj\u0105ce, uj\u0119drniaj\u0105ce, nawil\u017caj\u0105ce, ochraniaj\u0105ce, anti-pollution &amp; anti-aging<br \/>\nWiek: 45 \u2013 55 Dwusk\u0142adnikowa ochrona i piel\u0119gnacja.<\/p>\n<p>Dostosowany do potrzeb wymagaj\u0105cej sk\u00f3ry wyg\u0142adzaj\u0105cy krem na dzie\u0144 oraz unikalne booster serum CITY FACTOR PROTECT \u2013 po\u0142\u0105czenie skoncentrowanego biopolimeru DIBUSHIELD PRO-HEAL\u2122, ochronnej i regeneruj\u0105cej tarczy o silnym dzia\u0142aniu anti-pollution i anti-aging oraz intensywnie nawil\u017caj\u0105cego HYDRANOV, o szybszym i trzykrotnie bardziej efektywnym dzia\u0142aniu od kwasu hialuronowego.<\/p>\n<p>Efekt dla Ciebie: wyra\u017anie wyg\u0142adzona, uj\u0119drniona i hydro-nawil\u017cona sk\u00f3ra twarzy o odczuwalnie zwi\u0119kszonej spr\u0119\u017cysto\u015bci, chroniona przed zanieczyszczeniami powietrza.<\/strong><\/p>\n<p><strong>Stosuj w wybrany przez Ciebie spos\u00f3b: <\/strong>Dla codziennej, ale kompleksowej piel\u0119gnacji: na oczyszczon\u0105 sk\u00f3r\u0119 twarzy na\u0142\u00f3\u017c krem SHECELL PRESTIGE. Delikatnie go wmasuj okr\u0119\u017cnymi ruchami.<br \/>\nJe\u015bli Twoja sk\u00f3ra jest sucha, pozbawiona blasku i elastyczno\u015bci: na oczyszczon\u0105 sk\u00f3r\u0119 twarzy rozprowad\u017a r\u00f3wnomiernie jedn\u0105 kropl\u0119 serum CITY FACTOR PROTECT. Pozostaw do wch\u0142oni\u0119cia.<br \/>\nDla podwojenia efekt\u00f3w: za pomoc\u0105 \u0142y\u017ceczki zmieszaj porcj\u0119 kremu z jedn\u0105 kropl\u0105 serum, a nast\u0119pnie na\u0142\u00f3\u017c na oczyszczon\u0105 sk\u00f3r\u0119 twarzy. Pozostaw do wch\u0142oni\u0119cia.<\/p>\n<p><strong>Sk\u0142ad: <\/strong>KREM: Aqua (Water), Isohexadecane, Glycerin, Cetearyl Olivate, Sorbitan Olivate, Cetearyl Alcohol, Cetyl Palmitate, Sorbitan Palmitate, Sorbitan Oleate, Butyl Methoxydibenzoylmethane, Octocrylene, Ethylhexyl Methoxycinnamate, Phospholipids, Butylene Glycol, Caprylic\/Capric Triglyceride, Carthamus Tinctorius (Safflower) Seed Oil, Squalane, Lauryl Olivate, Isopropyl Myristate, Pentylene Glycol, Hibiscus Abelmoschus Extract, Xanthan Gum, Butyrospermum Parkii (Shea) Butter, Sodium Hyaluronate, Phenoxyethanol, Ethylhexylglycerin, Pentaerythrityl Tetraisostearate, Silica Dimethyl Silylate, Sodium Chondroitin Sulfate, Atelocollagen, Allantoin, Chitin Dibutanoate, Hydroxyethyl Acrylate\/Sodium Acryloyldimethyl Taurate Copolymer, Tocopherol, Beta-Sitosterol, Ascorbyl Palmitate, Lecithin, Propylene Glycol, Hydrogenated Vegetable Glycerides Citrate, Disodium EDTA, Parfum (Fragrance). SERUM: Aqua (Water), Glycerin, Trehalose, Betaine, Pentylene Glycol, Sodium Carrageenan, Sea Salt, Biosaccharide Gum-4, Allantoin, Chitin Dibutanoate, Hydroxyethylcellulose, Hydroxyacetophenone, Phenoxyethanol, Mica, Titanium Dioxide, Tin Oxide.<\/p>\n","protected":false},"excerpt":{"rendered":"<p>SMOOTH-BOOSTER SILNIE WYG\u0141ADZAJ\u0104CY REDUKTOR ZMARSZCZEK Presti\u017cowy look mo\u017ce nale\u017ce\u0107 do Ciebie Typ sk\u00f3ry: sk\u00f3ra dojrza\u0142a i wymagaj\u0105ca, z wyra\u017anymi oznakami starzenia si\u0119 W\u0142a\u015bciwo\u015bci: wyg\u0142adzaj\u0105ce, uj\u0119drniaj\u0105ce, nawil\u017caj\u0105ce, ochraniaj\u0105ce, anti-pollution &amp; anti-aging Wiek: 45 \u2013 55 Dwusk\u0142adnikowa ochrona i piel\u0119gnacja. Dostosowany do potrzeb wymagaj\u0105cej sk\u00f3ry wyg\u0142adzaj\u0105cy krem na dzie\u0144 oraz unikalne booster serum CITY FACTOR PROTECT \u2013 &hellip;<\/p>\n<p class=\"read-more\"> <a class=\"\" href=\"https:\/\/celther.com\/index.php\/produkt\/shecell-prestige-wygladzajacy-krem-na-dzien-aktywne-booster-serum\/\"> <span class=\"screen-reader-text\">SHECELL Prestige Wyg\u0142adzaj\u0105cy krem na dzie\u0144 &#038; aktywne booster serum<\/span> Read More &raquo;<\/a><\/p>\n","protected":false},"featured_media":1094,"template":"","meta":[],"product_cat":[43],"product_tag":[],"_links":{"self":[{"href":"https:\/\/celther.com\/index.php\/wp-json\/wp\/v2\/product\/1093"}],"collection":[{"href":"https:\/\/celther.com\/index.php\/wp-json\/wp\/v2\/product"}],"about":[{"href":"https:\/\/celther.com\/index.php\/wp-json\/wp\/v2\/types\/product"}],"version-history":[{"count":0,"href":"https:\/\/celther.com\/index.php\/wp-json\/wp\/v2\/product\/1093\/revisions"}],"wp:featuredmedia":[{"embeddable":true,"href":"https:\/\/celther.com\/index.php\/wp-json\/wp\/v2\/media\/1094"}],"wp:attachment":[{"href":"https:\/\/celther.com\/index.php\/wp-json\/wp\/v2\/media?parent=1093"}],"wp:term":[{"taxonomy":"product_cat","embeddable":true,"href":"https:\/\/celther.com\/index.php\/wp-json\/wp\/v2\/product_cat?post=1093"},{"taxonomy":"product_tag","embeddable":true,"href":"https:\/\/celther.com\/index.php\/wp-json\/wp\/v2\/product_tag?post=1093"}],"curies":[{"name":"wp","href":"https:\/\/api.w.org\/{rel}","templated":true}]}}