{"id":1085,"date":"2021-07-22T10:31:03","date_gmt":"2021-07-22T10:31:03","guid":{"rendered":"http:\/\/celther.home.pl\/wwwcelther\/?post_type=product&#038;p=1085"},"modified":"2021-09-30T09:15:48","modified_gmt":"2021-09-30T09:15:48","slug":"shecell-prestige-modelujacy-krem-na-noc-aktywne-booster-serum","status":"publish","type":"product","link":"https:\/\/celther.com\/index.php\/produkt\/shecell-prestige-modelujacy-krem-na-noc-aktywne-booster-serum\/","title":{"rendered":"SHECELL Prestige Modeluj\u0105cy krem na noc &#038; aktywne booster serum"},"content":{"rendered":"<p><strong>SMOOTH-BOOSTER SILNIE MODELUJ\u0104CY REDUKTOR ZMARSZCZEK<br \/>\nPresti\u017cowy look mo\u017ce nale\u017ce\u0107 do Ciebie<\/p>\n<p>Typ sk\u00f3ry: sk\u00f3ra dojrza\u0142a i wymagaj\u0105ca, z wyra\u017anymi oznakami starzenia si\u0119<br \/>\nW\u0142a\u015bciwo\u015bci: modeluj\u0105ce kontur twarzy, nawil\u017caj\u0105ce, ochraniaj\u0105ce, anti-pollution &amp; anti-aging<br \/>\nWiek: 45 \u2013 55<\/p>\n<p>Dwusk\u0142adnikowa ochrona i piel\u0119gnacja. Dostosowany do potrzeb wymagaj\u0105cej sk\u00f3ry modeluj\u0105cy krem na noc oraz unikalne booster serum CITY FACTOR PROTECT \u2013 po\u0142\u0105czenie skoncentrowanego biopolimeru DIBUSHIELD PRO-HEAL\u2122, ochronnej i regeneruj\u0105cej tarczy o silnym dzia\u0142aniu anti-pollution i anti-aging oraz intensywnie nawil\u017caj\u0105cego HYDRANOV, o szybszym i trzykrotnie bardziej efektywnym dzia\u0142aniu od kwasu hialuronowego.<\/p>\n<p>Efekt dla Ciebie: <\/strong>napi\u0119ta, spr\u0119\u017cysta i hydro-nawil\u017cona sk\u00f3ra twarzy, uczucie komfortowej piel\u0119gnacji i chroniona przed zanieczyszczeniami powietrza.<\/p>\n<p><strong>Stosuj w wybrany przez Ciebie spos\u00f3b: <\/strong>Dla codziennej, ale kompleksowej piel\u0119gnacji: na oczyszczon\u0105 sk\u00f3r\u0119 twarzy na\u0142\u00f3\u017c krem SHECELL PRESTIGE. Delikatnie go wmasuj okr\u0119\u017cnymi ruchami.<br \/>\nJe\u015bli Twoja sk\u00f3ra jest sucha, pozbawiona blasku i elastyczno\u015bci: na oczyszczon\u0105 sk\u00f3r\u0119 twarzy rozprowad\u017a r\u00f3wnomiernie jedn\u0105 kropl\u0119 serum CITY FACTOR PROTECT. Pozostaw do wch\u0142oni\u0119cia.<br \/>\nDla podwojenia efekt\u00f3w: za pomoc\u0105 \u0142y\u017ceczki zmieszaj porcj\u0119 kremu z jedn\u0105 kropl\u0105 serum, a nast\u0119pnie na\u0142\u00f3\u017c na oczyszczon\u0105 sk\u00f3r\u0119 twarzy. Pozostaw do wch\u0142oni\u0119cia.<\/p>\n<p><strong>Sk\u0142ad: <\/strong>KREM:Aqua (Water), Caprylic\/Capric Triglyceride, Carthamus Tinctorius (Safflower) Seed Oil, Glycerin, Cetearyl Olivate, Sorbitan Olivate, Ethylhexyl Olivate, Cetearyl Alcohol, Cetyl Palmitate, Sorbitan Palmitate, Sorbitan Oleate, Butylene Glycol, Squalane, Octylododecanol, Isopropyl Myristate, Butyrospermum Parkii (Shea) Butter, Helianthus Annuus (Sunflower) Seed Oil, Lupinus Albus Seed Extract, Pentaerythrityl Distearate, Phenoxyethanol, Ethylhexylglycerin, Pentaerythrityl Tetraisostearate, Silica Dimethyl Silylate, Pentylene Glycol, Sodium Chondroitin Sulfate, Atelocollagen, Tocopheryl Acetate, Allantoin, Chitin Dibutanoate, Hydroxyethyl Acrylate\/Sodium Acryloyldimethyl Taurate Copolymer, Tocopherol, Beta-Sitosterol, Ascorbyl Palmitate, Lecithin, Propylene Glycol, Hydrogenated Vegetable Glycerides Citrate, Disodium EDTA, Parfum (Fragrance).SERUM: Aqua (Water), Glycerin, Trehalose, Betaine, Pentylene Glycol, Sodium Carrageenan, Sea Salt, Biosaccharide Gum-4, Allantoin, Chitin Dibutanoate, Hydroxyethylcellulose, Hydroxyacetophenone, Phenoxyethanol, Mica, Titanium Dioxide, Tin Oxide.<\/p>\n","protected":false},"excerpt":{"rendered":"<p>SMOOTH-BOOSTER SILNIE MODELUJ\u0104CY REDUKTOR ZMARSZCZEK Presti\u017cowy look mo\u017ce nale\u017ce\u0107 do Ciebie Typ sk\u00f3ry: sk\u00f3ra dojrza\u0142a i wymagaj\u0105ca, z wyra\u017anymi oznakami starzenia si\u0119 W\u0142a\u015bciwo\u015bci: modeluj\u0105ce kontur twarzy, nawil\u017caj\u0105ce, ochraniaj\u0105ce, anti-pollution &amp; anti-aging Wiek: 45 \u2013 55 Dwusk\u0142adnikowa ochrona i piel\u0119gnacja. Dostosowany do potrzeb wymagaj\u0105cej sk\u00f3ry modeluj\u0105cy krem na noc oraz unikalne booster serum CITY FACTOR PROTECT &hellip;<\/p>\n<p class=\"read-more\"> <a class=\"\" href=\"https:\/\/celther.com\/index.php\/produkt\/shecell-prestige-modelujacy-krem-na-noc-aktywne-booster-serum\/\"> <span class=\"screen-reader-text\">SHECELL Prestige Modeluj\u0105cy krem na noc &#038; aktywne booster serum<\/span> Read More &raquo;<\/a><\/p>\n","protected":false},"featured_media":1086,"template":"","meta":[],"product_cat":[43],"product_tag":[],"_links":{"self":[{"href":"https:\/\/celther.com\/index.php\/wp-json\/wp\/v2\/product\/1085"}],"collection":[{"href":"https:\/\/celther.com\/index.php\/wp-json\/wp\/v2\/product"}],"about":[{"href":"https:\/\/celther.com\/index.php\/wp-json\/wp\/v2\/types\/product"}],"version-history":[{"count":0,"href":"https:\/\/celther.com\/index.php\/wp-json\/wp\/v2\/product\/1085\/revisions"}],"wp:featuredmedia":[{"embeddable":true,"href":"https:\/\/celther.com\/index.php\/wp-json\/wp\/v2\/media\/1086"}],"wp:attachment":[{"href":"https:\/\/celther.com\/index.php\/wp-json\/wp\/v2\/media?parent=1085"}],"wp:term":[{"taxonomy":"product_cat","embeddable":true,"href":"https:\/\/celther.com\/index.php\/wp-json\/wp\/v2\/product_cat?post=1085"},{"taxonomy":"product_tag","embeddable":true,"href":"https:\/\/celther.com\/index.php\/wp-json\/wp\/v2\/product_tag?post=1085"}],"curies":[{"name":"wp","href":"https:\/\/api.w.org\/{rel}","templated":true}]}}