{"id":875,"date":"2021-07-20T21:38:38","date_gmt":"2021-07-20T21:38:38","guid":{"rendered":"http:\/\/celther.home.pl\/wwwcelther\/?page_id=875"},"modified":"2021-12-17T07:50:47","modified_gmt":"2021-12-17T07:50:47","slug":"uslugi-produkcyjne","status":"publish","type":"page","link":"https:\/\/celther.com\/index.php\/uslugi-produkcyjne\/","title":{"rendered":"Us\u0142ugi produkcyjne"},"content":{"rendered":"\t\t<div data-elementor-type=\"wp-page\" data-elementor-id=\"875\" data-post-id=\"875\" data-obj-id=\"875\" class=\"elementor elementor-875 dce-elementor-post-875\">\n\t\t\t\t\t\t\t\t\t<section class=\"elementor-section elementor-top-section elementor-element elementor-element-84bb0ef elementor-section-full_width elementor-section-height-default elementor-section-height-default\" data-id=\"84bb0ef\" data-element_type=\"section\">\n\t\t\t\t\t\t<div class=\"elementor-container elementor-column-gap-no\">\n\t\t\t\t\t<div class=\"elementor-column elementor-col-100 elementor-top-column elementor-element elementor-element-b6cbac4\" data-id=\"b6cbac4\" data-element_type=\"column\">\n\t\t\t<div class=\"elementor-widget-wrap elementor-element-populated\">\n\t\t\t\t\t\t\t\t<div class=\"elementor-element elementor-element-b7cf6ef dce_masking-none elementor-widget elementor-widget-image\" data-id=\"b7cf6ef\" data-element_type=\"widget\" data-widget_type=\"image.default\">\n\t\t\t\t<div class=\"elementor-widget-container\">\n\t\t\t\t\t\t\t\t\t\t\t\t\t\t\t<img width=\"1920\" height=\"727\" src=\"https:\/\/celther.com\/wp-content\/uploads\/2021\/05\/Group-4641-1.png\" class=\"attachment-full size-full\" alt=\"\" loading=\"lazy\" srcset=\"https:\/\/celther.com\/wp-content\/uploads\/2021\/05\/Group-4641-1.png 1920w, https:\/\/celther.com\/wp-content\/uploads\/2021\/05\/Group-4641-1-600x227.png 600w, https:\/\/celther.com\/wp-content\/uploads\/2021\/05\/Group-4641-1-900x341.png 900w, https:\/\/celther.com\/wp-content\/uploads\/2021\/05\/Group-4641-1-300x114.png 300w, https:\/\/celther.com\/wp-content\/uploads\/2021\/05\/Group-4641-1-1024x388.png 1024w, https:\/\/celther.com\/wp-content\/uploads\/2021\/05\/Group-4641-1-768x291.png 768w, https:\/\/celther.com\/wp-content\/uploads\/2021\/05\/Group-4641-1-1536x582.png 1536w\" sizes=\"(max-width: 1920px) 100vw, 1920px\" \/>\t\t\t\t\t\t\t\t\t\t\t\t\t\t\t<\/div>\n\t\t\t\t<\/div>\n\t\t\t\t<div class=\"elementor-element elementor-element-90b78b2 elementor-widget elementor-widget-heading\" data-id=\"90b78b2\" data-element_type=\"widget\" data-widget_type=\"heading.default\">\n\t\t\t\t<div class=\"elementor-widget-container\">\n\t\t\t<h2 class=\"elementor-heading-title elementor-size-default\">Us\u0142ugi produkcyjne<\/h2>\t\t<\/div>\n\t\t\t\t<\/div>\n\t\t\t\t<div class=\"elementor-element elementor-element-24f1a77 elementor-widget elementor-widget-text-editor\" data-id=\"24f1a77\" data-element_type=\"widget\" data-widget_type=\"text-editor.default\">\n\t\t\t\t<div class=\"elementor-widget-container\">\n\t\t\t\t\t\t\tCelther Polska dysponuje prawie 2000 m<sup>2<\/sup> przeciwwybuchowej powierzchni produkcyjnej, posiadaj\u0105cej klas\u0119 czysto\u015bci kategorii D (zakwalifikowane pomieszczenia czyste) i uprawniaj\u0105cej do produkcji substancji \u0142atwopalnych i wybuchowych, a tak\u017ce produkcji kosmetyk\u00f3w i wyrob\u00f3w medycznych, przeznaczonych do sk\u00f3ry i b\u0142on \u015bluzowych.\n\nProdukcja mas realizowana jest na mieszalnikach ze stali nierdzewnej o wielko\u015bci wsadu 100-300 kg i 300-950 kg. Pozwala to na uzyskanie wydajno\u015bci produkcji rz\u0119du 4 ton produktu na dob\u0119, przy za\u0142o\u017ceniu powieszenia zespo\u0142u produkcyjnego.\t\t\t\t\t\t<\/div>\n\t\t\t\t<\/div>\n\t\t\t\t<div class=\"elementor-element elementor-element-5bc4116 elementor-widget elementor-widget-text-editor\" data-id=\"5bc4116\" data-element_type=\"widget\" data-widget_type=\"text-editor.default\">\n\t\t\t\t<div class=\"elementor-widget-container\">\n\t\t\t\t\t\t\t<p>Zak\u0142ad Celther Polska umo\u017cliwia produkcj\u0119 kosmetyk\u00f3w i wyrob\u00f3w medycznych w formie p\u0142ynnej w postaci p\u0142ynu, \u017celu, ma\u015bci, kremu oraz syropu &#8211; zar\u00f3wno o niskiej jak i wysokiej g\u0119sto\u015bci i lepko\u015bci. Celther Polska oferuje tak\u017ce\u00a0us\u0142ugi konfekcjonowania w butelki, tuby zgrzewalne czy s\u0142oiki z dowolnie wybranego materia\u0142u. Us\u0142ugi realizowane s\u0105 na urz\u0105dzeniach automatycznych, p\u00f3\u0142automatycznych lub w spos\u00f3b manualny &#8211; w zale\u017cno\u015bci od specyfiki produktu i oczekiwa\u0144 klienta. Wydajno\u015b\u0107 konfekcjonowania uzale\u017cniona jest od stopnia skomplikowania produktu. \u015aredni nak\u0142ad produkcyjny wynosi oko\u0142o 24 000 sztuk na dob\u0119 w przypadku konfekcjonowania w tuby.<\/p><p>Celther Polska oferuje tak\u017ce kompleksowe us\u0142ugi realizacji projekt\u00f3w kapita\u0142owych oraz produkcji nowych linii produktowych dla sta\u0142ych i nowych klient\u00f3w.<\/p><p><strong>Laboratorium Biologii Kom\u00f3rki i Obrazowania<\/strong><\/p><p>Celther Polska dysponuje laboratoriami biologii kom\u00f3rki i obrazowania, gdzie prowadzone s\u0105 m.in. badania z wykorzystaniem indukowanych pluripotentnych kom\u00f3rek macierzystych czy linii nowotworowych. Laboratoria wyposa\u017cone s\u0105 w nowoczesne urz\u0105dzenia pozwalaj\u0105ce na monitorowanie proces\u00f3w biologicznych w \u017cywych kom\u00f3rkach takich, jak \u017cywotno\u015b\u0107, adhezyjno\u015b\u0107, wzrost i proliferacja, inwazyjno\u015b\u0107, migracja, itd. (mikroskop Olympus CKX41, OLYMPUS CORPORATION; JuLI<sup>TM<\/sup>, Smart fluorescent cell analyzer, NanoEnTek, Inc.), a tak\u017ce standardow\u0105 infrastruktur\u0119 do analiz kom\u00f3rkowych, w tym analiz immunocytochemicznych (mikroskop fluorescencyjny Nikon Eclipse Ci-S, Nikon Corporation).<\/p><p><strong>Laboratorium Bada\u0144 Molekularnych<\/strong><\/p><p>Pracownia Biologii Molekularnej wyposa\u017cona jest w urz\u0105dzenia umo\u017cliwiaj\u0105ce ocen\u0119 zmian na poziomie DNA, RNA oraz bia\u0142ek. Pocz\u0105wszy od b\u0119d\u0105cych obecnie standardem analiz sekwencji za pomoc\u0105 sekwenatora kapilarnego (Applied Biosystems<sup>\u00ae<\/sup> 3130 Genetic Analyzer), umo\u017cliwiaj\u0105cego ocen\u0119 do prawie 200 unikalnych sekwencji DNA dziennie. Poprzez wysokiej klasy urz\u0105dzenie do pomiaru przyrostu produktu w czasie rzeczywistym Real-time PCR, sko\u0144czywszy na urz\u0105dzeniu do masywnego r\u00f3wnoleg\u0142ego sekwencjonowania (Ion PGM<sup>TM <\/sup>System, Ion Torrent<sup>\u00ae<\/sup>), umo\u017cliwiaj\u0105cego poznanie po\u0142o\u017cenia w genomie setek tysi\u0119cy par zasad w jednej analizie. Ponadto pracownia wyposa\u017cona jest w du\u017c\u0105 liczb\u0119 dodatkowych urz\u0105dze\u0144 niezb\u0119dnych do prowadzanie analiz molekularnych: cyklery PCR, aparaty do elektroforezy, spektrofotometry, system do obrazowania fluorescencji i chemiluminescencji (Molecular Imager<sup>\u00ae<\/sup> Gel Doc XR and ChemiDoc XRS Systems, Bio-Rad Laboratories, Inc.), systemy do mro\u017cenia w &#8211; 80<sup>\u1d52<\/sup>C (New Brunswick<sup>TM<\/sup> Innova<sup>\u00ae<\/sup>), oraz w ciek\u0142ym azocie i wiele innych.<\/p><p><strong>\u00a0<\/strong><strong>Pracownia Bioinformatyczna<\/strong><\/p><p>Nasi bioinformatycy wykorzystuj\u0105 znane techniki modelowania komputerowego, w celu poszukiwania nowych zwi\u0105zk\u00f3w organicznych zdolnych do blokowania okre\u015blonego typu bia\u0142ek. W badaniach <em>in silico<\/em> stosuje si\u0119 dwa podej\u015bcia: wirtualne przeszukiwanie du\u017cych zbior\u00f3w zwi\u0105zk\u00f3w chemicznych oraz kierunkowe przeszukiwanie bibliotek ligand\u00f3w za pomoc\u0105 farmakofora, zbudowanego na podstawie miejsca wi\u0105\u017c\u0105cego bia\u0142ka. Najbardziej obiecuj\u0105ce, spo\u015br\u00f3d znalezionych, zwi\u0105zki chemiczne s\u0105 nast\u0119pnie dokowane do miejsca wi\u0105\u017c\u0105cego bia\u0142ka metod\u0105 indukowanego dopasowania.<\/p><p><span style=\"text-decoration: underline;\"><a href=\"https:\/\/celther.com\/index.php\/kontakt-2\/\">Po szczeg\u00f3\u0142y zapraszamy do kontaktu.<\/a> <\/span><\/p>\t\t\t\t\t\t<\/div>\n\t\t\t\t<\/div>\n\t\t\t\t\t<\/div>\n\t\t<\/div>\n\t\t\t\t\t\t\t<\/div>\n\t\t<\/section>\n\t\t\t\t\t\t\t<\/div>\n\t\t","protected":false},"excerpt":{"rendered":"<p>Us\u0142ugi produkcyjne Celther Polska dysponuje prawie 2000 m2 przeciwwybuchowej powierzchni produkcyjnej, posiadaj\u0105cej klas\u0119 czysto\u015bci kategorii D (zakwalifikowane pomieszczenia czyste) i uprawniaj\u0105cej do produkcji substancji \u0142atwopalnych i wybuchowych, a tak\u017ce produkcji kosmetyk\u00f3w i wyrob\u00f3w medycznych, przeznaczonych do sk\u00f3ry i b\u0142on \u015bluzowych. Produkcja mas realizowana jest na mieszalnikach ze stali nierdzewnej o wielko\u015bci wsadu 100-300 kg i &hellip;<\/p>\n<p class=\"read-more\"> <a class=\"\" href=\"https:\/\/celther.com\/index.php\/uslugi-produkcyjne\/\"> <span class=\"screen-reader-text\">Us\u0142ugi produkcyjne<\/span> Read More &raquo;<\/a><\/p>\n","protected":false},"author":1,"featured_media":0,"parent":0,"menu_order":0,"comment_status":"closed","ping_status":"closed","template":"elementor_header_footer","meta":[],"_links":{"self":[{"href":"https:\/\/celther.com\/index.php\/wp-json\/wp\/v2\/pages\/875"}],"collection":[{"href":"https:\/\/celther.com\/index.php\/wp-json\/wp\/v2\/pages"}],"about":[{"href":"https:\/\/celther.com\/index.php\/wp-json\/wp\/v2\/types\/page"}],"author":[{"embeddable":true,"href":"https:\/\/celther.com\/index.php\/wp-json\/wp\/v2\/users\/1"}],"replies":[{"embeddable":true,"href":"https:\/\/celther.com\/index.php\/wp-json\/wp\/v2\/comments?post=875"}],"version-history":[{"count":0,"href":"https:\/\/celther.com\/index.php\/wp-json\/wp\/v2\/pages\/875\/revisions"}],"wp:attachment":[{"href":"https:\/\/celther.com\/index.php\/wp-json\/wp\/v2\/media?parent=875"}],"curies":[{"name":"wp","href":"https:\/\/api.w.org\/{rel}","templated":true}]}}