{"id":391,"date":"2021-05-18T21:15:39","date_gmt":"2021-05-18T21:15:39","guid":{"rendered":"http:\/\/celther.home.pl\/wwwcelther\/?page_id=391"},"modified":"2022-02-14T20:46:35","modified_gmt":"2022-02-14T20:46:35","slug":"kariera","status":"publish","type":"page","link":"https:\/\/celther.com\/index.php\/kariera\/","title":{"rendered":"Kariera"},"content":{"rendered":"\t\t<div data-elementor-type=\"wp-page\" data-elementor-id=\"391\" data-post-id=\"391\" data-obj-id=\"391\" class=\"elementor elementor-391 dce-elementor-post-391\">\n\t\t\t\t\t\t\t\t\t<section class=\"elementor-section elementor-top-section elementor-element elementor-element-1912f15 elementor-section-full_width elementor-section-height-default elementor-section-height-default\" data-id=\"1912f15\" data-element_type=\"section\" data-settings=\"{&quot;background_background&quot;:&quot;classic&quot;}\">\n\t\t\t\t\t\t<div class=\"elementor-container elementor-column-gap-no\">\n\t\t\t\t\t<div class=\"elementor-column elementor-col-100 elementor-top-column elementor-element elementor-element-9fbc2ea\" data-id=\"9fbc2ea\" data-element_type=\"column\">\n\t\t\t<div class=\"elementor-widget-wrap elementor-element-populated\">\n\t\t\t\t\t\t\t\t<div class=\"elementor-element elementor-element-70285ac dce_masking-none elementor-widget elementor-widget-image\" data-id=\"70285ac\" data-element_type=\"widget\" data-widget_type=\"image.default\">\n\t\t\t\t<div class=\"elementor-widget-container\">\n\t\t\t\t\t\t\t\t\t\t\t\t\t\t\t<img src=\"https:\/\/celther.com\/wp-content\/uploads\/elementor\/thumbs\/kontakt_final-e1644871548854-pkimfgh6qsnc4lfqc6vfo0p83h6epwesdbvopvzg8w.png\" title=\"kontakt_final\" alt=\"kontakt_final\" \/>\t\t\t\t\t\t\t\t\t\t\t\t\t\t\t<\/div>\n\t\t\t\t<\/div>\n\t\t\t\t<div class=\"elementor-element elementor-element-27c3f8c elementor-widget elementor-widget-heading\" data-id=\"27c3f8c\" data-element_type=\"widget\" data-widget_type=\"heading.default\">\n\t\t\t\t<div class=\"elementor-widget-container\">\n\t\t\t<h2 class=\"elementor-heading-title elementor-size-default\">Skorzystaj z formularza, a my skontaktujemy si\u0119 z Tob\u0105.<\/h2>\t\t<\/div>\n\t\t\t\t<\/div>\n\t\t\t\t<section class=\"elementor-section elementor-inner-section elementor-element elementor-element-2331eba elementor-section-boxed elementor-section-height-default elementor-section-height-default\" data-id=\"2331eba\" data-element_type=\"section\">\n\t\t\t\t\t\t<div class=\"elementor-container elementor-column-gap-default\">\n\t\t\t\t\t<div class=\"elementor-column elementor-col-50 elementor-inner-column elementor-element elementor-element-da9164f\" data-id=\"da9164f\" data-element_type=\"column\">\n\t\t\t<div class=\"elementor-widget-wrap elementor-element-populated\">\n\t\t\t\t\t\t\t\t<div class=\"elementor-element elementor-element-a2b9f2c elementor-button-align-end elementor-widget elementor-widget-form\" data-id=\"a2b9f2c\" data-element_type=\"widget\" data-settings=\"{&quot;step_next_label&quot;:&quot;Next&quot;,&quot;step_previous_label&quot;:&quot;Previous&quot;,&quot;button_width&quot;:&quot;100&quot;,&quot;step_type&quot;:&quot;number_text&quot;,&quot;step_icon_shape&quot;:&quot;circle&quot;}\" data-widget_type=\"form.default\">\n\t\t\t\t<div class=\"elementor-widget-container\">\n\t\t\t\t\t<form class=\"elementor-form\" method=\"post\" name=\"New Form\">\n\t\t\t<input type=\"hidden\" name=\"post_id\" value=\"391\"\/>\n\t\t\t<input type=\"hidden\" name=\"form_id\" value=\"a2b9f2c\"\/>\n\t\t\t<input type=\"hidden\" name=\"referer_title\" value=\"\" \/>\n\n\t\t\t\n\t\t\t<div class=\"elementor-form-fields-wrapper elementor-labels-above\">\n\t\t\t\t\t\t\t\t<div class=\"elementor-field-type-upload elementor-field-group elementor-column elementor-field-group-name elementor-col-100\">\n\t\t\t\t\t<label for=\"form-field-name\" class=\"elementor-field-label\">CV - prosz\u0119 wybra\u0107 plik<\/label><input type=\"file\" name=\"form_fields[name]\" id=\"form-field-name\" class=\"elementor-field elementor-size-sm  elementor-upload-field\" data-maxsize=\"10\" data-maxsize-message=\"This file exceeds the maximum allowed size.\">\t\t\t\t<\/div>\n\t\t\t\t\t\t\t\t<div class=\"elementor-field-type-text elementor-field-group elementor-column elementor-field-group-field_de3c484 elementor-col-50 elementor-field-required elementor-mark-required\">\n\t\t\t\t\t<input size=\"1\" type=\"text\" name=\"form_fields[field_de3c484]\" id=\"form-field-field_de3c484\" class=\"elementor-field elementor-size-sm  elementor-field-textual\" placeholder=\"Imi\u0119\" required=\"required\" aria-required=\"true\">\t\t\t\t<\/div>\n\t\t\t\t\t\t\t\t<div class=\"elementor-field-type-text elementor-field-group elementor-column elementor-field-group-field_06b9150 elementor-col-50 elementor-field-required elementor-mark-required\">\n\t\t\t\t\t<input size=\"1\" type=\"text\" name=\"form_fields[field_06b9150]\" id=\"form-field-field_06b9150\" class=\"elementor-field elementor-size-sm  elementor-field-textual\" placeholder=\"Nazwisko\" required=\"required\" aria-required=\"true\">\t\t\t\t<\/div>\n\t\t\t\t\t\t\t\t<div class=\"elementor-field-type-email elementor-field-group elementor-column elementor-field-group-field_03dd412 elementor-col-50 elementor-field-required elementor-mark-required\">\n\t\t\t\t\t<input size=\"1\" type=\"email\" name=\"form_fields[field_03dd412]\" id=\"form-field-field_03dd412\" class=\"elementor-field elementor-size-sm  elementor-field-textual\" placeholder=\"Adres e-mail\" required=\"required\" aria-required=\"true\">\t\t\t\t<\/div>\n\t\t\t\t\t\t\t\t<div class=\"elementor-field-type-text elementor-field-group elementor-column elementor-field-group-field_055555a elementor-col-50 elementor-field-required elementor-mark-required\">\n\t\t\t\t\t<input size=\"1\" type=\"text\" name=\"form_fields[field_055555a]\" id=\"form-field-field_055555a\" class=\"elementor-field elementor-size-sm  elementor-field-textual\" placeholder=\"Telefon kontaktowy\" required=\"required\" aria-required=\"true\">\t\t\t\t<\/div>\n\t\t\t\t\t\t\t\t<div class=\"elementor-field-type-textarea elementor-field-group elementor-column elementor-field-group-message elementor-col-100 elementor-field-required elementor-mark-required\">\n\t\t\t\t\t<textarea class=\"elementor-field-textual elementor-field  elementor-size-sm\" name=\"form_fields[message]\" id=\"form-field-message\" rows=\"11\" placeholder=\"Tre\u015b\u0107 wiadomo\u015bci\" required=\"required\" aria-required=\"true\"><\/textarea>\t\t\t\t<\/div>\n\t\t\t\t\t\t\t\t<div class=\"elementor-field-type-acceptance elementor-field-group elementor-column elementor-field-group-field_9b9982a elementor-col-100 elementor-field-required elementor-mark-required\">\n\t\t\t\t\t<div class=\"elementor-field-subgroup\"><span class=\"elementor-field-option\"><input type=\"checkbox\" name=\"form_fields[field_9b9982a]\" id=\"form-field-field_9b9982a\" class=\"elementor-field elementor-size-sm  elementor-acceptance-field\" required=\"required\" aria-required=\"true\"> <label for=\"form-field-field_9b9982a\">Wyra\u017cam zgod\u0119 na przetwarzanie danych wed\u0142ug <a href=\"https:\/\/celther.com\/index.php\/polityka-prywatnosci\/\" target=\"_blank\" style=\"text-decoration:underline;\">polityki prywatno\u015bci<\/a><\/label><\/span><\/div>\t\t\t\t<\/div>\n\t\t\t\t\t\t\t\t<div class=\"elementor-field-group elementor-column elementor-field-type-submit elementor-col-100 e-form__buttons\">\n\t\t\t\t\t<button type=\"submit\" class=\"elementor-button elementor-size-sm\">\n\t\t\t\t\t\t<span >\n\t\t\t\t\t\t\t\t\t\t\t\t\t\t\t<span class=\" elementor-button-icon\">\n\t\t\t\t\t\t\t\t\t\t\t\t\t\t\t\t\t\t\t\t\t\t\t\t\t\t<\/span>\n\t\t\t\t\t\t\t\t\t\t\t\t\t\t\t\t\t\t\t\t\t\t<span class=\"elementor-button-text\">Wy\u015blij<\/span>\n\t\t\t\t\t\t\t\t\t\t\t\t\t<\/span>\n\t\t\t\t\t<\/button>\n\t\t\t\t<\/div>\n\t\t\t<\/div>\n\t\t<\/form>\n\t\t\t\t<\/div>\n\t\t\t\t<\/div>\n\t\t\t\t\t<\/div>\n\t\t<\/div>\n\t\t\t\t<div class=\"elementor-column elementor-col-50 elementor-inner-column elementor-element elementor-element-8bef015\" data-id=\"8bef015\" data-element_type=\"column\">\n\t\t\t<div class=\"elementor-widget-wrap elementor-element-populated\">\n\t\t\t\t\t\t\t\t<div class=\"elementor-element elementor-element-7f0c77d elementor-widget elementor-widget-heading\" data-id=\"7f0c77d\" data-element_type=\"widget\" data-widget_type=\"heading.default\">\n\t\t\t\t<div class=\"elementor-widget-container\">\n\t\t\t<h2 class=\"elementor-heading-title elementor-size-default\">Co oferujemy?<\/h2>\t\t<\/div>\n\t\t\t\t<\/div>\n\t\t\t\t<div class=\"elementor-element elementor-element-478fd07 elementor-align-left elementor-icon-list--layout-traditional elementor-list-item-link-full_width elementor-widget elementor-widget-icon-list\" data-id=\"478fd07\" data-element_type=\"widget\" data-widget_type=\"icon-list.default\">\n\t\t\t\t<div class=\"elementor-widget-container\">\n\t\t\t\t\t<ul class=\"elementor-icon-list-items\">\n\t\t\t\t\t\t\t<li class=\"elementor-icon-list-item\">\n\t\t\t\t\t\t\t\t\t\t\t<span class=\"elementor-icon-list-icon\">\n\t\t\t\t\t\t\t<svg xmlns=\"http:\/\/www.w3.org\/2000\/svg\" width=\"66.962\" height=\"65.988\" viewBox=\"0 0 66.962 65.988\"><g id=\"Group_4671\" data-name=\"Group 4671\" transform=\"translate(-38.756 -7.091)\"><path id=\"Path_4430\" data-name=\"Path 4430\" d=\"M44.787,42.583a.812.812,0,0,1-.8-.709L42.054,26.626a.813.813,0,0,1,.569-.879L56.2,21.625a10.789,10.789,0,0,1,6.131-.331l12.543,1.668c3.386.653,3.717,3.893,3.423,5.518a.307.307,0,0,0,.115.337.292.292,0,0,0,.334.012l14-8.681a3.848,3.848,0,0,1,4.568.322,4.086,4.086,0,0,1,1.253,4.6,9.549,9.549,0,0,1-1.615,2.795A19.64,19.64,0,0,1,94.886,29.9c-.232.2-.464.412-.69.622a20.135,20.135,0,0,1-1.925,1.569L80.059,40.838a8.951,8.951,0,0,1-5.233,1.68l-30.035.065ZM43.75,27.1,45.5,40.961l29.32-.068a7.332,7.332,0,0,0,4.293-1.374l12.212-8.743a18.148,18.148,0,0,0,1.767-1.445q.353-.32.715-.641a18.044,18.044,0,0,0,1.9-1.866,7.9,7.9,0,0,0,1.334-2.312,2.487,2.487,0,0,0-.768-2.792,2.2,2.2,0,0,0-2.631-.22L79.6,30.207a1.925,1.925,0,0,1-2.894-2.043c.05-.291.461-3.107-2.092-3.6L62.078,22.9a9.357,9.357,0,0,0-5.37.266Z\" transform=\"translate(6.895 26.095)\" fill=\"#343741\"><\/path><path id=\"Path_4431\" data-name=\"Path 4431\" d=\"M44.617,46.621a3.384,3.384,0,0,1-3.349-2.962L38.783,24a3.391,3.391,0,0,1,2.934-3.782l3.7-.467a4.314,4.314,0,0,1,4.819,3.739l2.25,17.814a4.316,4.316,0,0,1-3.735,4.819l-3.7.467A3.346,3.346,0,0,1,44.617,46.621Zm1.349-25.278a3.2,3.2,0,0,0-.344.022l-3.7.47A1.761,1.761,0,0,0,40.392,23.8l2.485,19.658a1.763,1.763,0,0,0,1.968,1.526l3.7-.467a2.693,2.693,0,0,0,2.33-3.005l-2.25-17.817a2.7,2.7,0,0,0-2.662-2.352Z\" transform=\"translate(0 26.458)\" fill=\"#343741\"><\/path><path id=\"Path_4432\" data-name=\"Path 4432\" d=\"M52.123,23.934c-.087-.006-2.1-.217-2.1-.217a.812.812,0,1,1,.17-1.615l2.015.214a.812.812,0,0,1-.084,1.619Z\" transform=\"translate(22.071 31.436)\" fill=\"#343741\"><\/path><path id=\"Path_4433\" data-name=\"Path 4433\" d=\"M49.9,23.7c-.087-.006-2.1-.22-2.1-.22a.811.811,0,0,1,.17-1.612l2.018.214A.812.812,0,0,1,49.9,23.7Z\" transform=\"translate(17.419 30.946)\" fill=\"#343741\"><\/path><path id=\"Path_4434\" data-name=\"Path 4434\" d=\"M62.214,25c-.084,0-11.544-1.213-11.544-1.213a.811.811,0,1,1,.17-1.612L62.3,23.378A.811.811,0,0,1,62.214,25Z\" transform=\"translate(23.437 31.581)\" fill=\"#343741\"><\/path><path id=\"Path_4435\" data-name=\"Path 4435\" d=\"M53.264,28.642a5.094,5.094,0,0,1-4.1-2.055.811.811,0,0,1,1.3-.972,3.495,3.495,0,1,0,2.813-5.586,5.169,5.169,0,0,1-3.435-1.51,5.118,5.118,0,1,1,7.731-6.672.812.812,0,0,1-1.3.975,3.5,3.5,0,1,0-2.813,5.586,5.119,5.119,0,0,1-.195,10.235Z\" transform=\"translate(20.103 5.664)\" fill=\"#343741\"><\/path><path id=\"Path_4436\" data-name=\"Path 4436\" d=\"M59.512,36.53A14.134,14.134,0,0,1,58.794,8.28a.81.81,0,1,1,.08,1.619A12.511,12.511,0,1,0,71.167,26.945a.812.812,0,0,1,1.513.591A14.056,14.056,0,0,1,59.512,36.53Z\" transform=\"translate(13.871 2.488)\" fill=\"#343741\"><\/path><path id=\"Path_4437\" data-name=\"Path 4437\" d=\"M52.3,9.962a14.079,14.079,0,0,0-1.987-.053.8.8,0,0,1-.851-.768.811.811,0,0,1,.771-.851,14.624,14.624,0,0,1,2.145.053A.811.811,0,0,1,52.3,9.962Z\" transform=\"translate(22.43 2.477)\" fill=\"#343741\"><\/path><path id=\"Path_4438\" data-name=\"Path 4438\" d=\"M59.886,20.788a.812.812,0,0,1-.8-.715,12.4,12.4,0,0,0-1.188-4.033.81.81,0,1,1,1.455-.715,14.044,14.044,0,0,1,1.346,4.556.811.811,0,0,1-.712.9A.5.5,0,0,1,59.886,20.788ZM56,12.865a.808.808,0,0,1-.569-.232,12.523,12.523,0,0,0-3.451-2.408.811.811,0,0,1,.69-1.467,14.121,14.121,0,0,1,3.9,2.717A.811.811,0,0,1,56,12.865Z\" transform=\"translate(26.724 3.331)\" fill=\"#343741\"><\/path><path id=\"Path_4439\" data-name=\"Path 4439\" d=\"M54.506,17.079a.841.841,0,0,1-.3-.056.815.815,0,0,1-.461-1.052,12.356,12.356,0,0,0,.557-1.82.81.81,0,1,1,1.581.353,13.967,13.967,0,0,1-.625,2.058A.818.818,0,0,1,54.506,17.079Z\" transform=\"translate(31.29 13.461)\" fill=\"#343741\"><\/path><path id=\"Path_4440\" data-name=\"Path 4440\" d=\"M61.99,42.675A17.792,17.792,0,1,1,79.782,24.883,17.813,17.813,0,0,1,61.99,42.675Zm0-33.963a16.17,16.17,0,1,0,16.17,16.17A16.19,16.19,0,0,0,61.99,8.713Z\" transform=\"translate(11.393 0)\" fill=\"#343741\"><\/path><\/g><\/svg>\t\t\t\t\t\t<\/span>\n\t\t\t\t\t\t\t\t\t\t<span class=\"elementor-icon-list-text\">Atrakcyjny system wynagrodze\u0144 <\/span>\n\t\t\t\t\t\t\t\t\t<\/li>\n\t\t\t\t\t\t\t\t<li class=\"elementor-icon-list-item\">\n\t\t\t\t\t\t\t\t\t\t\t<span class=\"elementor-icon-list-icon\">\n\t\t\t\t\t\t\t<svg xmlns=\"http:\/\/www.w3.org\/2000\/svg\" width=\"63.335\" height=\"65.589\" viewBox=\"0 0 63.335 65.589\"><g id=\"Group_4675\" data-name=\"Group 4675\" transform=\"translate(-1201.373 -1207.148)\"><g id=\"Group_4672\" data-name=\"Group 4672\" transform=\"translate(1203.674 1207.148)\"><g id=\"Group_4674\" data-name=\"Group 4674\" transform=\"translate(0 0)\"><path id=\"Path_4441\" data-name=\"Path 4441\" d=\"M-2141.943-162.5q-11.756,0-23.511-.013a5.907,5.907,0,0,1-5.85-5.648,5.805,5.805,0,0,1,1.683-4.206,6.042,6.042,0,0,1,4.285-1.98q1.8-.011,3.6-.026c2.3-.018,4.6-.036,6.9-.036,3.2,0,5.852.035,8.334.112q.166.005.328.005a9.353,9.353,0,0,0,6.6-2.749,30.8,30.8,0,0,0,6.176-7.675,40.8,40.8,0,0,0,4.325-10.164l.283-.359-.115-.334.529-2.2-1.594,1.481-.112-.02-.322.41.007.005-.017.016c-.287.267-.58.529-.873.79-.686.614-1.4,1.249-2.04,1.952a4.131,4.131,0,0,1-3.065,1.7,3.485,3.485,0,0,1-.536-.043l-.4-.062-2.217,2.066-1.472.455c-.1-.068-.209-.136-.317-.206a9.792,9.792,0,0,1-1.44-1.056c-.806-.765-1.6-1.578-2.375-2.364-.965-.982-1.962-2-3-2.95a3.475,3.475,0,0,1-1.4-2.5,3.186,3.186,0,0,1,1.391-2.254c.133-.109.274-.209.41-.306l.216-.156.49-.361-.191-.578a2.84,2.84,0,0,1,.764-3.251q7.385-7.352,14.75-14.724l7.057-7.052a3.7,3.7,0,0,1,.355-.3l.071-.055a4.721,4.721,0,0,1,1-.117,2.868,2.868,0,0,1,2.167.946l.556.57,2.553-2.24a4.128,4.128,0,0,1,.967-.124,3.331,3.331,0,0,1,2.592,1.331,22.168,22.168,0,0,0,2.157,2.156,3.326,3.326,0,0,1,1.239,3.6l-2.075,2.287.352.542q.1.154.209.31a6.615,6.615,0,0,1,.382.6,2.5,2.5,0,0,1-.378,3.256,17.019,17.019,0,0,1-1.646,1.462c-.273.223-.546.446-.812.675l-.5.429.3.586c1.985,3.921,2.186,7.921,2.223,11.682a52.145,52.145,0,0,1-3.323,19.09c-.375.988-.82,1.953-1.292,2.975-.225.487-.454.982-.681,1.493l-.527,1.186,1.4-.006a6.844,6.844,0,0,1,4.8,1.429,6.569,6.569,0,0,1,2.313,4.7c-.018.121-.037.258-.056.406a8.969,8.969,0,0,1-.286,1.5,5.642,5.642,0,0,1-5.363,3.884Q-2128.961-162.505-2141.943-162.5Zm-26.808-9.081-.1.175c-.047.082-.094.159-.139.233a3.862,3.862,0,0,0-.342.65c-.165.433-.308.861-.446,1.274l-.232.689.523,2.2.067.111c1.293,2.151,3.158,2.447,4.981,2.447q12.717-.024,25.362-.02l22.358,0c.18,0,.36,0,.539-.008a4.166,4.166,0,0,0,4.411-4.509,4.566,4.566,0,0,0-1.077-3.3l-.05-.054-.058-.045a6.855,6.855,0,0,0-4.391-1.322q-10.236.027-20.409.023l-28.806,0Zm42.514-28.44-.054.232c-2.5,10.739-6.383,18.117-12.575,23.922l-1.548,1.451h19.613l.248-.385c.151-.234.3-.457.443-.674.312-.468.605-.909.873-1.383,3.4-6.036,4.377-12.729,4.848-17.886a58.507,58.507,0,0,0,.051-7.335l-.025-.727a13.441,13.441,0,0,0-1.482-6.14l-.537-.992Zm-22.393,2.1,7.76,7.826,2.935-2.42-8.016-8.017Zm12.715,5.486.592-.6c2.779-2.8,5.618-5.621,8.363-8.354,4.526-4.5,9.206-9.163,13.734-13.8l.527-.54-.481-.581a91.53,91.53,0,0,0-9.612-9.411l-.5-.326-.472.366c-.055.043-.114.085-.173.127a4.088,4.088,0,0,0-.537.437q-10.643,10.677-21.275,21.364a1.16,1.16,0,0,0-.311.65.943.943,0,0,0,.19.776l.608.714.063-.067Zm16.662-32.334.5.555,4.573,4.595,2.655-2.332-.64-.633c-.481-.476-.917-.932-1.333-1.368a22.8,22.8,0,0,0-3.113-2.874l-.652-.471Z\" transform=\"translate(2171.31 228.093)\" fill=\"#343741\"><\/path><path id=\"Path_4442\" data-name=\"Path 4442\" d=\"M-2068.3-193.531a4.382,4.382,0,0,1-4.218-4.17,4.365,4.365,0,0,1,4.164-4.28h.059a4.477,4.477,0,0,1,4.228,4.173,4.2,4.2,0,0,1-1.259,2.922,4.251,4.251,0,0,1-2.926,1.355Zm.4-7.074c-.818.073-3.309.295-3.28,2.878.025,2.273,1.808,2.7,3.547,2.818l.393.026,1.762-1.852-.008-.347c-.044-1.868-.181-2.119-1.836-3.36l-.258-.193Z\" transform=\"translate(2113.958 212.934)\" fill=\"#343741\"><\/path><\/g><\/g><g id=\"Group_4673\" data-name=\"Group 4673\" transform=\"matrix(0.966, -0.259, 0.259, 0.966, 1201.373, 1241.336)\"><path id=\"Path_4443\" data-name=\"Path 4443\" d=\"M19.007,16.722a2.526,2.526,0,0,0-1.385.412l-2.041-2.211a4.314,4.314,0,0,0-.366-6.106l2.888-4a2.547,2.547,0,1,0-.688-.5l-2.888,4a4.32,4.32,0,0,0-3.46-.391l-.94-2.217a2.539,2.539,0,1,0-3.71-3.123l-2.69-.63A1.863,1.863,0,1,0,1.7,3.815l.289,2.036a1.295,1.295,0,1,0,.841-.12L2.539,3.7a1.874,1.874,0,0,0,.994-.91l2.69.629q0,.078,0,.157A2.541,2.541,0,0,0,9.344,6.044l.94,2.217a4.32,4.32,0,0,0-1.913,5.467L6.046,14.989a2.525,2.525,0,1,0,.406.746l2.326-1.261A4.316,4.316,0,0,0,14.957,15.5L17,17.711a2.539,2.539,0,1,0,2.009-.988ZM19.225.849a1.69,1.69,0,1,1-1.69,1.69A1.692,1.692,0,0,1,19.225.849ZM2.58,6.557A.445.445,0,1,1,2.135,7,.446.446,0,0,1,2.58,6.557ZM1.863,2.973A1.014,1.014,0,1,1,2.877,1.959,1.015,1.015,0,0,1,1.863,2.973ZM8.757,5.262a1.69,1.69,0,1,1,1.69-1.69A1.692,1.692,0,0,1,8.757,5.262ZM4.048,18.245a1.69,1.69,0,1,1,1.69-1.69A1.692,1.692,0,0,1,4.048,18.245Zm8.306-2.722a3.471,3.471,0,1,1,3.471-3.471A3.475,3.475,0,0,1,12.354,15.524Zm6.653,5.428a1.69,1.69,0,1,1,1.69-1.69A1.692,1.692,0,0,1,19.007,20.952Z\" transform=\"translate(0 0)\" fill=\"#343741\"><\/path><path id=\"Path_4444\" data-name=\"Path 4444\" d=\"M.425,3.286a.425.425,0,0,1,0-.85A2.014,2.014,0,0,0,2.437.425a.425.425,0,0,1,.85,0A2.865,2.865,0,0,1,.425,3.286Z\" transform=\"translate(11.929 11.628)\" fill=\"#343741\"><\/path><\/g><\/g><\/svg>\t\t\t\t\t\t<\/span>\n\t\t\t\t\t\t\t\t\t\t<span class=\"elementor-icon-list-text\">Nowoczesne biura i laboratoria  <\/span>\n\t\t\t\t\t\t\t\t\t<\/li>\n\t\t\t\t\t\t\t\t<li class=\"elementor-icon-list-item\">\n\t\t\t\t\t\t\t\t\t\t\t<span class=\"elementor-icon-list-icon\">\n\t\t\t\t\t\t\t<svg xmlns=\"http:\/\/www.w3.org\/2000\/svg\" width=\"54.284\" height=\"63.458\" viewBox=\"0 0 54.284 63.458\"><path id=\"Path_4445\" data-name=\"Path 4445\" d=\"M2842.077-852.819a.673.673,0,0,1-.662-.559l-1.329-7.789-10.854-.2a2.148,2.148,0,0,1-1.945-1.925l-.611-12.013h-2.508c-.879,0-2.113-.1-2.677-.938-.578-.861-.185-2.007.305-3.2l4.852-11.844a23.234,23.234,0,0,1-.22-3.18c0-6.948,1.863-12.32,5.537-15.966,3.735-3.707,9.318-5.585,16.595-5.585h.322c7.771.058,14.365,2.088,19.069,5.868a19.425,19.425,0,0,1,7.323,15.682,23.8,23.8,0,0,1-2.141,9.673,51.883,51.883,0,0,1-3.119,6.14c-1.9,3.336-3.536,6.217-3.536,10.4,0,6.334.571,8.667,2.337,14.239a.672.672,0,0,1-.438.844.672.672,0,0,1-.844-.438c-1.813-5.721-2.4-8.119-2.4-14.645,0-4.54,1.72-7.564,3.712-11.067a50.788,50.788,0,0,0,3.049-6,22.229,22.229,0,0,0,2.036-9.151c0-12.16-9.836-20.091-25.058-20.206h-.312c-6.91,0-12.173,1.747-15.647,5.195-3.41,3.385-5.14,8.436-5.14,15.012A22.045,22.045,0,0,0,2828-891.3a.67.67,0,0,1-.043.349l-4.921,12.012c-.18.44-.659,1.608-.433,1.945.054.08.326.343,1.561.343h3.147a.672.672,0,0,1,.671.638l.644,12.651a.85.85,0,0,0,.628.649l11.41.214a.673.673,0,0,1,.65.559l1.423,8.338a.672.672,0,0,1-.55.776A.666.666,0,0,1,2842.077-852.819Zm20.445-26.341a.672.672,0,0,1-.672-.672v-10.442a.672.672,0,0,1,.672-.672h2.855l-4.5-6.792-4.835,6.941h2.831a.672.672,0,0,1,.672.672v10.061a.672.672,0,0,1-.672.672.672.672,0,0,1-.672-.672v-9.389h-3.446a.672.672,0,0,1-.6-.361.673.673,0,0,1,.044-.7l6.137-8.809a.672.672,0,0,1,.552-.288h.008a.673.673,0,0,1,.553.3l5.74,8.661a.673.673,0,0,1,.032.689.672.672,0,0,1-.592.354h-3.435v9.77A.672.672,0,0,1,2862.521-879.161Zm-21.8,0a.672.672,0,0,1-.672-.672v-10.442a.672.672,0,0,1,.672-.672h2.856l-4.5-6.792-4.835,6.941h2.831a.672.672,0,0,1,.672.672v10.061a.672.672,0,0,1-.672.672.672.672,0,0,1-.672-.672v-9.389h-3.446a.672.672,0,0,1-.6-.361.672.672,0,0,1,.044-.7l6.136-8.809a.65.65,0,0,1,.559-.288.672.672,0,0,1,.552.3l5.741,8.661a.672.672,0,0,1,.032.689.672.672,0,0,1-.592.354H2841.4v9.77A.672.672,0,0,1,2840.725-879.161Zm10.444-10.3a.672.672,0,0,1-.672-.672v-10.442a.672.672,0,0,1,.672-.672h2.855l-4.5-6.793-4.835,6.941h2.831a.672.672,0,0,1,.672.672v10.061a.672.672,0,0,1-.672.672.672.672,0,0,1-.672-.672v-9.389H2843.4a.672.672,0,0,1-.6-.361.673.673,0,0,1,.044-.7l6.137-8.809a.668.668,0,0,1,.559-.288.672.672,0,0,1,.553.3l5.741,8.661a.673.673,0,0,1,.032.689.672.672,0,0,1-.593.354h-3.435v9.77A.672.672,0,0,1,2851.169-889.456Z\" transform=\"translate(-2821.115 916.153)\" fill=\"#343741\" stroke=\"#343741\" stroke-width=\"0.25\"><\/path><\/svg>\t\t\t\t\t\t<\/span>\n\t\t\t\t\t\t\t\t\t\t<span class=\"elementor-icon-list-text\">Programy rozwojowe i profesjonalne szkolenia<\/span>\n\t\t\t\t\t\t\t\t\t<\/li>\n\t\t\t\t\t\t<\/ul>\n\t\t\t\t<\/div>\n\t\t\t\t<\/div>\n\t\t\t\t\t<\/div>\n\t\t<\/div>\n\t\t\t\t\t\t\t<\/div>\n\t\t<\/section>\n\t\t\t\t\t<\/div>\n\t\t<\/div>\n\t\t\t\t\t\t\t<\/div>\n\t\t<\/section>\n\t\t\t\t\t\t\t<\/div>\n\t\t","protected":false},"excerpt":{"rendered":"<p>Skorzystaj z formularza, a my skontaktujemy si\u0119 z Tob\u0105. Co oferujemy? Atrakcyjny system wynagrodze\u0144 Nowoczesne biura i laboratoria Programy rozwojowe i profesjonalne szkolenia<\/p>\n","protected":false},"author":1,"featured_media":0,"parent":0,"menu_order":0,"comment_status":"closed","ping_status":"closed","template":"elementor_header_footer","meta":[],"_links":{"self":[{"href":"https:\/\/celther.com\/index.php\/wp-json\/wp\/v2\/pages\/391"}],"collection":[{"href":"https:\/\/celther.com\/index.php\/wp-json\/wp\/v2\/pages"}],"about":[{"href":"https:\/\/celther.com\/index.php\/wp-json\/wp\/v2\/types\/page"}],"author":[{"embeddable":true,"href":"https:\/\/celther.com\/index.php\/wp-json\/wp\/v2\/users\/1"}],"replies":[{"embeddable":true,"href":"https:\/\/celther.com\/index.php\/wp-json\/wp\/v2\/comments?post=391"}],"version-history":[{"count":0,"href":"https:\/\/celther.com\/index.php\/wp-json\/wp\/v2\/pages\/391\/revisions"}],"wp:attachment":[{"href":"https:\/\/celther.com\/index.php\/wp-json\/wp\/v2\/media?parent=391"}],"curies":[{"name":"wp","href":"https:\/\/api.w.org\/{rel}","templated":true}]}}