{"id":353,"date":"2021-05-18T20:25:42","date_gmt":"2021-05-18T20:25:42","guid":{"rendered":"http:\/\/celther.home.pl\/wwwcelther\/?page_id=353"},"modified":"2025-12-15T11:44:10","modified_gmt":"2025-12-15T11:44:10","slug":"kontakt-2","status":"publish","type":"page","link":"https:\/\/celther.com\/index.php\/kontakt-2\/","title":{"rendered":"Kontakt"},"content":{"rendered":"\t\t<div data-elementor-type=\"wp-page\" data-elementor-id=\"353\" data-post-id=\"353\" data-obj-id=\"353\" class=\"elementor elementor-353 dce-elementor-post-353\">\n\t\t\t\t\t\t\t\t\t<section class=\"elementor-section elementor-top-section elementor-element elementor-element-84ff643 elementor-section-boxed elementor-section-height-default elementor-section-height-default\" data-id=\"84ff643\" data-element_type=\"section\">\n\t\t\t\t\t\t<div class=\"elementor-container elementor-column-gap-no\">\n\t\t\t\t\t<div class=\"elementor-column elementor-col-100 elementor-top-column elementor-element elementor-element-3bef392\" data-id=\"3bef392\" data-element_type=\"column\">\n\t\t\t<div class=\"elementor-widget-wrap elementor-element-populated\">\n\t\t\t\t\t\t\t\t<div class=\"elementor-element elementor-element-e75151e dce_masking-none elementor-widget elementor-widget-image\" data-id=\"e75151e\" data-element_type=\"widget\" data-widget_type=\"image.default\">\n\t\t\t\t<div class=\"elementor-widget-container\">\n\t\t\t\t\t\t\t\t\t\t\t\t\t\t\t<img width=\"1920\" height=\"540\" src=\"https:\/\/celther.com\/wp-content\/uploads\/2021\/09\/baner41.png\" class=\"attachment-full size-full\" alt=\"\" loading=\"lazy\" srcset=\"https:\/\/celther.com\/wp-content\/uploads\/2021\/09\/baner41.png 1920w, https:\/\/celther.com\/wp-content\/uploads\/2021\/09\/baner41-300x84.png 300w, https:\/\/celther.com\/wp-content\/uploads\/2021\/09\/baner41-1024x288.png 1024w, https:\/\/celther.com\/wp-content\/uploads\/2021\/09\/baner41-768x216.png 768w, https:\/\/celther.com\/wp-content\/uploads\/2021\/09\/baner41-1536x432.png 1536w, https:\/\/celther.com\/wp-content\/uploads\/2021\/09\/baner41-600x169.png 600w, https:\/\/celther.com\/wp-content\/uploads\/2021\/09\/baner41-900x253.png 900w\" sizes=\"(max-width: 1920px) 100vw, 1920px\" \/>\t\t\t\t\t\t\t\t\t\t\t\t\t\t\t<\/div>\n\t\t\t\t<\/div>\n\t\t\t\t\t<\/div>\n\t\t<\/div>\n\t\t\t\t\t\t\t<\/div>\n\t\t<\/section>\n\t\t\t\t<section class=\"elementor-section elementor-top-section elementor-element elementor-element-18414c8 elementor-section-boxed elementor-section-height-default elementor-section-height-default\" data-id=\"18414c8\" data-element_type=\"section\">\n\t\t\t\t\t\t<div class=\"elementor-container elementor-column-gap-default\">\n\t\t\t\t\t<div class=\"elementor-column elementor-col-100 elementor-top-column elementor-element elementor-element-04833b6\" data-id=\"04833b6\" data-element_type=\"column\">\n\t\t\t<div class=\"elementor-widget-wrap elementor-element-populated\">\n\t\t\t\t\t\t\t\t<div class=\"elementor-element elementor-element-ae43108 elementor-widget elementor-widget-heading\" data-id=\"ae43108\" data-element_type=\"widget\" data-widget_type=\"heading.default\">\n\t\t\t\t<div class=\"elementor-widget-container\">\n\t\t\t<h2 class=\"elementor-heading-title elementor-size-default\">Skorzystaj z formularza, a my skontaktujemy si\u0119 z Tob\u0105.<\/h2>\t\t<\/div>\n\t\t\t\t<\/div>\n\t\t\t\t\t<\/div>\n\t\t<\/div>\n\t\t\t\t\t\t\t<\/div>\n\t\t<\/section>\n\t\t\t\t<section class=\"elementor-section elementor-top-section elementor-element elementor-element-fe1cead elementor-section-full_width elementor-section-height-default elementor-section-height-default\" data-id=\"fe1cead\" data-element_type=\"section\">\n\t\t\t\t\t\t<div class=\"elementor-container elementor-column-gap-default\">\n\t\t\t\t\t<div class=\"elementor-column elementor-col-100 elementor-top-column elementor-element elementor-element-28ca4e2\" data-id=\"28ca4e2\" data-element_type=\"column\">\n\t\t\t<div class=\"elementor-widget-wrap elementor-element-populated\">\n\t\t\t\t\t\t\t\t<div class=\"elementor-element elementor-element-93c7d08 elementor-widget elementor-widget-heading\" data-id=\"93c7d08\" data-element_type=\"widget\" data-widget_type=\"heading.default\">\n\t\t\t\t<div class=\"elementor-widget-container\">\n\t\t\t<h2 class=\"elementor-heading-title elementor-size-default\">W czym mo\u017cemy Ci pom\u00f3c?<\/h2>\t\t<\/div>\n\t\t\t\t<\/div>\n\t\t\t\t<div class=\"elementor-element elementor-element-2d3babd elementor-button-align-end elementor-widget elementor-widget-form\" data-id=\"2d3babd\" data-element_type=\"widget\" data-settings=\"{&quot;step_next_label&quot;:&quot;Next&quot;,&quot;step_previous_label&quot;:&quot;Previous&quot;,&quot;button_width&quot;:&quot;100&quot;,&quot;step_type&quot;:&quot;number_text&quot;,&quot;step_icon_shape&quot;:&quot;circle&quot;}\" data-widget_type=\"form.default\">\n\t\t\t\t<div class=\"elementor-widget-container\">\n\t\t\t\t\t<form class=\"elementor-form\" method=\"post\" name=\"New Form\">\n\t\t\t<input type=\"hidden\" name=\"post_id\" value=\"353\"\/>\n\t\t\t<input type=\"hidden\" name=\"form_id\" value=\"2d3babd\"\/>\n\t\t\t<input type=\"hidden\" name=\"referer_title\" value=\"\" \/>\n\n\t\t\t\n\t\t\t<div class=\"elementor-form-fields-wrapper elementor-labels-\">\n\t\t\t\t\t\t\t\t<div class=\"elementor-field-type-text elementor-field-group elementor-column elementor-field-group-field_de3c484 elementor-col-50 elementor-field-required\">\n\t\t\t\t\t<input size=\"1\" type=\"text\" name=\"form_fields[field_de3c484]\" id=\"form-field-field_de3c484\" class=\"elementor-field elementor-size-lg  elementor-field-textual\" placeholder=\"Imi\u0119\" required=\"required\" aria-required=\"true\">\t\t\t\t<\/div>\n\t\t\t\t\t\t\t\t<div class=\"elementor-field-type-text elementor-field-group elementor-column elementor-field-group-field_06b9150 elementor-col-50 elementor-field-required\">\n\t\t\t\t\t<input size=\"1\" type=\"text\" name=\"form_fields[field_06b9150]\" id=\"form-field-field_06b9150\" class=\"elementor-field elementor-size-lg  elementor-field-textual\" placeholder=\"Nazwisko\" required=\"required\" aria-required=\"true\">\t\t\t\t<\/div>\n\t\t\t\t\t\t\t\t<div class=\"elementor-field-type-email elementor-field-group elementor-column elementor-field-group-field_03dd412 elementor-col-50 elementor-field-required\">\n\t\t\t\t\t<input size=\"1\" type=\"email\" name=\"form_fields[field_03dd412]\" id=\"form-field-field_03dd412\" class=\"elementor-field elementor-size-lg  elementor-field-textual\" placeholder=\"Adres e-mail\" required=\"required\" aria-required=\"true\">\t\t\t\t<\/div>\n\t\t\t\t\t\t\t\t<div class=\"elementor-field-type-text elementor-field-group elementor-column elementor-field-group-field_7c28c60 elementor-col-50 elementor-field-required\">\n\t\t\t\t\t<label for=\"form-field-field_7c28c60\" class=\"elementor-field-label elementor-screen-only\">NIP<\/label><input size=\"1\" type=\"text\" name=\"form_fields[field_7c28c60]\" id=\"form-field-field_7c28c60\" class=\"elementor-field elementor-size-lg  elementor-field-textual\" placeholder=\"NIP\" required=\"required\" aria-required=\"true\">\t\t\t\t<\/div>\n\t\t\t\t\t\t\t\t<div class=\"elementor-field-type-text elementor-field-group elementor-column elementor-field-group-field_dee97b1 elementor-col-50\">\n\t\t\t\t\t<input size=\"1\" type=\"text\" name=\"form_fields[field_dee97b1]\" id=\"form-field-field_dee97b1\" class=\"elementor-field elementor-size-lg  elementor-field-textual\" placeholder=\"Telefon kontaktowy\">\t\t\t\t<\/div>\n\t\t\t\t\t\t\t\t<div class=\"elementor-field-type-text elementor-field-group elementor-column elementor-field-group-name elementor-col-50 elementor-field-required\">\n\t\t\t\t\t<input size=\"1\" type=\"text\" name=\"form_fields[name]\" id=\"form-field-name\" class=\"elementor-field elementor-size-lg  elementor-field-textual\" placeholder=\"Temat wiadomo\u015bci\" required=\"required\" aria-required=\"true\">\t\t\t\t<\/div>\n\t\t\t\t\t\t\t\t<div class=\"elementor-field-type-textarea elementor-field-group elementor-column elementor-field-group-message elementor-col-100 elementor-field-required\">\n\t\t\t\t\t<textarea class=\"elementor-field-textual elementor-field  elementor-size-lg\" name=\"form_fields[message]\" id=\"form-field-message\" rows=\"11\" placeholder=\"Tre\u015b\u0107 wiadomo\u015bci\" required=\"required\" aria-required=\"true\"><\/textarea>\t\t\t\t<\/div>\n\t\t\t\t\t\t\t\t<div class=\"elementor-field-type-acceptance elementor-field-group elementor-column elementor-field-group-field_9b9982a elementor-col-100 elementor-field-required\">\n\t\t\t\t\t<div class=\"elementor-field-subgroup\"><span class=\"elementor-field-option\"><input type=\"checkbox\" name=\"form_fields[field_9b9982a]\" id=\"form-field-field_9b9982a\" class=\"elementor-field elementor-size-lg  elementor-acceptance-field\" required=\"required\" aria-required=\"true\"> <label for=\"form-field-field_9b9982a\">Wyra\u017cam zgod\u0119 na przetwarzanie danych wed\u0142ug <a href=\"https:\/\/celther.com\/index.php\/polityka-prywatnosci\/\" target=\"_blank\" style=\"text-decoration:underline;\">polityki prywatno\u015bci<\/a><\/label><\/span><\/div>\t\t\t\t<\/div>\n\t\t\t\t\t\t\t\t<div class=\"elementor-field-group elementor-column elementor-field-type-submit elementor-col-100 e-form__buttons\">\n\t\t\t\t\t<button type=\"submit\" class=\"elementor-button elementor-size-sm\">\n\t\t\t\t\t\t<span >\n\t\t\t\t\t\t\t\t\t\t\t\t\t\t\t<span class=\" elementor-button-icon\">\n\t\t\t\t\t\t\t\t\t\t\t\t\t\t\t\t\t\t\t\t\t\t\t\t\t\t<\/span>\n\t\t\t\t\t\t\t\t\t\t\t\t\t\t\t\t\t\t\t\t\t\t<span class=\"elementor-button-text\">Wy\u015blij<\/span>\n\t\t\t\t\t\t\t\t\t\t\t\t\t<\/span>\n\t\t\t\t\t<\/button>\n\t\t\t\t<\/div>\n\t\t\t<\/div>\n\t\t<\/form>\n\t\t\t\t<\/div>\n\t\t\t\t<\/div>\n\t\t\t\t\t<\/div>\n\t\t<\/div>\n\t\t\t\t\t\t\t<\/div>\n\t\t<\/section>\n\t\t\t\t<section class=\"elementor-section elementor-top-section elementor-element elementor-element-eb73e0b elementor-section-content-middle elementor-section-boxed elementor-section-height-default elementor-section-height-default\" data-id=\"eb73e0b\" data-element_type=\"section\">\n\t\t\t\t\t\t<div class=\"elementor-container elementor-column-gap-default\">\n\t\t\t\t\t<div class=\"elementor-column elementor-col-33 elementor-top-column elementor-element elementor-element-65c678a\" data-id=\"65c678a\" data-element_type=\"column\">\n\t\t\t<div class=\"elementor-widget-wrap elementor-element-populated\">\n\t\t\t\t\t\t\t\t<div class=\"elementor-element elementor-element-ae67f52 dce_masking-none elementor-widget elementor-widget-image\" data-id=\"ae67f52\" data-element_type=\"widget\" data-widget_type=\"image.default\">\n\t\t\t\t<div class=\"elementor-widget-container\">\n\t\t\t\t\t\t\t\t\t\t\t\t\t\t\t<img width=\"300\" height=\"83\" src=\"https:\/\/celther.com\/wp-content\/uploads\/2021\/05\/Group-1779@2x-300x83.png\" class=\"attachment-medium size-medium\" alt=\"\" loading=\"lazy\" srcset=\"https:\/\/celther.com\/wp-content\/uploads\/2021\/05\/Group-1779@2x-300x83.png 300w, https:\/\/celther.com\/wp-content\/uploads\/2021\/05\/Group-1779@2x.png 510w\" sizes=\"(max-width: 300px) 100vw, 300px\" \/>\t\t\t\t\t\t\t\t\t\t\t\t\t\t\t<\/div>\n\t\t\t\t<\/div>\n\t\t\t\t\t<\/div>\n\t\t<\/div>\n\t\t\t\t<div class=\"elementor-column elementor-col-33 elementor-top-column elementor-element elementor-element-502cb29\" data-id=\"502cb29\" data-element_type=\"column\">\n\t\t\t<div class=\"elementor-widget-wrap elementor-element-populated\">\n\t\t\t\t\t\t\t\t<div class=\"elementor-element elementor-element-395b9d9 elementor-widget elementor-widget-text-editor\" data-id=\"395b9d9\" data-element_type=\"widget\" data-widget_type=\"text-editor.default\">\n\t\t\t\t<div class=\"elementor-widget-container\">\n\t\t\t\t\t\t\t<p><strong>Zak\u0142ad produkcyjny CELTHER POLSKA<\/strong><br \/>ul. Inwestycyjna 7, 95-050 Konstantyn\u00f3w \u0141\u00f3dzki,<br \/>wojew\u00f3dztwo \u0141\u00d3DZKIE<br \/><br \/>e-mail: biuro@celther.com<\/p>\t\t\t\t\t\t<\/div>\n\t\t\t\t<\/div>\n\t\t\t\t\t<\/div>\n\t\t<\/div>\n\t\t\t\t<div class=\"elementor-column elementor-col-33 elementor-top-column elementor-element elementor-element-352f17b\" data-id=\"352f17b\" data-element_type=\"column\">\n\t\t\t<div class=\"elementor-widget-wrap elementor-element-populated\">\n\t\t\t\t\t\t\t\t<div class=\"elementor-element elementor-element-305659d dce_masking-none elementor-widget elementor-widget-image\" data-id=\"305659d\" data-element_type=\"widget\" data-widget_type=\"image.default\">\n\t\t\t\t<div class=\"elementor-widget-container\">\n\t\t\t\t\t\t\t\t\t\t\t\t\t\t\t<img width=\"479\" height=\"213\" src=\"https:\/\/celther.com\/wp-content\/uploads\/2021\/05\/Group-4654-1.png\" class=\"attachment-large size-large\" alt=\"\" loading=\"lazy\" srcset=\"https:\/\/celther.com\/wp-content\/uploads\/2021\/05\/Group-4654-1.png 479w, https:\/\/celther.com\/wp-content\/uploads\/2021\/05\/Group-4654-1-300x133.png 300w\" sizes=\"(max-width: 479px) 100vw, 479px\" \/>\t\t\t\t\t\t\t\t\t\t\t\t\t\t\t<\/div>\n\t\t\t\t<\/div>\n\t\t\t\t\t<\/div>\n\t\t<\/div>\n\t\t\t\t\t\t\t<\/div>\n\t\t<\/section>\n\t\t\t\t\t\t\t<\/div>\n\t\t","protected":false},"excerpt":{"rendered":"<p>Skorzystaj z formularza, a my skontaktujemy si\u0119 z Tob\u0105. W czym mo\u017cemy Ci pom\u00f3c? Zak\u0142ad produkcyjny CELTHER POLSKAul. Inwestycyjna 7, 95-050 Konstantyn\u00f3w \u0141\u00f3dzki,wojew\u00f3dztwo \u0141\u00d3DZKIE e-mail: biuro@celther.com<\/p>\n","protected":false},"author":1,"featured_media":0,"parent":0,"menu_order":0,"comment_status":"closed","ping_status":"closed","template":"elementor_header_footer","meta":[],"_links":{"self":[{"href":"https:\/\/celther.com\/index.php\/wp-json\/wp\/v2\/pages\/353"}],"collection":[{"href":"https:\/\/celther.com\/index.php\/wp-json\/wp\/v2\/pages"}],"about":[{"href":"https:\/\/celther.com\/index.php\/wp-json\/wp\/v2\/types\/page"}],"author":[{"embeddable":true,"href":"https:\/\/celther.com\/index.php\/wp-json\/wp\/v2\/users\/1"}],"replies":[{"embeddable":true,"href":"https:\/\/celther.com\/index.php\/wp-json\/wp\/v2\/comments?post=353"}],"version-history":[{"count":9,"href":"https:\/\/celther.com\/index.php\/wp-json\/wp\/v2\/pages\/353\/revisions"}],"predecessor-version":[{"id":5872,"href":"https:\/\/celther.com\/index.php\/wp-json\/wp\/v2\/pages\/353\/revisions\/5872"}],"wp:attachment":[{"href":"https:\/\/celther.com\/index.php\/wp-json\/wp\/v2\/media?parent=353"}],"curies":[{"name":"wp","href":"https:\/\/api.w.org\/{rel}","templated":true}]}}