{"id":248,"date":"2021-05-18T09:37:32","date_gmt":"2021-05-18T09:37:32","guid":{"rendered":"http:\/\/celther.home.pl\/wwwcelther\/?page_id=248"},"modified":"2022-05-26T10:20:59","modified_gmt":"2022-05-26T10:20:59","slug":"o-firmie","status":"publish","type":"page","link":"https:\/\/celther.com\/index.php\/o-firmie\/","title":{"rendered":"O firmie"},"content":{"rendered":"\t\t<div data-elementor-type=\"wp-page\" data-elementor-id=\"248\" data-post-id=\"248\" data-obj-id=\"248\" class=\"elementor elementor-248 dce-elementor-post-248\">\n\t\t\t\t\t\t\t\t\t<section class=\"elementor-section elementor-top-section elementor-element elementor-element-5173228 elementor-section-full_width elementor-section-height-default elementor-section-height-default\" data-id=\"5173228\" data-element_type=\"section\">\n\t\t\t\t\t\t<div class=\"elementor-container elementor-column-gap-no\">\n\t\t\t\t\t<div class=\"elementor-column elementor-col-100 elementor-top-column elementor-element elementor-element-6ea89db\" data-id=\"6ea89db\" data-element_type=\"column\">\n\t\t\t<div class=\"elementor-widget-wrap elementor-element-populated\">\n\t\t\t\t\t\t\t\t<div class=\"elementor-element elementor-element-d5a8fca dce_masking-none elementor-widget elementor-widget-image\" data-id=\"d5a8fca\" data-element_type=\"widget\" data-widget_type=\"image.default\">\n\t\t\t\t<div class=\"elementor-widget-container\">\n\t\t\t\t\t\t\t\t\t\t\t\t\t\t\t<img width=\"1920\" height=\"727\" src=\"https:\/\/celther.com\/wp-content\/uploads\/2021\/10\/ofirmie_top.jpg\" class=\"attachment-full size-full\" alt=\"\" loading=\"lazy\" srcset=\"https:\/\/celther.com\/wp-content\/uploads\/2021\/10\/ofirmie_top.jpg 1920w, https:\/\/celther.com\/wp-content\/uploads\/2021\/10\/ofirmie_top-300x114.jpg 300w, https:\/\/celther.com\/wp-content\/uploads\/2021\/10\/ofirmie_top-1024x388.jpg 1024w, https:\/\/celther.com\/wp-content\/uploads\/2021\/10\/ofirmie_top-768x291.jpg 768w, https:\/\/celther.com\/wp-content\/uploads\/2021\/10\/ofirmie_top-1536x582.jpg 1536w, https:\/\/celther.com\/wp-content\/uploads\/2021\/10\/ofirmie_top-600x227.jpg 600w, https:\/\/celther.com\/wp-content\/uploads\/2021\/10\/ofirmie_top-900x341.jpg 900w\" sizes=\"(max-width: 1920px) 100vw, 1920px\" \/>\t\t\t\t\t\t\t\t\t\t\t\t\t\t\t<\/div>\n\t\t\t\t<\/div>\n\t\t\t\t\t<\/div>\n\t\t<\/div>\n\t\t\t\t\t\t\t<\/div>\n\t\t<\/section>\n\t\t\t\t<section class=\"elementor-section elementor-top-section elementor-element elementor-element-e1475e4 elementor-section-boxed elementor-section-height-default elementor-section-height-default\" data-id=\"e1475e4\" data-element_type=\"section\">\n\t\t\t\t\t\t<div class=\"elementor-container elementor-column-gap-narrow\">\n\t\t\t\t\t<div class=\"elementor-column elementor-col-50 elementor-top-column elementor-element elementor-element-c5cbb90\" data-id=\"c5cbb90\" data-element_type=\"column\">\n\t\t\t<div class=\"elementor-widget-wrap elementor-element-populated\">\n\t\t\t\t\t\t\t\t<div class=\"elementor-element elementor-element-932c007 dce_masking-none elementor-widget elementor-widget-image\" data-id=\"932c007\" data-element_type=\"widget\" data-widget_type=\"image.default\">\n\t\t\t\t<div class=\"elementor-widget-container\">\n\t\t\t\t\t\t\t\t\t\t\t\t\t\t\t<img width=\"1024\" height=\"666\" src=\"https:\/\/celther.com\/wp-content\/uploads\/2021\/09\/iStock-578075258.jpg\" class=\"attachment-large size-large\" alt=\"\" loading=\"lazy\" srcset=\"https:\/\/celther.com\/wp-content\/uploads\/2021\/09\/iStock-578075258.jpg 1024w, https:\/\/celther.com\/wp-content\/uploads\/2021\/09\/iStock-578075258-300x195.jpg 300w, https:\/\/celther.com\/wp-content\/uploads\/2021\/09\/iStock-578075258-768x500.jpg 768w, https:\/\/celther.com\/wp-content\/uploads\/2021\/09\/iStock-578075258-600x390.jpg 600w, https:\/\/celther.com\/wp-content\/uploads\/2021\/09\/iStock-578075258-900x585.jpg 900w\" sizes=\"(max-width: 1024px) 100vw, 1024px\" \/>\t\t\t\t\t\t\t\t\t\t\t\t\t\t\t<\/div>\n\t\t\t\t<\/div>\n\t\t\t\t\t<\/div>\n\t\t<\/div>\n\t\t\t\t<div class=\"elementor-column elementor-col-50 elementor-top-column elementor-element elementor-element-38f84ad\" data-id=\"38f84ad\" data-element_type=\"column\">\n\t\t\t<div class=\"elementor-widget-wrap elementor-element-populated\">\n\t\t\t\t\t\t\t\t<div class=\"elementor-element elementor-element-b1d33b9 elementor-widget elementor-widget-text-editor\" data-id=\"b1d33b9\" data-element_type=\"widget\" data-widget_type=\"text-editor.default\">\n\t\t\t\t<div class=\"elementor-widget-container\">\n\t\t\t\t\t\t\t<p><span style=\"color: #ffcc00;\">CEL<\/span>THER POLSKA jest zintegrowan\u0105 firm\u0105 biotechnologiczno-medyczn\u0105, prowadz\u0105c\u0105 zaawansowane badania naukowe z zakresu biologii molekularnej oraz in\u017cynierii kom\u00f3rkowej.<\/p>\t\t\t\t\t\t<\/div>\n\t\t\t\t<\/div>\n\t\t\t\t<div class=\"elementor-element elementor-element-a721ea5 elementor-widget elementor-widget-text-editor\" data-id=\"a721ea5\" data-element_type=\"widget\" data-widget_type=\"text-editor.default\">\n\t\t\t\t<div class=\"elementor-widget-container\">\n\t\t\t\t\t\t\t<p>Od 13 lat firma specjalizuje si\u0119 w opracowywaniu linii kom\u00f3rkowych,\u00a0 wyrob\u00f3w medycznych, oraz kosmetyk\u00f3w regeneracyjnych, kt\u00f3rych jako\u015b\u0107 i bezpiecze\u0144stwo zosta\u0142a potwierdzona patentami oraz badaniami naukowymi w celu poprawy zdrowia i jako\u015bci \u017cycia pacjent\u00f3w.<br \/><br \/><br \/>Najwi\u0119kszym atutem Firmy jest silne zaplecze badawczo- rozwojowe, kt\u00f3re pozwala nam tworzy\u0107 innowacyjne produkty z zakresu in\u017cynierii kom\u00f3rkowej, medycyny i piel\u0119gnacji sk\u00f3ry. Trzonem dzia\u0142u badawczo- rozwojowego firmy s\u0105 naukowcy, kt\u00f3rzy opracowuj\u0105 specjalistyczne linie kom\u00f3rkowe o potencjalnym zastosowaniu w chorobach cywilizacyjnych tj.: choroby onkologiczne, neurologiczne, diabetologiczne oraz kardiologiczne.<\/p>\t\t\t\t\t\t<\/div>\n\t\t\t\t<\/div>\n\t\t\t\t\t<\/div>\n\t\t<\/div>\n\t\t\t\t\t\t\t<\/div>\n\t\t<\/section>\n\t\t\t\t<section class=\"elementor-section elementor-top-section elementor-element elementor-element-e271a83 elementor-section-boxed elementor-section-height-default elementor-section-height-default\" data-id=\"e271a83\" data-element_type=\"section\">\n\t\t\t\t\t\t<div class=\"elementor-container elementor-column-gap-default\">\n\t\t\t\t\t<div class=\"elementor-column elementor-col-100 elementor-top-column elementor-element elementor-element-92e8f34\" data-id=\"92e8f34\" data-element_type=\"column\">\n\t\t\t<div class=\"elementor-widget-wrap elementor-element-populated\">\n\t\t\t\t\t\t\t\t<div class=\"elementor-element elementor-element-f74ef6c elementor-widget elementor-widget-text-editor\" data-id=\"f74ef6c\" data-element_type=\"widget\" data-widget_type=\"text-editor.default\">\n\t\t\t\t<div class=\"elementor-widget-container\">\n\t\t\t\t\t\t\t<p>Pomagamy pacjentom wspiera\u0107 organizm i regenerowa\u0107 sk\u00f3r\u0119, wykorzystuj\u0105c wieloletnie do\u015bwiadczenie- poprzez tworzenie biomolekularnych produkt\u00f3w.<\/p>\t\t\t\t\t\t<\/div>\n\t\t\t\t<\/div>\n\t\t\t\t\t<\/div>\n\t\t<\/div>\n\t\t\t\t\t\t\t<\/div>\n\t\t<\/section>\n\t\t\t\t<section class=\"elementor-section elementor-top-section elementor-element elementor-element-22e3837 elementor-section-boxed elementor-section-height-default elementor-section-height-default\" data-id=\"22e3837\" data-element_type=\"section\">\n\t\t\t\t\t\t<div class=\"elementor-container elementor-column-gap-default\">\n\t\t\t\t\t<div class=\"elementor-column elementor-col-100 elementor-top-column elementor-element elementor-element-1d76c72\" data-id=\"1d76c72\" data-element_type=\"column\">\n\t\t\t<div class=\"elementor-widget-wrap elementor-element-populated\">\n\t\t\t\t\t\t\t\t<div class=\"elementor-element elementor-element-be5cac4 elementor-widget elementor-widget-heading\" data-id=\"be5cac4\" data-element_type=\"widget\" data-widget_type=\"heading.default\">\n\t\t\t\t<div class=\"elementor-widget-container\">\n\t\t\t<h2 class=\"elementor-heading-title elementor-size-default\">Zaufaj badaniom i naukowcom!<\/h2>\t\t<\/div>\n\t\t\t\t<\/div>\n\t\t\t\t\t<\/div>\n\t\t<\/div>\n\t\t\t\t\t\t\t<\/div>\n\t\t<\/section>\n\t\t\t\t<section class=\"elementor-section elementor-top-section elementor-element elementor-element-5519860 elementor-section-boxed elementor-section-height-default elementor-section-height-default\" data-id=\"5519860\" data-element_type=\"section\">\n\t\t\t\t\t\t<div class=\"elementor-container elementor-column-gap-default\">\n\t\t\t\t\t<div class=\"elementor-column elementor-col-100 elementor-top-column elementor-element elementor-element-bea875a\" data-id=\"bea875a\" data-element_type=\"column\">\n\t\t\t<div class=\"elementor-widget-wrap elementor-element-populated\">\n\t\t\t\t\t\t\t\t<div class=\"elementor-element elementor-element-5e61051 elementor-widget elementor-widget-heading\" data-id=\"5e61051\" data-element_type=\"widget\" data-widget_type=\"heading.default\">\n\t\t\t\t<div class=\"elementor-widget-container\">\n\t\t\t<h2 class=\"elementor-heading-title elementor-size-default\">NASZE OSI\u0104GNI\u0118CIA<\/h2>\t\t<\/div>\n\t\t\t\t<\/div>\n\t\t\t\t\t<\/div>\n\t\t<\/div>\n\t\t\t\t\t\t\t<\/div>\n\t\t<\/section>\n\t\t\t\t<section class=\"elementor-section elementor-top-section elementor-element elementor-element-20b08d4 elementor-section-boxed elementor-section-height-default elementor-section-height-default\" data-id=\"20b08d4\" data-element_type=\"section\">\n\t\t\t\t\t\t<div class=\"elementor-container elementor-column-gap-default\">\n\t\t\t\t\t<div class=\"elementor-column elementor-col-100 elementor-top-column elementor-element elementor-element-179ba10\" data-id=\"179ba10\" data-element_type=\"column\">\n\t\t\t<div class=\"elementor-widget-wrap elementor-element-populated\">\n\t\t\t\t\t\t\t\t<div class=\"elementor-element elementor-element-9f13d3b elementor-arrows-position-inside elementor-pagination-position-outside elementor-widget elementor-widget-image-carousel\" data-id=\"9f13d3b\" data-element_type=\"widget\" data-settings=\"{&quot;slides_to_show&quot;:&quot;4&quot;,&quot;image_spacing_custom&quot;:{&quot;unit&quot;:&quot;px&quot;,&quot;size&quot;:43,&quot;sizes&quot;:[]},&quot;autoplay_speed&quot;:3000,&quot;navigation&quot;:&quot;both&quot;,&quot;autoplay&quot;:&quot;yes&quot;,&quot;pause_on_hover&quot;:&quot;yes&quot;,&quot;pause_on_interaction&quot;:&quot;yes&quot;,&quot;infinite&quot;:&quot;yes&quot;,&quot;speed&quot;:500}\" data-widget_type=\"image-carousel.default\">\n\t\t\t\t<div class=\"elementor-widget-container\">\n\t\t\t\t\t<div class=\"elementor-image-carousel-wrapper swiper-container\" dir=\"ltr\">\n\t\t\t<div class=\"elementor-image-carousel swiper-wrapper\">\n\t\t\t\t\t\t\t\t<div class=\"swiper-slide\"><figure class=\"swiper-slide-inner\"><img class=\"swiper-slide-image\" src=\"https:\/\/celther.com\/wp-content\/uploads\/2021\/09\/Innowatory_WPROST_2015_net-e1631197937582.jpg\" alt=\"innowatory WPROST 2015 - nagroda dla Celther Polska za wprowadzenie na rynek opatrunku biodegradowalnego i podj\u0119cie prac nad nowatorsk\u0105 terapi\u0105 przeciwnowotworow\u0105\" \/><figcaption class=\"elementor-image-carousel-caption\">innowatory WPROST 2015 - nagroda dla Celther Polska za wprowadzenie na rynek opatrunku biodegradowalnego i podj\u0119cie prac nad nowatorsk\u0105 terapi\u0105 przeciwnowotworow\u0105<\/figcaption><\/figure><\/div><div class=\"swiper-slide\"><figure class=\"swiper-slide-inner\"><img class=\"swiper-slide-image\" src=\"https:\/\/celther.com\/wp-content\/uploads\/2021\/09\/pobrane-2-e1631197972551.jpg\" alt=\"Konsumencki Lider Jako\u015bci Debiut Roku 2020 - god\u0142o dla marki Shecell Dermatologic\u200b\" \/><figcaption class=\"elementor-image-carousel-caption\">Konsumencki Lider Jako\u015bci Debiut Roku 2020 - god\u0142o dla marki Shecell Dermatologic\u200b<\/figcaption><\/figure><\/div><div class=\"swiper-slide\"><figure class=\"swiper-slide-inner\"><img class=\"swiper-slide-image\" src=\"https:\/\/celther.com\/wp-content\/uploads\/2021\/09\/pobrane-1-e1631197985460.jpg\" alt=\"Per\u0142a Rynku Kosmetycznego 2018 - marka Shecell laureatem badania &quot;Per\u0142y Rynku Kosmetycznego 2018&quot; w kategorii Kosmetyki piel\u0119gnacyjne do twarzy \u200b\" \/><figcaption class=\"elementor-image-carousel-caption\">Per\u0142a Rynku Kosmetycznego 2018 - marka Shecell laureatem badania \"Per\u0142y Rynku Kosmetycznego 2018\" w kategorii Kosmetyki piel\u0119gnacyjne do twarzy \u200b<\/figcaption><\/figure><\/div><div class=\"swiper-slide\"><figure class=\"swiper-slide-inner\"><img class=\"swiper-slide-image\" src=\"https:\/\/celther.com\/wp-content\/uploads\/2021\/09\/DMR-S-2021_PL_nobg-LOGO-e1631197999560.png\" alt=\"Dzieci\u0119ca Marka Roku 2021 - wyr\u00f3\u017cnienie dla marki CUDOCELL MAX\" \/><figcaption class=\"elementor-image-carousel-caption\">Dzieci\u0119ca Marka Roku 2021 - wyr\u00f3\u017cnienie dla marki CUDOCELL MAX<\/figcaption><\/figure><\/div><div class=\"swiper-slide\"><figure class=\"swiper-slide-inner\"><img class=\"swiper-slide-image\" src=\"https:\/\/celther.com\/wp-content\/uploads\/2021\/09\/parp-grupa-pfr-logo-vector-e1631198010113.png\" alt=\"Konkurs PARP - wyr\u00f3\u017cnienie dla Celther Polska w kategorii &quot;Innowacyjny projekt bran\u017cy farmaceutycznej\/medycznej&quot;\u200b\" \/><figcaption class=\"elementor-image-carousel-caption\">Konkurs PARP - wyr\u00f3\u017cnienie dla Celther Polska w kategorii \"Innowacyjny projekt bran\u017cy farmaceutycznej\/medycznej\"\u200b<\/figcaption><\/figure><\/div><div class=\"swiper-slide\"><figure class=\"swiper-slide-inner\"><img class=\"swiper-slide-image\" src=\"https:\/\/celther.com\/wp-content\/uploads\/2021\/09\/SK2018-e1631198023131.jpg\" alt=\"Super Produkt Kobiety 2017 - wyr\u00f3\u017cnienie dla marki  Shecell Dermatologic w kategorii &quot;Kosmetyki, piel\u0119gnacja twarzy&quot;\" \/><figcaption class=\"elementor-image-carousel-caption\">Super Produkt Kobiety 2017 - wyr\u00f3\u017cnienie dla marki  Shecell Dermatologic w kategorii \"Kosmetyki, piel\u0119gnacja twarzy\"<\/figcaption><\/figure><\/div><div class=\"swiper-slide\"><figure class=\"swiper-slide-inner\"><img class=\"swiper-slide-image\" src=\"https:\/\/celther.com\/wp-content\/uploads\/2021\/09\/UML-e1631197957922.jpg\" alt=\"Nagroda Marsza\u0142ka Wojew\u00f3dztwa \u0141\u00f3dzkiego - dla Celther Polska za efektywne wykorzystanie potencja\u0142u \u0142\u00f3dzkich naukowc\u00f3w\u200b\" \/><figcaption class=\"elementor-image-carousel-caption\">Nagroda Marsza\u0142ka Wojew\u00f3dztwa \u0141\u00f3dzkiego - dla Celther Polska za efektywne wykorzystanie potencja\u0142u \u0142\u00f3dzkich naukowc\u00f3w\u200b<\/figcaption><\/figure><\/div>\t\t\t<\/div>\n\t\t\t\t\t\t\t\t\t\t\t\t<div class=\"swiper-pagination\"><\/div>\n\t\t\t\t\t\t\t\t\t\t\t\t\t<div class=\"elementor-swiper-button elementor-swiper-button-prev\">\n\t\t\t\t\t\t<i aria-hidden=\"true\" class=\"eicon-chevron-left\"><\/i>\t\t\t\t\t\t<span class=\"elementor-screen-only\">Poprzednie<\/span>\n\t\t\t\t\t<\/div>\n\t\t\t\t\t<div class=\"elementor-swiper-button elementor-swiper-button-next\">\n\t\t\t\t\t\t<i aria-hidden=\"true\" class=\"eicon-chevron-right\"><\/i>\t\t\t\t\t\t<span class=\"elementor-screen-only\">Nast\u0119pne<\/span>\n\t\t\t\t\t<\/div>\n\t\t\t\t\t\t\t\t\t<\/div>\n\t\t\t\t<\/div>\n\t\t\t\t<\/div>\n\t\t\t\t\t<\/div>\n\t\t<\/div>\n\t\t\t\t\t\t\t<\/div>\n\t\t<\/section>\n\t\t\t\t\t\t\t<\/div>\n\t\t","protected":false},"excerpt":{"rendered":"<p>CELTHER POLSKA jest zintegrowan\u0105 firm\u0105 biotechnologiczno-medyczn\u0105, prowadz\u0105c\u0105 zaawansowane badania naukowe z zakresu biologii molekularnej oraz in\u017cynierii kom\u00f3rkowej. Od 13 lat firma specjalizuje si\u0119 w opracowywaniu linii kom\u00f3rkowych,\u00a0 wyrob\u00f3w medycznych, oraz kosmetyk\u00f3w regeneracyjnych, kt\u00f3rych jako\u015b\u0107 i bezpiecze\u0144stwo zosta\u0142a potwierdzona patentami oraz badaniami naukowymi w celu poprawy zdrowia i jako\u015bci \u017cycia pacjent\u00f3w. Najwi\u0119kszym atutem Firmy jest silne &hellip;<\/p>\n<p class=\"read-more\"> <a class=\"\" href=\"https:\/\/celther.com\/index.php\/o-firmie\/\"> <span class=\"screen-reader-text\">O firmie<\/span> Read More &raquo;<\/a><\/p>\n","protected":false},"author":1,"featured_media":0,"parent":0,"menu_order":0,"comment_status":"closed","ping_status":"closed","template":"elementor_header_footer","meta":[],"_links":{"self":[{"href":"https:\/\/celther.com\/index.php\/wp-json\/wp\/v2\/pages\/248"}],"collection":[{"href":"https:\/\/celther.com\/index.php\/wp-json\/wp\/v2\/pages"}],"about":[{"href":"https:\/\/celther.com\/index.php\/wp-json\/wp\/v2\/types\/page"}],"author":[{"embeddable":true,"href":"https:\/\/celther.com\/index.php\/wp-json\/wp\/v2\/users\/1"}],"replies":[{"embeddable":true,"href":"https:\/\/celther.com\/index.php\/wp-json\/wp\/v2\/comments?post=248"}],"version-history":[{"count":6,"href":"https:\/\/celther.com\/index.php\/wp-json\/wp\/v2\/pages\/248\/revisions"}],"predecessor-version":[{"id":3746,"href":"https:\/\/celther.com\/index.php\/wp-json\/wp\/v2\/pages\/248\/revisions\/3746"}],"wp:attachment":[{"href":"https:\/\/celther.com\/index.php\/wp-json\/wp\/v2\/media?parent=248"}],"curies":[{"name":"wp","href":"https:\/\/api.w.org\/{rel}","templated":true}]}}