{"id":1761,"date":"2021-09-30T07:15:31","date_gmt":"2021-09-30T07:15:31","guid":{"rendered":"https:\/\/celther.home.pl\/wwwcelther\/?page_id=1761"},"modified":"2021-10-07T06:50:49","modified_gmt":"2021-10-07T06:50:49","slug":"polityka-prywatnosci","status":"publish","type":"page","link":"https:\/\/celther.com\/index.php\/polityka-prywatnosci\/","title":{"rendered":"Polityka prywatno\u015bci"},"content":{"rendered":"\t\t<div data-elementor-type=\"wp-page\" data-elementor-id=\"1761\" data-post-id=\"1761\" data-obj-id=\"1761\" class=\"elementor elementor-1761 dce-elementor-post-1761\">\n\t\t\t\t\t\t\t\t\t<section class=\"elementor-section elementor-top-section elementor-element elementor-element-cb8f840 elementor-section-full_width elementor-section-height-default elementor-section-height-default\" data-id=\"cb8f840\" data-element_type=\"section\">\n\t\t\t\t\t\t<div class=\"elementor-container elementor-column-gap-no\">\n\t\t\t\t\t<div class=\"elementor-column elementor-col-100 elementor-top-column elementor-element elementor-element-3c2c50a\" data-id=\"3c2c50a\" data-element_type=\"column\">\n\t\t\t<div class=\"elementor-widget-wrap elementor-element-populated\">\n\t\t\t\t\t\t\t\t<div class=\"elementor-element elementor-element-3e86e55 dce_masking-none elementor-widget elementor-widget-image\" data-id=\"3e86e55\" data-element_type=\"widget\" data-widget_type=\"image.default\">\n\t\t\t\t<div class=\"elementor-widget-container\">\n\t\t\t\t\t\t\t\t\t\t\t\t\t\t\t<img width=\"1920\" height=\"585\" src=\"https:\/\/celther.com\/wp-content\/uploads\/2021\/10\/biotechnologia-e1633589394727.jpg\" class=\"attachment-full size-full\" alt=\"\" loading=\"lazy\" srcset=\"https:\/\/celther.com\/wp-content\/uploads\/2021\/10\/biotechnologia-e1633589394727.jpg 1920w, https:\/\/celther.com\/wp-content\/uploads\/2021\/10\/biotechnologia-e1633589394727-300x91.jpg 300w, https:\/\/celther.com\/wp-content\/uploads\/2021\/10\/biotechnologia-e1633589394727-1024x312.jpg 1024w, https:\/\/celther.com\/wp-content\/uploads\/2021\/10\/biotechnologia-e1633589394727-768x234.jpg 768w, https:\/\/celther.com\/wp-content\/uploads\/2021\/10\/biotechnologia-e1633589394727-1536x468.jpg 1536w, https:\/\/celther.com\/wp-content\/uploads\/2021\/10\/biotechnologia-e1633589394727-600x183.jpg 600w, https:\/\/celther.com\/wp-content\/uploads\/2021\/10\/biotechnologia-e1633589394727-900x274.jpg 900w\" sizes=\"(max-width: 1920px) 100vw, 1920px\" \/>\t\t\t\t\t\t\t\t\t\t\t\t\t\t\t<\/div>\n\t\t\t\t<\/div>\n\t\t\t\t\t<\/div>\n\t\t<\/div>\n\t\t\t\t\t\t\t<\/div>\n\t\t<\/section>\n\t\t\t\t<section class=\"elementor-section elementor-top-section elementor-element elementor-element-a8b9c91 elementor-section-boxed elementor-section-height-default elementor-section-height-default\" data-id=\"a8b9c91\" data-element_type=\"section\">\n\t\t\t\t\t\t<div class=\"elementor-container elementor-column-gap-default\">\n\t\t\t\t\t<div class=\"elementor-column elementor-col-100 elementor-top-column elementor-element elementor-element-16c13da\" data-id=\"16c13da\" data-element_type=\"column\">\n\t\t\t<div class=\"elementor-widget-wrap elementor-element-populated\">\n\t\t\t\t\t\t\t\t<div class=\"elementor-element elementor-element-f1b4a33 elementor-widget elementor-widget-text-editor\" data-id=\"f1b4a33\" data-element_type=\"widget\" data-widget_type=\"text-editor.default\">\n\t\t\t\t<div class=\"elementor-widget-container\">\n\t\t\t\t\t\t\t<p><strong>Polityka prywatno\u015bci<\/strong><\/p><p>Zasady przetwarzania danych osobowych<\/p><p>Przedsi\u0119biorstwo CELTHER POLSKA Sp. z o.o. ul. Inwestycyjna 7, 95-050 Konstantyn\u00f3w \u0141\u00f3dzki,<\/p><p>Polska. Niniejsze zasady przetwarzania danych osobowych wyja\u015bniaj\u0105, w jaki spos\u00f3b i jakiego rodzaju dane osobowe b\u0119d\u0105 przez nas zbierane, w jakich celach b\u0119d\u0105 one przetwarzane i komu b\u0119d\u0105 udost\u0119pniane lub ujawniane. Prosimy o uwa\u017cne zapoznanie si\u0119 z poni\u017cszymi informacjami.<br \/><br \/>Zgodnie z w\u0142a\u015bciwymi przepisami dotycz\u0105cymi ochrony danych osobowych, poni\u017cej zamie\u015bcili\u015bmy informacje dotycz\u0105ce rodzaju, zakresu i celu przetwarzania danych osobowych pozyskanych od u\u017cytkownik\u00f3w strony internetowej CELTHER POLSKA oraz w innych formach, w tym m.in. w ramach kontaktu osobistego z naszymi Klientami.<br \/><br \/>1. Kim jest administrator danych osobowych?<br \/><br \/>Administrator danych to osoba fizyczna lub prawna, kt\u00f3ra decyduje o przetwarzaniu danych osobowych i odpowiada za ich przechowywanie i wykorzystanie w formie papierowej lub elektronicznej.<br \/>Administratorem Pani\/Pana danych jest Przedsi\u0119biorstwo CELTHER POLSKA Sp. z o.o., ul. Inwestycyjna 7, 95-050 Konstantyn\u00f3w \u0141\u00f3dzki.<\/p><p>\u00a0<\/p><p>\u00a0Mo\u017cna si\u0119 z nami kontaktowa\u0107 osobi\u015bcie lub za po\u015brednictwem poczty elektronicznej pod adresem:\u00a0\u00a0biuro@celther.pl<br \/><br \/>2. W jakich celach i na jakiej podstawie b\u0119dziemy przetwarza\u0107 Pani\/Pana dane osobowe?<br \/><br \/>B\u0119dziemy przetwarza\u0107 Pani\/Pana dane osobowe w nast\u0119puj\u0105cych celach:<\/p><ul><li>w celu zawarcia umowy (w tym przyj\u0119cia zam\u00f3wienia) oraz wykonania umowy, w tym realizacji zam\u00f3wienia na nasze produkty (np. wystawienie faktury, wysy\u0142ka produkt\u00f3w, komunikacja w sprawach z\u0142o\u017conego zam\u00f3wienia, rozpatrywanie reklamacji) \u2013 przetwarzanie jest niezb\u0119dne do zawarcia z Pani\u0105\/Panem umowy i jej wykonania;<\/li><li>w celu informowania Pani\/Pana o produktach i us\u0142ugach, kt\u00f3re naszym zdaniem mog\u0105 Pani\u0105\/Pana zainteresowa\u0107, zgodnie z wyra\u017conymi preferencjami dotycz\u0105cymi otrzymywania informacji marketingowych \u2013 je\u015bli nie jest Pani\/Pan naszym Klientem, b\u0119dziemy przetwarza\u0107 dane osobowe na podstawie Pani\/Pana wyra\u017anej zgody; w odniesieniu do naszych Klient\u00f3w dane te b\u0119dziemy przetwarza\u0107 w celu marketingu bezpo\u015bredniego jako realizowanego przez nas prawnie uzasadnionego interesu;<\/li><li>w celu wype\u0142nienia obowi\u0105zk\u00f3w (np. podatkowych, rachunkowych, administracyjnych) wynikaj\u0105cych z przepis\u00f3w prawa \u2013 przetwarzanie jest niezb\u0119dne do wype\u0142nienia ci\u0105\u017c\u0105cych na nas obowi\u0105zk\u00f3w prawnych;<\/li><li>w celu przyznania Pani\/Panu statusu uczestnika konkursu oraz przyznania i przekazania Pani\/Panu nagrody w organizowanych przez nas konkursach \u2013 przetwarzanie b\u0119dzie oparte na Pani\/Pana wyra\u017anej zgodzie oraz w celu realizacji prawnie usprawiedliwionego interesu administratora (marketing bezpo\u015bredni);<\/li><\/ul><p>w celu ewentualnego dochodzenia roszcze\u0144 \u2013 przetwarzanie jest niezb\u0119dne do realizacji prawnie uzasadnionego interesu Administratora, jakim jest mo\u017cliwo\u015b\u0107 dochodzenia roszcze\u0144.<\/p><p><br \/>Zgod\u0119 mo\u017cna w ka\u017cdym momencie wycofa\u0107. Wycofanie zgody nie wp\u0142ywa na zgodno\u015b\u0107 z prawem przetwarzania dokonanego na podstawie zgody przed jej wycofaniem.<br \/><br \/>Podanie przez Pani\u0105\/Pana danych osobowych jest dobrowolne, lecz niezb\u0119dne do zawarcia i wykonywania z Pani\u0105\/Panem umowy, wzi\u0119cia przez Pani\u0105\/Pana udzia\u0142u w konkursie, a w zakresie danych osobowych przetwarzanych w celach marketingowych \u2013 niezb\u0119dne do przesy\u0142ania Pani\/Panu naszych aktualnych ofert.<br \/><br \/>3. Odbiorcy danych osobowych<br \/><br \/>Dok\u0142adamy wszelkich stara\u0144, aby Pani\/Pana dane osobowe by\u0142y przetwarzane w spos\u00f3b zgodny z celami wskazanymi powy\u017cej.<br \/><br \/>We wskazanych powy\u017cej celach Pani\/Pana dane osobowe mog\u0105 by\u0107 ujawniane nast\u0119puj\u0105cym odbiorcom tych danych:<\/p><ul><li>organom publicznym<\/li><li>sp\u00f3\u0142kom\u00a0 realizuj\u0105cych wewn\u0119trzne cele administracyjne Grupy,<\/li><li>podmiotom przetwarzaj\u0105cym dane na nasze zlecenie, np. audytorom, prawnikom, sp\u00f3\u0142kom i podmiotom prowadz\u0105cym dzia\u0142alno\u015b\u0107 us\u0142ugow\u0105 w celu realizacji zleconych im zada\u0144 (obs\u0142uga informatyczna, zarz\u0105dzanie dokumentami, obs\u0142uga ksi\u0119gowa, obs\u0142uga konta CELTHER POLSKA na portalach spo\u0142eczno\u015bciowych); oraz podmiotom \u015bwiadcz\u0105cym us\u0142ugi reklamowe w celu przesy\u0142ania Pani\/Panu informacji marketingowych, na jakie zezwalaj\u0105 przepisy prawa, zgodnie z Pani\/Pana preferencjami dotycz\u0105cymi komunikacji. Bez Pani\/Pana zgody nie udost\u0119pnimy danych osobowych osobom trzecim na ich w\u0142asne cele marketingowe.<\/li><\/ul><ol><li>Gdzie b\u0119d\u0105 przetwarzane dane osobowe?<br \/><br \/>Pani\/Pana dane osobowe mog\u0105 by\u0107 przetwarzane na terytorium Europejskiego Obszaru Gospodarczego (EOG) lub poza nim przez podmioty wskazane w pkt. 3, z zastrze\u017ceniem ogranicze\u0144 umownych dotycz\u0105cych poufno\u015bci i bezpiecze\u0144stwa informacji, zgodnie z obowi\u0105zuj\u0105cymi przepisami w zakresie ochrony danych. Nie ujawnimy Pani\/Pana danych osobowych osobom, kt\u00f3re nie s\u0105 uprawnione do ich przetwarzania.<br \/>W razie przekazania Pani\/Pana danych osobowych w celu ich przetwarzania poza EOG ka\u017cdorazowo podejmiemy odpowiednie kroki, aby zapewni\u0107 nale\u017cyt\u0105 ochron\u0119 Pani\/Pana danych osobowych, na takim samym poziomie, jaki jest zapewniany w EOG. Je\u017celi s\u0105 Pa\u0144stwo zainteresowani zabezpieczeniami stosowanymi przez nas w wypadku przekazywania danych poza EOG (np. standardowe klauzule umowne), prosimy o kontakt z nami w spos\u00f3b opisany w pkt 1.<br \/><br \/>5. Jakie uprawnienia przys\u0142uguj\u0105 Pani\/Panu w odniesieniu do danych osobowych?<br \/><br \/>O ile dopuszczaj\u0105 to obowi\u0105zuj\u0105ce przepisy, przys\u0142uguje Pani\/Panu prawo do:<br \/><br \/>a) dost\u0119pu do swoich danych osobowych, kt\u00f3re znajduj\u0105 si\u0119 w naszym posiadaniu, i poznania pochodzenia tych danych, cel\u00f3w ich przetwarzania, a tak\u017ce informacji o administratorze (administratorach) danych, podmiocie (podmiotach) przetwarzaj\u0105cym (przetwarzaj\u0105cych) oraz podmiotach, kt\u00f3rym mog\u0105 one by\u0107 ujawnione;<br \/><br \/>b) wycofania swojej zgody w dowolnym czasie, je\u017celi Pani\/Pana dane osobowe s\u0105 przetwarzane na podstawie zgody;<br \/><br \/>c) aktualizacji lub poprawiania swoich danych osobowych tak, aby by\u0142y one zawsze prawid\u0142owe;<br \/><br \/>d) usuni\u0119cia swoich danych osobowych z naszej ewidencji, je\u017celi nie s\u0105 ju\u017c potrzebne w celach wskazanych powy\u017cej;<br \/><br \/>e) \u017c\u0105dania ograniczenia przetwarzania swoich danych osobowych w pewnych okoliczno\u015bciach, np. kiedy kwestionuje Pani\/Pan prawid\u0142owo\u015b\u0107 swoich danych osobowych, na okres pozwalaj\u0105cy nam sprawdzi\u0107 ich prawid\u0142owo\u015b\u0107;<br \/><br \/>f) uzyskania swoich danych osobowych w formacie elektronicznym na potrzeby w\u0142asne lub innego administratora danych; oraz<br \/><br \/>g) z\u0142o\u017cenia u nas reklamacji<br \/><br \/>h) wniesienia skargi do Urz\u0119du Ochrony Danych Osobowych.<br \/><br \/>Z powy\u017cszych praw mo\u017ce Pani\/Pan skorzysta\u0107 kontaktuj\u0105c si\u0119 z nami w spos\u00f3b opisany w pkt 1 z podaniem imienia i nazwiska, adresu e-mail i przedmiotu \u017c\u0105dania.<br \/><br \/>6. Jak mo\u017cna wnie\u015b\u0107 sprzeciw wobec przetwarzania danych osobowych?<br \/><br \/>Przys\u0142uguje Pani\/Panu prawo do wniesienia sprzeciwu wobec przetwarzania przez nas danych osobowych lub \u017c\u0105dania, aby\u015bmy zaprzestali ich przetwarzania (w tym na potrzeby marketingu bezpo\u015bredniego naszych produkt\u00f3w). Po otrzymaniu takiego \u017c\u0105dania zaprzestaniemy dalszego przetwarzania Pani\/Pana danych osobowych, chyba \u017ce dopuszczaj\u0105 to obowi\u0105zuj\u0105ce przepisy.<br \/><br \/>W ten sam spos\u00f3b mog\u0105 Pa\u0144stwo korzysta\u0107 z innych praw wskazanych w pkt 5.<br \/><br \/>7. Jak d\u0142ugo przechowujemy dane osobowe?<br \/><br \/>B\u0119dziemy przechowywa\u0107 Pani\/Pana dane osobowe 10 lat od daty ustania stosunku umownego, kt\u00f3rego by\u0142a Pani\/Pan stron\u0105 lub od daty rozpatrzenia Pani\/Pana reklamacji. 10 \u2013 letni okres wynika z ustalonego w Polsce okresu przedawnienia roszcze\u0144.<br \/><br \/>Dane osobowe, na kt\u00f3rych przetwarzanie wyrazi\u0142a\/-\u0142 Pani\/Pan zgod\u0119 w konkretnym celu, b\u0119dziemy przechowywa\u0107 nie d\u0142u\u017cej, ni\u017c do dnia wycofania przez Pani\u0105\/Pana udzielonej nam zgody.<br \/><br \/>Nie b\u0119dziemy przechowywa\u0107 Pani\/Pana danych osobowych d\u0142u\u017cej ni\u017c jest to konieczne i b\u0119dziemy je przechowywa\u0107 jedynie w celach, w kt\u00f3rych je uzyskali\u015bmy.<br \/><br \/>8. Jak cz\u0119sto aktualizujemy zasady przetwarzania danych osobowych?<br \/><br \/>Niniejsze zasady przetwarzania danych osobowych s\u0105 przez nas regularnie przegl\u0105dane i aktualizowane. Dok\u0142adamy wszelkich stara\u0144, aby na naszej stronie internetowej CELTHER POLSKA dost\u0119pna by\u0142a zawsze ich aktualna wersja, a ponadto o ka\u017cdej wa\u017cnej zmianie, kt\u00f3ra mo\u017ce Pani\/Pana dotyczy\u0107, poinformujemy Pani\u0105\/Pana osobi\u015bcie.<br \/><br \/>9. Zautomatyzowane podejmowanie decyzji i profilowanie<br \/><br \/>Przetwarzanie danych nie obejmuje zautomatyzowanego podejmowania decyzji, w tym profilowania.<\/li><\/ol>\t\t\t\t\t\t<\/div>\n\t\t\t\t<\/div>\n\t\t\t\t\t<\/div>\n\t\t<\/div>\n\t\t\t\t\t\t\t<\/div>\n\t\t<\/section>\n\t\t\t\t\t\t\t<\/div>\n\t\t","protected":false},"excerpt":{"rendered":"<p>Polityka prywatno\u015bci Zasady przetwarzania danych osobowych Przedsi\u0119biorstwo CELTHER POLSKA Sp. z o.o. ul. Inwestycyjna 7, 95-050 Konstantyn\u00f3w \u0141\u00f3dzki, Polska. Niniejsze zasady przetwarzania danych osobowych wyja\u015bniaj\u0105, w jaki spos\u00f3b i jakiego rodzaju dane osobowe b\u0119d\u0105 przez nas zbierane, w jakich celach b\u0119d\u0105 one przetwarzane i komu b\u0119d\u0105 udost\u0119pniane lub ujawniane. Prosimy o uwa\u017cne zapoznanie si\u0119 z &hellip;<\/p>\n<p class=\"read-more\"> <a class=\"\" href=\"https:\/\/celther.com\/index.php\/polityka-prywatnosci\/\"> <span class=\"screen-reader-text\">Polityka prywatno\u015bci<\/span> Read More &raquo;<\/a><\/p>\n","protected":false},"author":1,"featured_media":0,"parent":0,"menu_order":0,"comment_status":"closed","ping_status":"closed","template":"","meta":[],"_links":{"self":[{"href":"https:\/\/celther.com\/index.php\/wp-json\/wp\/v2\/pages\/1761"}],"collection":[{"href":"https:\/\/celther.com\/index.php\/wp-json\/wp\/v2\/pages"}],"about":[{"href":"https:\/\/celther.com\/index.php\/wp-json\/wp\/v2\/types\/page"}],"author":[{"embeddable":true,"href":"https:\/\/celther.com\/index.php\/wp-json\/wp\/v2\/users\/1"}],"replies":[{"embeddable":true,"href":"https:\/\/celther.com\/index.php\/wp-json\/wp\/v2\/comments?post=1761"}],"version-history":[{"count":0,"href":"https:\/\/celther.com\/index.php\/wp-json\/wp\/v2\/pages\/1761\/revisions"}],"wp:attachment":[{"href":"https:\/\/celther.com\/index.php\/wp-json\/wp\/v2\/media?parent=1761"}],"curies":[{"name":"wp","href":"https:\/\/api.w.org\/{rel}","templated":true}]}}