{"id":1208,"date":"2021-08-16T07:02:52","date_gmt":"2021-08-16T07:02:52","guid":{"rendered":"http:\/\/celther.home.pl\/wwwcelther\/?page_id=1208"},"modified":"2021-10-06T23:28:03","modified_gmt":"2021-10-06T23:28:03","slug":"testy-toksycznosci-in-vitro","status":"publish","type":"page","link":"https:\/\/celther.com\/index.php\/testy-toksycznosci-in-vitro\/","title":{"rendered":"TESTY TOKSYCZNO\u015aCI IN VITRO"},"content":{"rendered":"\t\t<div data-elementor-type=\"wp-page\" data-elementor-id=\"1208\" data-post-id=\"1208\" data-obj-id=\"1208\" class=\"elementor elementor-1208 dce-elementor-post-1208\">\n\t\t\t\t\t\t\t\t\t<section class=\"elementor-section elementor-top-section elementor-element elementor-element-bff7718 elementor-section-full_width elementor-section-height-default elementor-section-height-default\" data-id=\"bff7718\" data-element_type=\"section\">\n\t\t\t\t\t\t<div class=\"elementor-container elementor-column-gap-no\">\n\t\t\t\t\t<div class=\"elementor-column elementor-col-100 elementor-top-column elementor-element elementor-element-17dd0dc\" data-id=\"17dd0dc\" data-element_type=\"column\">\n\t\t\t<div class=\"elementor-widget-wrap elementor-element-populated\">\n\t\t\t\t\t\t\t\t<div class=\"elementor-element elementor-element-982791b dce_masking-none elementor-widget elementor-widget-image\" data-id=\"982791b\" data-element_type=\"widget\" data-widget_type=\"image.default\">\n\t\t\t\t<div class=\"elementor-widget-container\">\n\t\t\t\t\t\t\t\t\t\t\t\t\t\t\t<img width=\"1920\" height=\"727\" src=\"https:\/\/celther.com\/wp-content\/uploads\/2021\/10\/biotech.png\" class=\"attachment-full size-full\" alt=\"\" loading=\"lazy\" srcset=\"https:\/\/celther.com\/wp-content\/uploads\/2021\/10\/biotech.png 1920w, https:\/\/celther.com\/wp-content\/uploads\/2021\/10\/biotech-300x114.png 300w, https:\/\/celther.com\/wp-content\/uploads\/2021\/10\/biotech-1024x388.png 1024w, https:\/\/celther.com\/wp-content\/uploads\/2021\/10\/biotech-768x291.png 768w, https:\/\/celther.com\/wp-content\/uploads\/2021\/10\/biotech-1536x582.png 1536w, https:\/\/celther.com\/wp-content\/uploads\/2021\/10\/biotech-600x227.png 600w, https:\/\/celther.com\/wp-content\/uploads\/2021\/10\/biotech-900x341.png 900w\" sizes=\"(max-width: 1920px) 100vw, 1920px\" \/>\t\t\t\t\t\t\t\t\t\t\t\t\t\t\t<\/div>\n\t\t\t\t<\/div>\n\t\t\t\t\t<\/div>\n\t\t<\/div>\n\t\t\t\t\t\t\t<\/div>\n\t\t<\/section>\n\t\t\t\t<section class=\"elementor-section elementor-top-section elementor-element elementor-element-a14fe63 elementor-section-boxed elementor-section-height-default elementor-section-height-default\" data-id=\"a14fe63\" data-element_type=\"section\">\n\t\t\t\t\t\t<div class=\"elementor-container elementor-column-gap-default\">\n\t\t\t\t\t<div class=\"elementor-column elementor-col-100 elementor-top-column elementor-element elementor-element-9b34350\" data-id=\"9b34350\" data-element_type=\"column\">\n\t\t\t<div class=\"elementor-widget-wrap elementor-element-populated\">\n\t\t\t\t\t\t\t\t<div class=\"elementor-element elementor-element-71eee14 elementor-widget elementor-widget-heading\" data-id=\"71eee14\" data-element_type=\"widget\" data-widget_type=\"heading.default\">\n\t\t\t\t<div class=\"elementor-widget-container\">\n\t\t\t<h2 class=\"elementor-heading-title elementor-size-default\">TESTY TOKSYCZNO\u015aCI IN VITRO<\/h2>\t\t<\/div>\n\t\t\t\t<\/div>\n\t\t\t\t\t<\/div>\n\t\t<\/div>\n\t\t\t\t\t\t\t<\/div>\n\t\t<\/section>\n\t\t\t\t<section class=\"elementor-section elementor-top-section elementor-element elementor-element-87b2400 elementor-section-boxed elementor-section-height-default elementor-section-height-default\" data-id=\"87b2400\" data-element_type=\"section\">\n\t\t\t\t\t\t<div class=\"elementor-container elementor-column-gap-default\">\n\t\t\t\t\t<div class=\"elementor-column elementor-col-100 elementor-top-column elementor-element elementor-element-413e148\" data-id=\"413e148\" data-element_type=\"column\">\n\t\t\t<div class=\"elementor-widget-wrap elementor-element-populated\">\n\t\t\t\t\t\t\t\t<div class=\"elementor-element elementor-element-bfe8fdc elementor-widget elementor-widget-text-editor\" data-id=\"bfe8fdc\" data-element_type=\"widget\" data-widget_type=\"text-editor.default\">\n\t\t\t\t<div class=\"elementor-widget-container\">\n\t\t\t\t\t\t\t<p>Jednym z powod\u00f3w, dla kt\u00f3rego cz\u0105steczka o potencjalnych w\u0142a\u015bciwo\u015bciach terapeutycznych nie przechodzi kolejnego etapu bada\u0144, jest jej toksyczny efekt na kom\u00f3rki. Zidentyfikowanie potencjalnej toksyczno\u015bci nowej cz\u0105steczki na wczesnym etapie rozwoju produktu pomo\u017ce zaoszcz\u0119dzi\u0107 czas i \u015brodki, jakie poch\u0142on\u0119\u0142yby dalsze badania.<\/p>\t\t\t\t\t\t<\/div>\n\t\t\t\t<\/div>\n\t\t\t\t\t<\/div>\n\t\t<\/div>\n\t\t\t\t\t\t\t<\/div>\n\t\t<\/section>\n\t\t\t\t<section class=\"elementor-section elementor-top-section elementor-element elementor-element-8bdf1d0 elementor-section-boxed elementor-section-height-default elementor-section-height-default\" data-id=\"8bdf1d0\" data-element_type=\"section\">\n\t\t\t\t\t\t<div class=\"elementor-container elementor-column-gap-default\">\n\t\t\t\t\t<div class=\"elementor-column elementor-col-100 elementor-top-column elementor-element elementor-element-98501ad\" data-id=\"98501ad\" data-element_type=\"column\">\n\t\t\t<div class=\"elementor-widget-wrap elementor-element-populated\">\n\t\t\t\t\t\t\t\t<div class=\"elementor-element elementor-element-2ccfdf3 elementor-widget elementor-widget-heading\" data-id=\"2ccfdf3\" data-element_type=\"widget\" data-widget_type=\"heading.default\">\n\t\t\t\t<div class=\"elementor-widget-container\">\n\t\t\t<h4 class=\"elementor-heading-title elementor-size-default\">Zalety przeprowadzania test\u00f3w toksyczno\u015bci in vitro:<\/h4>\t\t<\/div>\n\t\t\t\t<\/div>\n\t\t\t\t\t<\/div>\n\t\t<\/div>\n\t\t\t\t\t\t\t<\/div>\n\t\t<\/section>\n\t\t\t\t<section class=\"elementor-section elementor-top-section elementor-element elementor-element-395fba5 elementor-section-boxed elementor-section-height-default elementor-section-height-default\" data-id=\"395fba5\" data-element_type=\"section\">\n\t\t\t\t\t\t<div class=\"elementor-container elementor-column-gap-default\">\n\t\t\t\t\t<div class=\"elementor-column elementor-col-100 elementor-top-column elementor-element elementor-element-b1e9725\" data-id=\"b1e9725\" data-element_type=\"column\">\n\t\t\t<div class=\"elementor-widget-wrap elementor-element-populated\">\n\t\t\t\t\t\t\t\t<div class=\"elementor-element elementor-element-d6617ae elementor-icon-list--layout-traditional elementor-list-item-link-full_width elementor-widget elementor-widget-icon-list\" data-id=\"d6617ae\" data-element_type=\"widget\" data-widget_type=\"icon-list.default\">\n\t\t\t\t<div class=\"elementor-widget-container\">\n\t\t\t\t\t<ul class=\"elementor-icon-list-items\">\n\t\t\t\t\t\t\t<li class=\"elementor-icon-list-item\">\n\t\t\t\t\t\t\t\t\t\t\t<span class=\"elementor-icon-list-icon\">\n\t\t\t\t\t\t\t<i aria-hidden=\"true\" class=\"fas fa-check\"><\/i>\t\t\t\t\t\t<\/span>\n\t\t\t\t\t\t\t\t\t\t<span class=\"elementor-icon-list-text\">dostarczaj\u0105 niezb\u0119dnych informacji na temat proces\u00f3w kom\u00f3rkowych i molekularnych,<\/span>\n\t\t\t\t\t\t\t\t\t<\/li>\n\t\t\t\t\t\t\t\t<li class=\"elementor-icon-list-item\">\n\t\t\t\t\t\t\t\t\t\t\t<span class=\"elementor-icon-list-icon\">\n\t\t\t\t\t\t\t<i aria-hidden=\"true\" class=\"fas fa-check\"><\/i>\t\t\t\t\t\t<\/span>\n\t\t\t\t\t\t\t\t\t\t<span class=\"elementor-icon-list-text\">mo\u017cliwo\u015b\u0107 prowadzenia testu dla wielu zwi\u0105zk\u00f3w jednocze\u015bnie w tych samych warunkach, co pozwala uzyska\u0107 miarodajne i por\u00f3wnywalne wyniki,<\/span>\n\t\t\t\t\t\t\t\t\t<\/li>\n\t\t\t\t\t\t\t\t<li class=\"elementor-icon-list-item\">\n\t\t\t\t\t\t\t\t\t\t\t<span class=\"elementor-icon-list-icon\">\n\t\t\t\t\t\t\t<i aria-hidden=\"true\" class=\"fas fa-check\"><\/i>\t\t\t\t\t\t<\/span>\n\t\t\t\t\t\t\t\t\t\t<span class=\"elementor-icon-list-text\">mo\u017cliwo\u015b\u0107 okre\u015blenia wp\u0142ywu badanej cz\u0105steczki na proliferacj\u0119 kom\u00f3rek oraz jej kinetyk\u0119,<\/span>\n\t\t\t\t\t\t\t\t\t<\/li>\n\t\t\t\t\t\t\t\t<li class=\"elementor-icon-list-item\">\n\t\t\t\t\t\t\t\t\t\t\t<span class=\"elementor-icon-list-icon\">\n\t\t\t\t\t\t\t<i aria-hidden=\"true\" class=\"fas fa-check\"><\/i>\t\t\t\t\t\t<\/span>\n\t\t\t\t\t\t\t\t\t\t<span class=\"elementor-icon-list-text\">mo\u017cliwo\u015b\u0107 wst\u0119pnego okre\u015blenia bezpiecze\u0144stwa produktu leczniczego,<\/span>\n\t\t\t\t\t\t\t\t\t<\/li>\n\t\t\t\t\t\t\t\t<li class=\"elementor-icon-list-item\">\n\t\t\t\t\t\t\t\t\t\t\t<span class=\"elementor-icon-list-icon\">\n\t\t\t\t\t\t\t<i aria-hidden=\"true\" class=\"fas fa-check\"><\/i>\t\t\t\t\t\t<\/span>\n\t\t\t\t\t\t\t\t\t\t<span class=\"elementor-icon-list-text\">zmniejszenie ryzyka wprowadzenia do fazy bada\u0144 klinicznych potencjalnych \u015brodk\u00f3w terapeutycznych, kt\u00f3re wywo\u0142ywa\u0142yby niekorzystne efekty uboczne na funkcjonowanie organizmu,<\/span>\n\t\t\t\t\t\t\t\t\t<\/li>\n\t\t\t\t\t\t\t\t<li class=\"elementor-icon-list-item\">\n\t\t\t\t\t\t\t\t\t\t\t<span class=\"elementor-icon-list-icon\">\n\t\t\t\t\t\t\t<i aria-hidden=\"true\" class=\"fas fa-check\"><\/i>\t\t\t\t\t\t<\/span>\n\t\t\t\t\t\t\t\t\t\t<span class=\"elementor-icon-list-text\">oszcz\u0119dno\u015b\u0107 czasu \u2013 eliminacja na wczesnym etapie rozwoju produktu tych cz\u0105steczek, kt\u00f3re s\u0105 toksyczne.<\/span>\n\t\t\t\t\t\t\t\t\t<\/li>\n\t\t\t\t\t\t<\/ul>\n\t\t\t\t<\/div>\n\t\t\t\t<\/div>\n\t\t\t\t\t<\/div>\n\t\t<\/div>\n\t\t\t\t\t\t\t<\/div>\n\t\t<\/section>\n\t\t\t\t<section class=\"elementor-section elementor-top-section elementor-element elementor-element-598d0fa elementor-section-boxed elementor-section-height-default elementor-section-height-default\" data-id=\"598d0fa\" data-element_type=\"section\">\n\t\t\t\t\t\t<div class=\"elementor-container elementor-column-gap-default\">\n\t\t\t\t\t<div class=\"elementor-column elementor-col-100 elementor-top-column elementor-element elementor-element-d076d6e\" data-id=\"d076d6e\" data-element_type=\"column\">\n\t\t\t<div class=\"elementor-widget-wrap elementor-element-populated\">\n\t\t\t\t\t\t\t\t<div class=\"elementor-element elementor-element-b8731cc elementor-widget elementor-widget-heading\" data-id=\"b8731cc\" data-element_type=\"widget\" data-widget_type=\"heading.default\">\n\t\t\t\t<div class=\"elementor-widget-container\">\n\t\t\t<h4 class=\"elementor-heading-title elementor-size-default\">Testy hepatotoksyczno\u015bci<\/h4>\t\t<\/div>\n\t\t\t\t<\/div>\n\t\t\t\t\t<\/div>\n\t\t<\/div>\n\t\t\t\t\t\t\t<\/div>\n\t\t<\/section>\n\t\t\t\t<section class=\"elementor-section elementor-top-section elementor-element elementor-element-216ab97 elementor-section-boxed elementor-section-height-default elementor-section-height-default\" data-id=\"216ab97\" data-element_type=\"section\">\n\t\t\t\t\t\t<div class=\"elementor-container elementor-column-gap-default\">\n\t\t\t\t\t<div class=\"elementor-column elementor-col-100 elementor-top-column elementor-element elementor-element-b22ca79\" data-id=\"b22ca79\" data-element_type=\"column\">\n\t\t\t<div class=\"elementor-widget-wrap elementor-element-populated\">\n\t\t\t\t\t\t\t\t<div class=\"elementor-element elementor-element-23baf4d elementor-widget elementor-widget-text-editor\" data-id=\"23baf4d\" data-element_type=\"widget\" data-widget_type=\"text-editor.default\">\n\t\t\t\t<div class=\"elementor-widget-container\">\n\t\t\t\t\t\t\t<p>Hepatotoksyczno\u015b\u0107 jest najcz\u0119stsz\u0105 przyczyn\u0105 wycofania zwi\u0105zku o w\u0142a\u015bciwo\u015bciach terapeutycznych w p\u00f3\u017anej fazie rozwoju produktu (z bada\u0144 statystycznych wynika, \u017ce dotyczy to ok. 30% wycofanych zwi\u0105zk\u00f3w). W naszej ofercie znajdziecie Pa\u0144stwo us\u0142ug\u0119 z zakresu badania wp\u0142ywu zwi\u0105zk\u00f3w na kom\u00f3rki w\u0105troby \u2013 hepatocyty. Kom\u00f3rki te zosta\u0142y wyprowadzone na drodze r\u00f3\u017cnicowania ludzkich indukowanych pluripotencjalnych kom\u00f3rek macierzystych (hiPSc).<\/p>\t\t\t\t\t\t<\/div>\n\t\t\t\t<\/div>\n\t\t\t\t\t<\/div>\n\t\t<\/div>\n\t\t\t\t\t\t\t<\/div>\n\t\t<\/section>\n\t\t\t\t<section class=\"elementor-section elementor-top-section elementor-element elementor-element-f58f224 elementor-section-boxed elementor-section-height-default elementor-section-height-default\" data-id=\"f58f224\" data-element_type=\"section\">\n\t\t\t\t\t\t<div class=\"elementor-container elementor-column-gap-default\">\n\t\t\t\t\t<div class=\"elementor-column elementor-col-100 elementor-top-column elementor-element elementor-element-4b2caa2\" data-id=\"4b2caa2\" data-element_type=\"column\">\n\t\t\t<div class=\"elementor-widget-wrap elementor-element-populated\">\n\t\t\t\t\t\t\t\t<div class=\"elementor-element elementor-element-71a43f9 elementor-widget elementor-widget-heading\" data-id=\"71a43f9\" data-element_type=\"widget\" data-widget_type=\"heading.default\">\n\t\t\t\t<div class=\"elementor-widget-container\">\n\t\t\t<h4 class=\"elementor-heading-title elementor-size-default\">Testy neurotoksyczno\u015bci<\/h4>\t\t<\/div>\n\t\t\t\t<\/div>\n\t\t\t\t\t<\/div>\n\t\t<\/div>\n\t\t\t\t\t\t\t<\/div>\n\t\t<\/section>\n\t\t\t\t<section class=\"elementor-section elementor-top-section elementor-element elementor-element-d136451 elementor-section-boxed elementor-section-height-default elementor-section-height-default\" data-id=\"d136451\" data-element_type=\"section\">\n\t\t\t\t\t\t<div class=\"elementor-container elementor-column-gap-default\">\n\t\t\t\t\t<div class=\"elementor-column elementor-col-100 elementor-top-column elementor-element elementor-element-9c30d4a\" data-id=\"9c30d4a\" data-element_type=\"column\">\n\t\t\t<div class=\"elementor-widget-wrap elementor-element-populated\">\n\t\t\t\t\t\t\t\t<div class=\"elementor-element elementor-element-1a57eba elementor-widget elementor-widget-text-editor\" data-id=\"1a57eba\" data-element_type=\"widget\" data-widget_type=\"text-editor.default\">\n\t\t\t\t<div class=\"elementor-widget-container\">\n\t\t\t\t\t\t\t<p>Tkanka nerwowa zbudowana jest z kom\u00f3rek o wysokiej wra\u017cliwo\u015bci na toksyczne dzia\u0142anie substancji. W zwi\u0105zku z tym bardzo wa\u017cnym elementem badania nowego zwi\u0105zku o potencjale terapeutycznym, jest zbadanie jego wp\u0142ywu na kom\u00f3rki nerwowe.<br \/>W tym celu firma Celther Polska opracowa\u0142a test neurotoksyczno\u015bci oparty na wykorzystaniu ludzkich indukowanych nerwowych kom\u00f3rek macierzystych (iNSc) wyprowadzonych z hiPSc.<\/p>\t\t\t\t\t\t<\/div>\n\t\t\t\t<\/div>\n\t\t\t\t\t<\/div>\n\t\t<\/div>\n\t\t\t\t\t\t\t<\/div>\n\t\t<\/section>\n\t\t\t\t<section class=\"elementor-section elementor-top-section elementor-element elementor-element-c7ad8e1 elementor-section-boxed elementor-section-height-default elementor-section-height-default\" data-id=\"c7ad8e1\" data-element_type=\"section\">\n\t\t\t\t\t\t<div class=\"elementor-container elementor-column-gap-default\">\n\t\t\t\t\t<div class=\"elementor-column elementor-col-100 elementor-top-column elementor-element elementor-element-849230c\" data-id=\"849230c\" data-element_type=\"column\">\n\t\t\t<div class=\"elementor-widget-wrap elementor-element-populated\">\n\t\t\t\t\t\t\t\t<div class=\"elementor-element elementor-element-3aebd2d elementor-widget elementor-widget-heading\" data-id=\"3aebd2d\" data-element_type=\"widget\" data-widget_type=\"heading.default\">\n\t\t\t\t<div class=\"elementor-widget-container\">\n\t\t\t<h4 class=\"elementor-heading-title elementor-size-default\">Testy kardiotoksyczno\u015bci<\/h4>\t\t<\/div>\n\t\t\t\t<\/div>\n\t\t\t\t\t<\/div>\n\t\t<\/div>\n\t\t\t\t\t\t\t<\/div>\n\t\t<\/section>\n\t\t\t\t<section class=\"elementor-section elementor-top-section elementor-element elementor-element-6575976 elementor-section-boxed elementor-section-height-default elementor-section-height-default\" data-id=\"6575976\" data-element_type=\"section\">\n\t\t\t\t\t\t<div class=\"elementor-container elementor-column-gap-default\">\n\t\t\t\t\t<div class=\"elementor-column elementor-col-100 elementor-top-column elementor-element elementor-element-31318c2\" data-id=\"31318c2\" data-element_type=\"column\">\n\t\t\t<div class=\"elementor-widget-wrap elementor-element-populated\">\n\t\t\t\t\t\t\t\t<div class=\"elementor-element elementor-element-c11eebd elementor-widget elementor-widget-text-editor\" data-id=\"c11eebd\" data-element_type=\"widget\" data-widget_type=\"text-editor.default\">\n\t\t\t\t<div class=\"elementor-widget-container\">\n\t\t\t\t\t\t\t<p>Oferowane przez nasz zesp\u00f3\u0142 testy kardiotoksyczno\u015bci oparte s\u0105 na badaniu wp\u0142ywu zwi\u0105zku na ludzkie indukowane kardiomiocyty zr\u00f3\u017cnicowane z hiPSc. Kom\u00f3rki te s\u0105 w szczeg\u00f3lno\u015bci stworzone do wspierania bada\u0144 nad nowym lekiem, do badania jego efektywno\u015bci i poziomu toksyczno\u015bci. Dzi\u0119ki temu ju\u017c na wczesnym etapie rozwoju produktu o potencjale terapeutycznym, mo\u017cna wyeliminowa\u0107 z dalszych bada\u0144 te cz\u0105steczki, kt\u00f3re wykaza\u0142y w\u0142a\u015bciwo\u015bci toksyczne na kom\u00f3rki, a tym samym zaoszcz\u0119dzi\u0107 czas i \u015brodki w dalszych badaniach.<\/p>\t\t\t\t\t\t<\/div>\n\t\t\t\t<\/div>\n\t\t\t\t\t<\/div>\n\t\t<\/div>\n\t\t\t\t\t\t\t<\/div>\n\t\t<\/section>\n\t\t\t\t<section class=\"elementor-section elementor-top-section elementor-element elementor-element-963496d elementor-section-boxed elementor-section-height-default elementor-section-height-default\" data-id=\"963496d\" data-element_type=\"section\">\n\t\t\t\t\t\t<div class=\"elementor-container elementor-column-gap-default\">\n\t\t\t\t\t<div class=\"elementor-column elementor-col-100 elementor-top-column elementor-element elementor-element-e293a52\" data-id=\"e293a52\" data-element_type=\"column\">\n\t\t\t<div class=\"elementor-widget-wrap elementor-element-populated\">\n\t\t\t\t\t\t\t\t<div class=\"elementor-element elementor-element-a7e37cf elementor-widget elementor-widget-heading\" data-id=\"a7e37cf\" data-element_type=\"widget\" data-widget_type=\"heading.default\">\n\t\t\t\t<div class=\"elementor-widget-container\">\n\t\t\t<h4 class=\"elementor-heading-title elementor-size-default\">Testy cytotoksyczno\u015bci przeprowadzane na ludzkich pierwotnych nowotworowych liniach kom\u00f3rkowych<\/h4>\t\t<\/div>\n\t\t\t\t<\/div>\n\t\t\t\t\t<\/div>\n\t\t<\/div>\n\t\t\t\t\t\t\t<\/div>\n\t\t<\/section>\n\t\t\t\t<section class=\"elementor-section elementor-top-section elementor-element elementor-element-e475847 elementor-section-boxed elementor-section-height-default elementor-section-height-default\" data-id=\"e475847\" data-element_type=\"section\">\n\t\t\t\t\t\t<div class=\"elementor-container elementor-column-gap-default\">\n\t\t\t\t\t<div class=\"elementor-column elementor-col-100 elementor-top-column elementor-element elementor-element-8f1e3a7\" data-id=\"8f1e3a7\" data-element_type=\"column\">\n\t\t\t<div class=\"elementor-widget-wrap elementor-element-populated\">\n\t\t\t\t\t\t\t\t<div class=\"elementor-element elementor-element-b503051 elementor-widget elementor-widget-text-editor\" data-id=\"b503051\" data-element_type=\"widget\" data-widget_type=\"text-editor.default\">\n\t\t\t\t<div class=\"elementor-widget-container\">\n\t\t\t\t\t\t\t<p>Oferujemy przeprowadzenie test\u00f3w cytotoksyczno\u015bci r\u00f3\u017cnych zwi\u0105zk\u00f3w na nowotworowych liniach kom\u00f3rkowych, co umo\u017cliwia ocen\u0119 ich w\u0142a\u015bciwo\u015bci przeciwnowotworowych. Dodatkowo przeprowadzamy tak\u017ce badanie cytotoksyczno\u015bci na prawid\u0142owych liniach kom\u00f3rkowych. <\/p>\n<p>Ka\u017cd\u0105 ofert\u0119 badania dostosowujemy do potrzeb klienta. Indywidualnie ustalamy zakres st\u0119\u017ce\u0144, ilo\u015b\u0107 punkt\u00f3w czasowych oraz liczb\u0119 powt\u00f3rze\u0144.<\/p>\t\t\t\t\t\t<\/div>\n\t\t\t\t<\/div>\n\t\t\t\t\t<\/div>\n\t\t<\/div>\n\t\t\t\t\t\t\t<\/div>\n\t\t<\/section>\n\t\t\t\t\t\t\t<\/div>\n\t\t","protected":false},"excerpt":{"rendered":"<p>Jednym z powod\u00f3w, dla kt\u00f3rego cz\u0105steczka o potencjalnych w\u0142a\u015bciwo\u015bciach terapeutycznych nie przechodzi kolejnego etapu bada\u0144, jest jej toksyczny efekt na kom\u00f3rki. Zidentyfikowanie potencjalnej toksyczno\u015bci nowej cz\u0105steczki na wczesnym etapie rozwoju produktu pomo\u017ce zaoszcz\u0119dzi\u0107 czas i \u015brodki, jakie poch\u0142on\u0119\u0142yby dalsze badania. Zalety przeprowadzania test\u00f3w toksyczno\u015bci in vitro: dostarczaj\u0105 niezb\u0119dnych informacji na temat proces\u00f3w kom\u00f3rkowych i molekularnych, &hellip;<\/p>\n<p class=\"read-more\"> <a class=\"\" href=\"https:\/\/celther.com\/index.php\/testy-toksycznosci-in-vitro\/\"> <span class=\"screen-reader-text\">TESTY TOKSYCZNO\u015aCI IN VITRO<\/span> Read More &raquo;<\/a><\/p>\n","protected":false},"author":1,"featured_media":0,"parent":0,"menu_order":0,"comment_status":"closed","ping_status":"closed","template":"","meta":[],"_links":{"self":[{"href":"https:\/\/celther.com\/index.php\/wp-json\/wp\/v2\/pages\/1208"}],"collection":[{"href":"https:\/\/celther.com\/index.php\/wp-json\/wp\/v2\/pages"}],"about":[{"href":"https:\/\/celther.com\/index.php\/wp-json\/wp\/v2\/types\/page"}],"author":[{"embeddable":true,"href":"https:\/\/celther.com\/index.php\/wp-json\/wp\/v2\/users\/1"}],"replies":[{"embeddable":true,"href":"https:\/\/celther.com\/index.php\/wp-json\/wp\/v2\/comments?post=1208"}],"version-history":[{"count":0,"href":"https:\/\/celther.com\/index.php\/wp-json\/wp\/v2\/pages\/1208\/revisions"}],"wp:attachment":[{"href":"https:\/\/celther.com\/index.php\/wp-json\/wp\/v2\/media?parent=1208"}],"curies":[{"name":"wp","href":"https:\/\/api.w.org\/{rel}","templated":true}]}}